{"id":681,"date":"2021-04-03T20:48:58","date_gmt":"2021-04-03T23:48:58","guid":{"rendered":"http:\/\/www.ime.usp.br\/~tcco\/?page_id=681"},"modified":"2024-09-03T10:21:38","modified_gmt":"2024-09-03T13:21:38","slug":"picme-em-combinatoria","status":"publish","type":"page","link":"https:\/\/www.ime.usp.br\/~tcco\/picme-em-combinatoria\/","title":{"rendered":"IC\/PICME em Combinat\u00f3ria"},"content":{"rendered":"\n<p>Bem vindo ao portal do IC\/PICME em Combinat\u00f3ria do <a href=\"http:\/\/www.ime.usp.br\/\" target=\"_blank\" rel=\"noopener noreferrer\">Instituto de Matem\u00e1tica e Estat\u00edstica<\/a>\u00a0da\u00a0<a href=\"http:\/\/www.usp.br\/\" target=\"_blank\" rel=\"noopener noreferrer\">Universidade de S\u00e3o Paulo<\/a>.<\/p>\n<p><strong>Esta p\u00e1gina <a href=\"https:\/\/combo.ime.usp.br\/ic\/\">migrou para este local<\/a> (esta p\u00e1gina n\u00e3o ser\u00e1 mais atualizada.)<\/strong><\/p>\n<p>O grupo de estudo em combinat\u00f3ria do PICME\/IME\/USP \u00e9 organizado por\u00a0<a href=\"https:\/\/www.ime.usp.br\/~mota\/\" target=\"_blank\" rel=\"noopener\">Guilherme Oliveira Mota<\/a> e <a href=\"https:\/\/www.ime.usp.br\/~yoshi\/\" target=\"_blank\" rel=\"noopener\">Yoshiharu Kohayakawa<\/a>, do grupo de\u00a0<a href=\"https:\/\/www.ime.usp.br\/~tcco\" target=\"_blank\" rel=\"noopener noreferrer\">Teoria da Computa\u00e7\u00e3o, Combinat\u00f3ria e Otimiza\u00e7\u00e3o<\/a>\u00a0do\u00a0<a href=\"http:\/\/www.ime.usp.br\/dcc\" target=\"_blank\" rel=\"noopener noreferrer\">Departamento de Ci\u00eancia da Computa\u00e7\u00e3o<\/a>\u00a0do\u00a0<a href=\"http:\/\/www.ime.usp.br\/\" target=\"_blank\" rel=\"noopener noreferrer\">IME-USP<\/a>.\u00a0<\/p>\n<p>Nosso objetivo \u00e9 colocar os alunos participantes em contato com resultados cl\u00e1ssicos importantes em matem\u00e1tica discreta e combinat\u00f3ria (interpretado de forma bastante ampla), bem como discutir resultados interessantes de ponta, tendo sempre em vista desenvolver um bom gosto em matem\u00e1tica.<\/p>\n<p>O PICME em Combinat\u00f3ria \u00e9 apoiado pelo\u00a0<a href=\"http:\/\/www.ime.usp.br\/\" target=\"_blank\" rel=\"noopener noreferrer\">Instituto de Matem\u00e1tica e Estat\u00edstica<\/a>\u00a0da Universidade de S\u00e3o Paulo.<\/p>\n<p>No primeiro semestre de 2023, nossas reuni\u00f5es acontecem no Audit\u00f3rio Imre Simon (CCSL, IME\/USP) \u00e0s 16h.<\/p>\n<p>Todos os interessados s\u00e3o bem-vindos!<\/p>\n<h2><strong>Semin\u00e1rios &#8211; 2023<\/strong><\/h2>\n<ul>\n<li>8\/12\/2023: <span style=\"font-size: 1rem;\">Th\u00e9o Bor\u00e9m Fabris (excepcionalmente na sala B144)<\/span><br \/><em>O produto zig-zag e passeios aleat\u00f3rios em grafos<\/em><\/li>\n<li>1\/12\/2023: Afonso Lima dos Santos Sant&#8217;Anna<br \/><em>Uma constru\u00e7\u00e3o expl\u00edcita de grafos com n\u00famero crom\u00e1tico alto e cintura grande<\/em><\/li>\n<li>24\/11\/2023: <em style=\"font-size: 1rem;\">N\u00e3o haver\u00e1 reuni\u00e3o<\/em><\/li>\n<li>17\/11\/2023: <em style=\"font-size: 1rem;\">N\u00e3o haver\u00e1 reuni\u00e3o<\/em><span style=\"font-size: 1rem;\">\u00a0(YK fora do pa\u00eds)<\/span><\/li>\n<li>10\/11\/2023: Marcelo Machado Lage<br \/><em>C\u00f3pias de um subgrafo fixo em um grafo de tamanho dado<\/em><\/li>\n<li>3\/11\/2023: <em style=\"font-size: 1rem;\">N\u00e3o haver\u00e1 reuni\u00e3o<\/em><span style=\"font-size: 1rem;\"> (ponte 2\/11)<\/span><\/li>\n<li>27\/10\/2023: <span style=\"font-size: 1rem;\">Th\u00e9o Bor\u00e9m Fabris (local: Gilioli)<\/span><br \/><em>Universalidade de grafos de Ramsey<\/em><\/li>\n<li>20\/10\/2023: <i>N\u00e3o haver\u00e1 reuni\u00e3o<\/i><\/li>\n<li>13\/10\/2023: <em>Ponte<\/em> (Dia de Nossa Senhora Aparecida)<\/li>\n<li>6\/10\/2023: <i style=\"font-size: 1rem;\">N\u00e3o haver\u00e1 reuni\u00e3o <\/i><span style=\"font-size: 1rem;\">(greve discente)<\/span><\/li>\n<li>29\/9\/2023: <i>N\u00e3o haver\u00e1 reuni\u00e3o <\/i>(greve discente)<\/li>\n<li>22\/9\/2023:\u00a0<em>N\u00e3o haver\u00e1 reuni\u00e3o<\/em><\/li>\n<li>15\/9\/2023: <i>N\u00e3o haver\u00e1 reuni\u00e3o\u00a0<\/i>(1a Escola Brasileira de Combinat\u00f3ria)<\/li>\n<li>8\/9\/2023: <em>N\u00e3o haver\u00e1 reuni\u00e3o<\/em> (ponte 7\/9)<\/li>\n<li>1\/9\/2023: Ian Ribeiro de Faria Leite<br \/><em>Algoritmos de online market clearing (cont.)<\/em><\/li>\n<li>25\/8\/2023: Ian Ribeiro de Faria Leite (excepcionalmente na sala B7)<br \/><em>Algoritmos de online market clearing (cont.)<\/em><\/li>\n<li>18\/8\/2023: Lu\u00eds Eduardo Dorneles Fauth (excepcionalmente na sala B7)<br \/><em>O teorema de Dol&#8217;nikov (cont.)<\/em><\/li>\n<li>30\/6\/2023: Lu\u00eds Eduardo Dorneles Fauth<br \/><em>O teorema de Dol&#8217;nikov<\/em><\/li>\n<li>23\/6\/2023: (<i>Defesa de Rafael Kazuhiro Miyazaki <\/i>(<i>14:00, Sala 267, Bloco A<\/i>))<\/li>\n<li>16\/6\/2023: Ian Ribeiro de Faria Leite<br \/><em>Algoritmos de online market clearing<\/em><\/li>\n<li>9\/6\/2023: <em>Ponte<\/em> (<em>Corpus Christi<\/em>)<\/li>\n<li>2\/6\/2023: Victor Manuel Dias Saliba<br \/><em>O teorema da curva de Jordan: uma prova topol\u00f3gica (cont.)<\/em><\/li>\n<li>26\/5\/2023: Victor Manuel Dias Saliba (excepcionalmente na sala B144)<br \/><em>O teorema da curva de Jordan: uma prova topol\u00f3gica<\/em><\/li>\n<li>19\/5\/2023: Willian Miura Mori<br \/><em style=\"font-size: 1rem;\">O teorema de Erd\u0151s, Ginzburg e Ziv<\/em><\/li>\n<li>12\/5\/2023: Marcelo Machado Lage<br \/><em style=\"font-size: 1rem;\">O resultado de Gilmer sobre uma conjectura de Frankl<\/em><\/li>\n<li>5\/5\/2023: Sebasti\u00e3o Fr\u00f3es<br \/><em>Teoria de Ramsey para m\u00faltiplos cliques<\/em><\/li>\n<li>28\/4\/2023: <span style=\"font-size: 1rem;\">Th\u00e9o Bor\u00e9m Fabris<\/span><br \/><i>Epsilon-nets e aprendizado computacional (cont.)<\/i><\/li>\n<li>21\/4\/2023: <em>Tiradentes<\/em><\/li>\n<li>14\/4\/2023: <span style=\"font-size: 1rem;\">Th\u00e9o Bor\u00e9m Fabris<\/span><br \/><i>Epsilon-nets e aprendizado computacional<\/i><\/li>\n<li>7\/4\/2023:\u00a0<em style=\"font-size: 1rem;\">Semana Santa<\/em><\/li>\n<li>31\/3\/2023: Yoshiharu Kohayakawa<br \/><i>Configura\u00e7\u00f5es de pontos no plano<\/i><\/li>\n<li>24\/3\/2023: <em style=\"font-size: 1rem;\">N\u00e3o haver\u00e1 reuni\u00e3o\u00a0<\/em>(greve do Metr\u00f4)<\/li>\n<\/ul>\n<h2><strong>Semin\u00e1rios &#8211; 2022<\/strong><\/h2>\n<ul>\n<li>9\/12\/2022: Zake Marin Domit<br \/><i>F\u00f3rmula de Cayley e outros resultados sobre \u00e1rvores<\/i><\/li>\n<li>2\/12\/2022:\u00a0<em>N\u00e3o haver\u00e1 reuni\u00e3o\u00a0<\/em>(jogo da copa)<\/li>\n<li>25\/11\/2022: Ian Ribeiro de Faria Leite<br \/><i>O problema das secret\u00e1rias e emparelhamentos online em grafos bipartidos<\/i><\/li>\n<li>18\/11\/2022:\u00a0<em>N\u00e3o haver\u00e1 reuni\u00e3o\u00a0<\/em>(segundo dia da OBM)<\/li>\n<li><span style=\"font-size: 1rem;\">11\/11\/2022:\u00a0<\/span><em style=\"font-size: 1rem;\">N\u00e3o haver\u00e1 reuni\u00e3o<\/em><\/li>\n<li>4\/11\/2022: Victor Manuel Dias Saliba<br \/><i>Complexos simpliciais e o Lema de Tucker<\/i><\/li>\n<li>28\/10\/2022: <em>N\u00e3o haver\u00e1 reuni\u00e3o<\/em>\u00a0(Feriado)<\/li>\n<li>21\/10\/2022: La\u00eds Nuto Rossman<br \/><i><em>Hat guessing games (cont.)<\/em><\/i><\/li>\n<li>14\/10\/2022: <em>N\u00e3o haver\u00e1 reuni\u00e3o<\/em> (Semana de Break)<\/li>\n<li>7\/10\/2022: Willian Miura Mori<br \/><em>Hat guessing games<\/em><\/li>\n<li>30\/9\/2022: <span style=\"font-size: 1rem;\">Th\u00e9o Bor\u00e9m Fabris<\/span><br \/><i>Teoria da dualidade e programa\u00e7\u00e3o inteira<\/i><\/li>\n<li>23\/9\/2022: Marcelo Machado Lage<br \/><i>Chip-firing em grafos dirigidos<\/i><\/li>\n<li>16\/9\/2022: Ian Ribeiro de Faria Leite<br \/><i>O problema dos roommates est\u00e1veis<\/i><\/li>\n<li>9\/9\/2022: <em style=\"font-size: 1rem;\">N\u00e3o haver\u00e1 reuni\u00e3o\u00a0<\/em><span style=\"font-size: 1rem;\">(Semana da P\u00e1tria)<\/span><\/li>\n<li>2\/9\/2022: Yoshiharu Kohayakawa<br \/><i>Alguns resultados de Erd\u0151s com demonstra\u00e7\u00f5es acess\u00edveis<\/i><\/li>\n<li>17\/6\/2022: <em>N\u00e3o haver\u00e1 reuni\u00e3o\u00a0<\/em>(ponte Corpus Christi)<\/li>\n<li>10\/6\/2022: Ian Ribeiro de Faria Leite<br \/><i>\u00a0An\u00e1lise de algoritmos e o problema do emparelhamento est\u00e1vel (cont.)<\/i><\/li>\n<li>3\/6\/2022: Ian Ribeiro de Faria Leite<br \/><i>\u00a0An\u00e1lise de algoritmos e o problema do emparelhamento est\u00e1vel<\/i><\/li>\n<li>27\/5\/2022: <i>\u00a0N\u00e3o haver\u00e1 reuni\u00e3o<\/i><\/li>\n<li>20\/5\/2022: Th\u00e9o Bor\u00e9m Fabris<br \/><i>Teorema minimax de von Neumann (cont.)<\/i><\/li>\n<li>13\/5\/2022: Izaque Sena dos Santos e Th\u00e9o Bor\u00e9m Fabris<br \/><i>A forma normal conjuntiva e o algoritmo de satisfatibilidade de f\u00f3rmulas de Horn (cont.); Teorema minimax de von Neumann<\/i><\/li>\n<li>6\/5\/2022: <i>N\u00e3o haver\u00e1 reuni\u00e3o<\/i><\/li>\n<li>29\/4\/2022: Izaque Sena dos Santos<br \/><i>A forma normal conjuntiva e o algoritmo de satisfatibilidade de f\u00f3rmulas de Horn<\/i><\/li>\n<li>22\/4\/2022: <i>N\u00e3o haver\u00e1 reuni\u00e3o (recesso escolar)<\/i><\/li>\n<li>15\/4\/2022: <em>Semana Santa<\/em><\/li>\n<li>8\/4\/2022: Yoshiharu Kohayakawa<br \/><i>Capacidade de Shannon e representa\u00e7\u00f5es ortogonais de grafos (cont.)<\/i><\/li>\n<li>1\/4\/2022: Yoshiharu Kohayakawa<br \/><i>Capacidade de Shannon e representa\u00e7\u00f5es ortogonais de grafos<\/i><\/li>\n<\/ul>\n<h2>Semin\u00e1rios &#8211; 2021<\/h2>\n<p>Os semin\u00e1rios do PICME ocorrem usualmente toda sexta-feira \u00e0s 14:00 horas. Devido \u00e0 pandemia, os semin\u00e1rios est\u00e3o acontecendo de forma online.<\/p>\n<ul>\n<li>17\/12\/2021:\u00a0Ian Ribeiro de Faria Leite\u00a0<br \/><i>An\u00e1lise de algoritmos e o problema do emparelhamento est\u00e1vel (cont.)<\/i><\/li>\n<li>10\/12\/2021:\u00a0Ian Ribeiro de Faria Leite\u00a0<br \/><i>An\u00e1lise de algoritmos e o problema do emparelhamento est\u00e1vel<\/i><\/li>\n<li>3\/12\/2021: Victor Manuel Dias Saliba<br \/><i>Fun\u00e7\u00f5es limiares e fam\u00edlias crescentes de grafos<\/i><\/li>\n<li>26\/11\/2021: <span style=\"font-size: 1rem;\">Th\u00e9o Bor\u00e9m Fabris<\/span><br \/><i>Emparelhamento m\u00e1ximo em grafos: o algoritmo de Edmonds (cont.)<\/i><\/li>\n<li>19\/11\/2021: <em>Break<\/em><\/li>\n<li>12\/11\/2021: <span style=\"font-size: 1rem;\">Th\u00e9o Bor\u00e9m Fabris<\/span><br \/><i>Emparelhamento m\u00e1ximo em grafos: o algoritmo de Edmonds (cont.)<\/i><\/li>\n<li>5\/11\/2021: <span style=\"font-size: 1rem;\">Th\u00e9o Bor\u00e9m Fabris<\/span><br \/><i>Emparelhamento m\u00e1ximo em grafos: o algoritmo de Edmonds<\/i><\/li>\n<li>29\/10\/2021: Arthur Gon\u00e7alves Diesel<br \/><i>N\u00fameros construt\u00edveis e a quadratura do c\u00edrculo<\/i><\/li>\n<li>22\/10\/2021: Joel Soares Moreira<br \/><i>Teoria de modelos: o teorema da compacidade (cont.)<\/i><\/li>\n<li>15\/10\/2021: Joel Soares Moreira<br \/><i>Teoria de modelos: o teorema da compacidade<\/i><\/li>\n<li>8\/10\/2021: Arthur Gon\u00e7alves Diesel<br \/><i>A\u00a0transcendentalidade de \\(\\pi\\) (cont.)<\/i><\/li>\n<li>1\/10\/2021: Bruno Baldissera Carlotto \/ Arthur Gon\u00e7alves Diesel<br \/><i>O teorema de Erd\u0151s e Stone (cont.) \/ A\u00a0transcendentalidade de \\(\\pi\\)<\/i><\/li>\n<li>24\/9\/2021: Bruno Baldissera Carlotto<br \/><i>O teorema de Erd\u0151s e Stone (cont.)<\/i><\/li>\n<li>17\/9\/2021: Th\u00e9o Bor\u00e9m Fabris \/ Bruno Baldissera Carlotto<br \/><i>Emparelhamento m\u00e1ximo em grafos bipartidos: o algoritmo de Hopcroft e Karp (cont.) \/ O teorema de Erd\u0151s e Stone<\/i><\/li>\n<li>10\/9\/2021: Th\u00e9o Bor\u00e9m Fabris<br \/><i>Emparelhamento m\u00e1ximo em grafos bipartidos: o algoritmo de Hopcroft e Karp<\/i><\/li>\n<li>3\/9\/2021: Yoshiharu Kohayakawa<br \/><i>O\u00a0teorema de Cantor, Bernstein, Schr\u00f6der e Banach<\/i><\/li>\n<li>27\/8\/2021: Victor Manuel Dias Saliba<br \/><i>Enumerabilidade de conjuntos: uma breve introdu\u00e7\u00e3o ao infinito\u00a0<\/i><\/li>\n<li>20\/8\/2021: Arthur Gon\u00e7alves Diesel<br \/><i>A\u00a0transcendentalidade de \\(e\\)<\/i><\/li>\n<li>30\/7\/2021: <span style=\"font-size: 1rem;\">Bruno Baldissera Carlotto<\/span><br \/><i>Explorando linguagens e suas m\u00e1quinas: mais sobre linguagens\u00a0regulares e livres de contexto (cont.)<\/i><\/li>\n<li>23\/7\/2021: <span style=\"font-size: 1rem;\">Th\u00e9o Bor\u00e9m Fabris \/ Bruno Baldissera Carlotto<\/span><br \/><i>Emparelhamento em grafos e o Teorema de Tutte (cont.) \/ Explorando linguagens e suas m\u00e1quinas: mais sobre linguagens\u00a0regulares e livres de contexto<\/i><\/li>\n<li>16\/7\/2021: <span style=\"font-size: 1rem;\">Th\u00e9o Bor\u00e9m Fabris<\/span><br \/><i>Emparelhamento em grafos e o Teorema de Tutte<\/i><\/li>\n<li>9\/7\/2021: N\u00e3o haver\u00e1 reuni\u00e3o (feriado em SP)<\/li>\n<li>2\/7\/2021: Joel Soares Moreira<br \/><i>Uma\u00a0introdu\u00e7\u00e3o \u00e0 teoria dos modelos<\/i><\/li>\n<li>25\/6\/2021: Yoshiharu Kohayakawa<br \/><i>M\u00e1quinas de Turing e indecidibilidade<\/i><\/li>\n<li>18\/6\/2021: Jonas Rodrigues Lima Gon\u00e7alves<br \/><em>Aut\u00f4matos: DFAs, NFAs e o lema do bombeamento<\/em><\/li>\n<li>11\/6\/2021: Isabella B. do Amaral<br \/><em>Uma explora\u00e7\u00e3o de propriedades e m\u00e9todos em grafos aleat\u00f3rios<\/em><\/li>\n<li>4\/6\/2021: N\u00e3o haver\u00e1 reuni\u00e3o<\/li>\n<li>28\/5\/2021: Yoshiharu Kohayakawa<br \/><em>O postulado de Bertrand<\/em><\/li>\n<li>21\/5\/2021: N\u00e3o haver\u00e1 reuni\u00e3o (<a href=\"http:\/\/eventos.ufabc.edu.br\/lagos2021\/index.html\" target=\"_blank\" rel=\"noopener\">LAGOS 2021<\/a>)<\/li>\n<li><span style=\"font-size: 1rem;\">14\/5\/2021: Arthur Gon\u00e7alves Diesel<\/span><br \/><em>A infinitude dos primos<\/em><\/li>\n<li>7\/5\/2021: Rodrigo Aparecido Enju<br \/><em>Constru\u00e7\u00f5es de grafos livres de tri\u00e2ngulos e com n\u00famero crom\u00e1tico grande<\/em><\/li>\n<li>30\/4\/2021: Bruno Baldissera Carlotto<br \/><em>Um pouco sobre grafos aleat\u00f3rios: grafos com n\u00famero crom\u00e1tico alto e cintura larga<\/em><\/li>\n<li>23\/4\/2021: Th\u00e9o Bor\u00e9m Fabris<br \/><em>Conexidade em grafos e um teorema de Mader<\/em><\/li>\n<li>16\/4\/2021: Yoshiharu Kohayakawa<br \/><em>A distribui\u00e7\u00e3o binomial e desigualdades de Chernoff<\/em><\/li>\n<\/ul>\n<h2>Notas &#8211; reuni\u00f5es passadas<\/h2>\n<p>Abaixo voc\u00ea tem acesso \u00e0s notas de aula produzidas em anos anteriores.<\/p>\n<ul>\n<li><a href=\"https:\/\/www.ime.usp.br\/~tcco\/wp-content\/uploads\/2021\/04\/combinatoria2017-2.pdf\">2017 &#8211; semestre 2<\/a><\/li>\n<li><a href=\"https:\/\/www.ime.usp.br\/~tcco\/wp-content\/uploads\/2021\/04\/combinatoria2017-1.pdf\"> 2017 &#8211; semestre 1<\/a><\/li>\n<li><a href=\"https:\/\/www.ime.usp.br\/~tcco\/wp-content\/uploads\/2021\/04\/combinatoria2016-2.pdf\">2016 &#8211; semestre 2<\/a><\/li>\n<li><a href=\"https:\/\/www.ime.usp.br\/~tcco\/wp-content\/uploads\/2021\/04\/combinatoria2016-1.pdf\">2016 &#8211; semestre 1<\/a><\/li>\n<li><a href=\"https:\/\/www.ime.usp.br\/~tcco\/wp-content\/uploads\/2021\/04\/combinatoria2015-2.pdf\">2015 &#8211; semestre 2<\/a><\/li>\n<li><a href=\"https:\/\/www.ime.usp.br\/~tcco\/wp-content\/uploads\/2021\/04\/combinatoria2015-1.pdf\">2015 &#8211; semestre 1<\/a><\/li>\n<li><a href=\"https:\/\/www.ime.usp.br\/~tcco\/wp-content\/uploads\/2021\/04\/combinatoria2014-2.pdf\">2014 &#8211; semestre 2<\/a><\/li>\n<li><a href=\"https:\/\/www.ime.usp.br\/~tcco\/wp-content\/uploads\/2021\/04\/combinatoria2014-1.pdf\">2014 &#8211; semestre 1<\/a><\/li>\n<li><a href=\"https:\/\/www.ime.usp.br\/~tcco\/wp-content\/uploads\/2021\/04\/combinatoria2013-2.pdf\">2013 &#8211; semestre 2<\/a><\/li>\n<li><a href=\"https:\/\/www.ime.usp.br\/~tcco\/wp-content\/uploads\/2021\/04\/combinatoria2013-1.pdf\">2013 &#8211; semestre 1<\/a><\/li>\n<li><a href=\"https:\/\/www.ime.usp.br\/~tcco\/wp-content\/uploads\/2021\/04\/combinatoria2012.pdf\">2012 &#8211; semestre 1<\/a><\/li>\n<li><a href=\"https:\/\/www.ime.usp.br\/~tcco\/wp-content\/uploads\/2021\/04\/combinatoria2011-2.pdf\">2011 &#8211; semestre 2<\/a><\/li>\n<li><a href=\"https:\/\/www.ime.usp.br\/~tcco\/wp-content\/uploads\/2021\/04\/combinatoria2011-1.pdf\">2011 &#8211; semestre 1<\/a><\/li>\n<li><a href=\"https:\/\/www.ime.usp.br\/~tcco\/wp-content\/uploads\/2021\/04\/combinatoria2010-2.pdf\">2010 &#8211; semestre 2<\/a><\/li>\n<li><a href=\"https:\/\/www.ime.usp.br\/~tcco\/wp-content\/uploads\/2021\/04\/combinatoria2010-1.pdf\">2010 &#8211; semestre 1<\/a><\/li>\n<li><a href=\"https:\/\/www.ime.usp.br\/~tcco\/wp-content\/uploads\/2021\/04\/combinatoria2009.pdf\">2009 &#8211; semestre 1 e 2<\/a><\/li>\n<\/ul>\n<p><a href=\"http:\/\/www.ime.usp.br\/~yoshi\/PICME\/Combinatoria\/\">Aqui<\/a> voc\u00ea encontra informa\u00e7\u00f5es sobre encontros anteriores.<\/p>\n\n\n<p><\/p>\n","protected":false},"excerpt":{"rendered":"<p>Bem vindo ao portal do IC\/PICME em Combinat\u00f3ria do Instituto de Matem\u00e1tica e Estat\u00edstica\u00a0da\u00a0Universidade de S\u00e3o Paulo. Esta p\u00e1gina migrou para este local (esta p\u00e1gina n\u00e3o ser\u00e1 mais atualizada.) O grupo de estudo em combinat\u00f3ria do PICME\/IME\/USP \u00e9 organizado por\u00a0Guilherme Oliveira Mota e Yoshiharu Kohayakawa, do grupo de\u00a0Teoria da Computa\u00e7\u00e3o, Combinat\u00f3ria e Otimiza\u00e7\u00e3o\u00a0do\u00a0Departamento de Ci\u00eancia [&hellip;]<\/p>\n","protected":false},"author":5,"featured_media":0,"parent":0,"menu_order":0,"comment_status":"closed","ping_status":"open","template":"","meta":{"footnotes":""},"class_list":["post-681","page","type-page","status-publish","hentry"],"_links":{"self":[{"href":"https:\/\/www.ime.usp.br\/~tcco\/wp-json\/wp\/v2\/pages\/681"}],"collection":[{"href":"https:\/\/www.ime.usp.br\/~tcco\/wp-json\/wp\/v2\/pages"}],"about":[{"href":"https:\/\/www.ime.usp.br\/~tcco\/wp-json\/wp\/v2\/types\/page"}],"author":[{"embeddable":true,"href":"https:\/\/www.ime.usp.br\/~tcco\/wp-json\/wp\/v2\/users\/5"}],"replies":[{"embeddable":true,"href":"https:\/\/www.ime.usp.br\/~tcco\/wp-json\/wp\/v2\/comments?post=681"}],"version-history":[{"count":166,"href":"https:\/\/www.ime.usp.br\/~tcco\/wp-json\/wp\/v2\/pages\/681\/revisions"}],"predecessor-version":[{"id":2060,"href":"https:\/\/www.ime.usp.br\/~tcco\/wp-json\/wp\/v2\/pages\/681\/revisions\/2060"}],"wp:attachment":[{"href":"https:\/\/www.ime.usp.br\/~tcco\/wp-json\/wp\/v2\/media?parent=681"}],"curies":[{"name":"wp","href":"https:\/\/api.w.org\/{rel}","templated":true}]}}