{"id":14,"date":"2014-07-18T13:00:37","date_gmt":"2014-07-18T13:00:37","guid":{"rendered":"http:\/\/www.ime.usp.br\/~tcco\/?page_id=14"},"modified":"2016-04-15T14:41:41","modified_gmt":"2016-04-15T17:41:41","slug":"seminarios","status":"publish","type":"page","link":"https:\/\/www.ime.usp.br\/~tcco\/seminarios\/","title":{"rendered":"Semin\u00e1rios antigos\/Old seminars"},"content":{"rendered":"<p>Os semin\u00e1rios do grupo ocorrem regularmente \u00e0s sextas-feiras \u00e0s 14:00. As datas dos semin\u00e1rios tamb\u00e9m s\u00e3o mantidas num <a href=\"https:\/\/www.google.com\/calendar\/embed?src=3oaa22hc8crv7egll2drboll0s%40group.calendar.google.com&amp;ctz=America\/Sao_Paulo\">calend\u00e1rio Google<\/a>. Aqui est\u00e3o arquivos com semin\u00e1rios antigos. Para semin\u00e1rios futuros e um arquivo mais recente, veja a <a href=\"https:\/\/www.ime.usp.br\/~tcco\/cgi-bin\/seminars.py\">nova p\u00e1gina<\/a> dos semin\u00e1rios.<\/p>\n<p><span style=\"color: gray;\">Group seminars take place on Fridays at 14:00. Seminar dates can also be found in a <a href=\"https:\/\/www.google.com\/calendar\/embed?src=3oaa22hc8crv7egll2drboll0s%40group.calendar.google.com&amp;ctz=America\/Sao_Paulo\">Google calendar<\/a>. Here you find an archive with old seminars. For future seminars and an archive with more recent ones, take a look at the new <a href=\"https:\/\/www.ime.usp.br\/~tcco\/cgi-bin\/seminars.py\">seminar webpage<\/a>.<\/span><\/p>\n<ul>\n<li><a title=\"Semin\u00e1rios passados \u2013 primeiro semestre\/2016\" href=\"https:\/\/www.ime.usp.br\/~tcco\/seminarios\/seminarios-passados-primeiro-semestre2016\/\">Primeiro semestre\/2016<\/a><\/li>\n<li><a title=\"Semin\u00e1rios passados \u2013 segundo semestre\/2015\" href=\"https:\/\/www.ime.usp.br\/~tcco\/seminarios\/seminarios-passados-segundo-semestre2015\/\">Segundo semestre\/2015<\/a><\/li>\n<li><a href=\"https:\/\/www.ime.usp.br\/~tcco\/seminarios\/1o-semestre-2015\/\">Primeiro semestre\/2015<\/a><\/li>\n<li><a href=\"https:\/\/www.ime.usp.br\/~tcco\/seminarios\/2o-semestre-2014\/\">Segundo semestre\/2014<\/a><\/li>\n<li><a href=\"http:\/\/www.ime.usp.br\/~coelho\/seminarios\/\">Semin\u00e1rios anteriores<\/a><\/li>\n<\/ul>\n","protected":false},"excerpt":{"rendered":"<p>Os semin\u00e1rios do grupo ocorrem regularmente \u00e0s sextas-feiras \u00e0s 14:00. As datas dos semin\u00e1rios tamb\u00e9m s\u00e3o mantidas num calend\u00e1rio Google. Aqui est\u00e3o arquivos com semin\u00e1rios antigos. Para semin\u00e1rios futuros e um arquivo mais recente, veja a nova p\u00e1gina dos semin\u00e1rios. Group seminars take place on Fridays at 14:00. Seminar dates can also be found in [&hellip;]<\/p>\n","protected":false},"author":1,"featured_media":0,"parent":0,"menu_order":0,"comment_status":"closed","ping_status":"open","template":"","meta":{"footnotes":""},"class_list":["post-14","page","type-page","status-publish","hentry"],"_links":{"self":[{"href":"https:\/\/www.ime.usp.br\/~tcco\/wp-json\/wp\/v2\/pages\/14"}],"collection":[{"href":"https:\/\/www.ime.usp.br\/~tcco\/wp-json\/wp\/v2\/pages"}],"about":[{"href":"https:\/\/www.ime.usp.br\/~tcco\/wp-json\/wp\/v2\/types\/page"}],"author":[{"embeddable":true,"href":"https:\/\/www.ime.usp.br\/~tcco\/wp-json\/wp\/v2\/users\/1"}],"replies":[{"embeddable":true,"href":"https:\/\/www.ime.usp.br\/~tcco\/wp-json\/wp\/v2\/comments?post=14"}],"version-history":[{"count":135,"href":"https:\/\/www.ime.usp.br\/~tcco\/wp-json\/wp\/v2\/pages\/14\/revisions"}],"predecessor-version":[{"id":488,"href":"https:\/\/www.ime.usp.br\/~tcco\/wp-json\/wp\/v2\/pages\/14\/revisions\/488"}],"wp:attachment":[{"href":"https:\/\/www.ime.usp.br\/~tcco\/wp-json\/wp\/v2\/media?parent=14"}],"curies":[{"name":"wp","href":"https:\/\/api.w.org\/{rel}","templated":true}]}}