{"id":79,"date":"2015-05-03T21:59:29","date_gmt":"2015-05-03T21:59:29","guid":{"rendered":"http:\/\/www.ime.usp.br\/~pedrosp\/wp\/wordpress\/?page_id=79"},"modified":"2026-01-07T10:40:38","modified_gmt":"2026-01-07T10:40:38","slug":"contato","status":"publish","type":"page","link":"https:\/\/www.ime.usp.br\/~pedrosp\/contato\/","title":{"rendered":"Contato"},"content":{"rendered":"\n<div class=\"wp-block-columns is-layout-flex wp-container-core-columns-is-layout-28f84493 wp-block-columns-is-layout-flex\">\n<div class=\"wp-block-column is-layout-flow wp-block-column-is-layout-flow\">\n<h3 class=\"wp-block-heading\"><strong>Universidade de S\u00e3o Paulo&nbsp;<\/strong><\/h3>\n\n\n\n<p>ppeixoto@usp.br<\/p>\n\n\n\n<p><br \/>Sala (286-A): +55(11) 3091-6145<br \/>Secretaria: +55(11) 3091-6136\/6131<\/p>\n\n\n\n<p><br \/>Universidade de S\u00e3o Paulo<br \/>Instituto de Matem\u00e1tica e Estat\u00edstica<br \/>Departamento de Matem\u00e1tica Aplicada<br \/>Rua do Mat\u00e3o, 1010<br \/>Cidade Universit\u00e1ria, CEP 05508-090<br \/>S\u00e3o Paulo SP, Brazil<\/p>\n\n\n\n<p><\/p>\n<\/div>\n\n\n\n<div class=\"wp-block-column is-layout-flow wp-block-column-is-layout-flow\">\n<figure class=\"wp-block-image size-large\"><img loading=\"lazy\" decoding=\"async\" width=\"700\" height=\"184\" src=\"https:\/\/www.ime.usp.br\/~pedrosp\/wp\/wordpress\/wp-content\/uploads\/2020\/12\/ime-fachada-700.jpg\" alt=\"\" class=\"wp-image-1229\" srcset=\"https:\/\/www.ime.usp.br\/~pedrosp\/wp\/wordpress\/wp-content\/uploads\/2020\/12\/ime-fachada-700.jpg 700w, https:\/\/www.ime.usp.br\/~pedrosp\/wp\/wordpress\/wp-content\/uploads\/2020\/12\/ime-fachada-700-300x79.jpg 300w, https:\/\/www.ime.usp.br\/~pedrosp\/wp\/wordpress\/wp-content\/uploads\/2020\/12\/ime-fachada-700-332x87.jpg 332w\" sizes=\"auto, (max-width: 700px) 100vw, 700px\" \/><\/figure>\n<\/div>\n<\/div>\n\n\n\n<hr class=\"wp-block-separator has-alpha-channel-opacity\"\/>\n\n\n\n<div class=\"wp-block-columns is-layout-flex wp-container-core-columns-is-layout-28f84493 wp-block-columns-is-layout-flex\">\n<div class=\"wp-block-column is-layout-flow wp-block-column-is-layout-flow\" style=\"flex-basis:50%\">\n<h4 class=\"wp-block-heading\">P<strong>olitecnico di Milano (2026)<\/strong><\/h4>\n\n\n\n<p>Campus Milano Leonardo, Building 14 &#8211; Nave, <\/p>\n\n\n\n<p>2nd floor, room 30b (math &amp; coffee)<\/p>\n\n\n\n<p>Phone: +39 388 212095<\/p>\n<\/div>\n\n\n\n<div class=\"wp-block-column is-layout-flow wp-block-column-is-layout-flow\" style=\"flex-basis:50%\">\n<figure class=\"wp-block-image size-large\"><img decoding=\"async\" src=\"https:\/\/www.mate.polimi.it\/wp-content\/uploads\/2023\/07\/Nave.png\" alt=\"\"\/><\/figure>\n<\/div>\n<\/div>\n\n\n\n<p><\/p>\n","protected":false},"excerpt":{"rendered":"<p>Universidade de S\u00e3o Paulo&nbsp; ppeixoto@usp.br Sala (286-A): +55(11) 3091-6145Secretaria: +55(11) 3091-6136\/6131 Universidade de S\u00e3o PauloInstituto de Matem\u00e1tica e Estat\u00edsticaDepartamento de Matem\u00e1tica AplicadaRua do Mat\u00e3o, 1010Cidade Universit\u00e1ria, CEP 05508-090S\u00e3o Paulo SP, Brazil Politecnico di Milano (2026) Campus Milano Leonardo, Building 14 &#8211; Nave, 2nd floor, room 30b (math &amp; coffee) Phone: +39 388 212095<\/p>\n","protected":false},"author":1,"featured_media":0,"parent":0,"menu_order":0,"comment_status":"closed","ping_status":"open","template":"","meta":{"_monsterinsights_skip_tracking":false,"_monsterinsights_sitenote_active":false,"_monsterinsights_sitenote_note":"","_monsterinsights_sitenote_category":0,"site-sidebar-layout":"default","site-content-layout":"","ast-site-content-layout":"default","site-content-style":"default","site-sidebar-style":"default","ast-global-header-display":"","ast-banner-title-visibility":"","ast-main-header-display":"","ast-hfb-above-header-display":"","ast-hfb-below-header-display":"","ast-hfb-mobile-header-display":"","site-post-title":"","ast-breadcrumbs-content":"","ast-featured-img":"","footer-sml-layout":"","ast-disable-related-posts":"","theme-transparent-header-meta":"","adv-header-id-meta":"","stick-header-meta":"","header-above-stick-meta":"","header-main-stick-meta":"","header-below-stick-meta":"","astra-migrate-meta-layouts":"set","ast-page-background-enabled":"default","ast-page-background-meta":{"desktop":{"background-color":"var(--ast-global-color-4)","background-image":"","background-repeat":"repeat","background-position":"center center","background-size":"auto","background-attachment":"scroll","background-type":"","background-media":"","overlay-type":"","overlay-color":"","overlay-opacity":"","overlay-gradient":""},"tablet":{"background-color":"","background-image":"","background-repeat":"repeat","background-position":"center center","background-size":"auto","background-attachment":"scroll","background-type":"","background-media":"","overlay-type":"","overlay-color":"","overlay-opacity":"","overlay-gradient":""},"mobile":{"background-color":"","background-image":"","background-repeat":"repeat","background-position":"center center","background-size":"auto","background-attachment":"scroll","background-type":"","background-media":"","overlay-type":"","overlay-color":"","overlay-opacity":"","overlay-gradient":""}},"ast-content-background-meta":{"desktop":{"background-color":"var(--ast-global-color-5)","background-image":"","background-repeat":"repeat","background-position":"center center","background-size":"auto","background-attachment":"scroll","background-type":"","background-media":"","overlay-type":"","overlay-color":"","overlay-opacity":"","overlay-gradient":""},"tablet":{"background-color":"var(--ast-global-color-5)","background-image":"","background-repeat":"repeat","background-position":"center center","background-size":"auto","background-attachment":"scroll","background-type":"","background-media":"","overlay-type":"","overlay-color":"","overlay-opacity":"","overlay-gradient":""},"mobile":{"background-color":"var(--ast-global-color-5)","background-image":"","background-repeat":"repeat","background-position":"center center","background-size":"auto","background-attachment":"scroll","background-type":"","background-media":"","overlay-type":"","overlay-color":"","overlay-opacity":"","overlay-gradient":""}},"footnotes":""},"class_list":["post-79","page","type-page","status-publish","hentry"],"featured_image_urls_v2":{"full":"","thumbnail":"","medium":"","medium_large":"","large":"","1536x1536":"","2048x2048":""},"post_excerpt_stackable_v2":"<p>Universidade de S\u00e3o Paulo&nbsp; ppeixoto@usp.br Sala (286-A): +55(11) 3091-6145Secretaria: +55(11) 3091-6136\/6131 Universidade de S\u00e3o PauloInstituto de Matem\u00e1tica e Estat\u00edsticaDepartamento de Matem\u00e1tica AplicadaRua do Mat\u00e3o, 1010Cidade Universit\u00e1ria, CEP 05508-090S\u00e3o Paulo SP, Brazil Politecnico di Milano (2026) Campus Milano Leonardo, Building 14 &#8211; Nave, 2nd floor, room 30b (math &amp; coffee) Phone: +39 388 212095<\/p>\n","category_list_v2":"","author_info_v2":{"name":"Pedro","url":"https:\/\/www.ime.usp.br\/~pedrosp\/author\/pedrosp\/"},"comments_num_v2":"0 comments","_links":{"self":[{"href":"https:\/\/www.ime.usp.br\/~pedrosp\/wp-json\/wp\/v2\/pages\/79","targetHints":{"allow":["GET"]}}],"collection":[{"href":"https:\/\/www.ime.usp.br\/~pedrosp\/wp-json\/wp\/v2\/pages"}],"about":[{"href":"https:\/\/www.ime.usp.br\/~pedrosp\/wp-json\/wp\/v2\/types\/page"}],"author":[{"embeddable":true,"href":"https:\/\/www.ime.usp.br\/~pedrosp\/wp-json\/wp\/v2\/users\/1"}],"replies":[{"embeddable":true,"href":"https:\/\/www.ime.usp.br\/~pedrosp\/wp-json\/wp\/v2\/comments?post=79"}],"version-history":[{"count":3,"href":"https:\/\/www.ime.usp.br\/~pedrosp\/wp-json\/wp\/v2\/pages\/79\/revisions"}],"predecessor-version":[{"id":2044,"href":"https:\/\/www.ime.usp.br\/~pedrosp\/wp-json\/wp\/v2\/pages\/79\/revisions\/2044"}],"wp:attachment":[{"href":"https:\/\/www.ime.usp.br\/~pedrosp\/wp-json\/wp\/v2\/media?parent=79"}],"curies":[{"name":"wp","href":"https:\/\/api.w.org\/{rel}","templated":true}]}}