{"id":129,"date":"2015-08-12T17:03:20","date_gmt":"2015-08-12T17:03:20","guid":{"rendered":"http:\/\/www.ime.usp.br\/~pedrosp\/wp\/wordpress\/?page_id=129"},"modified":"2024-08-29T14:51:01","modified_gmt":"2024-08-29T14:51:01","slug":"ensino","status":"publish","type":"page","link":"https:\/\/www.ime.usp.br\/~pedrosp\/ensino\/","title":{"rendered":"Ensino"},"content":{"rendered":"<h4>IME-USP<\/h4>\n<ul>\n<li>Modelos em Atu\u00e1ria e Finan\u00e7as &#8211; MAP2225 (2022)<\/li>\n<li>Introdu\u00e7\u00e3o \u00e0 An\u00e1lise Num\u00e9rica MAP5729 -2020<\/li>\n<li>Tratamento Num\u00e9rico de Equa\u00e7\u00f5es Diferenciais\u00a0MAP5725-2019<\/li>\n<li>Fundamentos de An\u00e1lise Num\u00e9rica MAP2220-2018-2<\/li>\n<li>M\u00e9todos num\u00e9ricos em equa\u00e7\u00f5es diferenciais I &#8211; EDOs<\/li>\n<li>M\u00e9todos num\u00e9ricos em equa\u00e7\u00f5es diferenciais II &#8211; EDPs<\/li>\n<\/ul>\n<h4>POLI-USP<\/h4>\n<ul>\n<li><a href=\"https:\/\/www.ime.usp.br\/~map3121\/\">M\u00e9todos num\u00e9ricos e aplica\u00e7\u00f5es MAP3121<\/a><\/li>\n<\/ul>\n<h4>CPTEC-INPE \/ USP<\/h4>\n<ul>\n<li><a href=\"https:\/\/www.ime.usp.br\/~pedrosp\/modelagem-numerica-atmosfera\/\">Modelagem num\u00e9rica da atmosfera<\/a><\/li>\n<\/ul>\n\n\n<h4 class=\"wp-block-heading\">I. Butantan and UNIFESP<\/h4>\n\n\n\n<ul class=\"wp-block-list\">\n<li><a href=\"https:\/\/www.ime.usp.br\/~pedrosp\/bioestatistica\/\">Bioestat\u00edstica<\/a><\/li>\n<\/ul>\n\n\n\n<p><\/p>\n","protected":false},"excerpt":{"rendered":"<p>IME-USP Modelos em Atu\u00e1ria e Finan\u00e7as &#8211; MAP2225 (2022) Introdu\u00e7\u00e3o \u00e0 An\u00e1lise Num\u00e9rica MAP5729 -2020 Tratamento Num\u00e9rico de Equa\u00e7\u00f5es Diferenciais\u00a0MAP5725-2019 Fundamentos de An\u00e1lise Num\u00e9rica MAP2220-2018-2 M\u00e9todos num\u00e9ricos em equa\u00e7\u00f5es diferenciais I &#8211; EDOs M\u00e9todos num\u00e9ricos em equa\u00e7\u00f5es diferenciais II &#8211; EDPs POLI-USP M\u00e9todos num\u00e9ricos e aplica\u00e7\u00f5es MAP3121 CPTEC-INPE \/ USP Modelagem num\u00e9rica da atmosfera I. [&hellip;]<\/p>\n","protected":false},"author":1,"featured_media":0,"parent":0,"menu_order":0,"comment_status":"closed","ping_status":"open","template":"","meta":{"_monsterinsights_skip_tracking":false,"_monsterinsights_sitenote_active":false,"_monsterinsights_sitenote_note":"","_monsterinsights_sitenote_category":0,"site-sidebar-layout":"default","site-content-layout":"","ast-site-content-layout":"default","site-content-style":"default","site-sidebar-style":"default","ast-global-header-display":"","ast-banner-title-visibility":"","ast-main-header-display":"","ast-hfb-above-header-display":"","ast-hfb-below-header-display":"","ast-hfb-mobile-header-display":"","site-post-title":"","ast-breadcrumbs-content":"","ast-featured-img":"","footer-sml-layout":"","ast-disable-related-posts":"","theme-transparent-header-meta":"","adv-header-id-meta":"","stick-header-meta":"","header-above-stick-meta":"","header-main-stick-meta":"","header-below-stick-meta":"","astra-migrate-meta-layouts":"set","ast-page-background-enabled":"default","ast-page-background-meta":{"desktop":{"background-color":"var(--ast-global-color-4)","background-image":"","background-repeat":"repeat","background-position":"center center","background-size":"auto","background-attachment":"scroll","background-type":"","background-media":"","overlay-type":"","overlay-color":"","overlay-opacity":"","overlay-gradient":""},"tablet":{"background-color":"","background-image":"","background-repeat":"repeat","background-position":"center center","background-size":"auto","background-attachment":"scroll","background-type":"","background-media":"","overlay-type":"","overlay-color":"","overlay-opacity":"","overlay-gradient":""},"mobile":{"background-color":"","background-image":"","background-repeat":"repeat","background-position":"center center","background-size":"auto","background-attachment":"scroll","background-type":"","background-media":"","overlay-type":"","overlay-color":"","overlay-opacity":"","overlay-gradient":""}},"ast-content-background-meta":{"desktop":{"background-color":"var(--ast-global-color-5)","background-image":"","background-repeat":"repeat","background-position":"center center","background-size":"auto","background-attachment":"scroll","background-type":"","background-media":"","overlay-type":"","overlay-color":"","overlay-opacity":"","overlay-gradient":""},"tablet":{"background-color":"var(--ast-global-color-5)","background-image":"","background-repeat":"repeat","background-position":"center center","background-size":"auto","background-attachment":"scroll","background-type":"","background-media":"","overlay-type":"","overlay-color":"","overlay-opacity":"","overlay-gradient":""},"mobile":{"background-color":"var(--ast-global-color-5)","background-image":"","background-repeat":"repeat","background-position":"center center","background-size":"auto","background-attachment":"scroll","background-type":"","background-media":"","overlay-type":"","overlay-color":"","overlay-opacity":"","overlay-gradient":""}},"footnotes":""},"class_list":["post-129","page","type-page","status-publish","hentry"],"featured_image_urls_v2":{"full":"","thumbnail":"","medium":"","medium_large":"","large":"","1536x1536":"","2048x2048":""},"post_excerpt_stackable_v2":"<p>IME-USP Modelos em Atu\u00e1ria e Finan\u00e7as &#8211; MAP2225 (2022) Introdu\u00e7\u00e3o \u00e0 An\u00e1lise Num\u00e9rica MAP5729 -2020 Tratamento Num\u00e9rico de Equa\u00e7\u00f5es Diferenciais\u00a0MAP5725-2019 Fundamentos de An\u00e1lise Num\u00e9rica MAP2220-2018-2 M\u00e9todos num\u00e9ricos em equa\u00e7\u00f5es diferenciais I &#8211; EDOs M\u00e9todos num\u00e9ricos em equa\u00e7\u00f5es diferenciais II &#8211; EDPs POLI-USP M\u00e9todos num\u00e9ricos e aplica\u00e7\u00f5es MAP3121 CPTEC-INPE \/ USP Modelagem num\u00e9rica da atmosfera I. Butantan and UNIFESP Bioestat\u00edstica<\/p>\n","category_list_v2":"","author_info_v2":{"name":"Pedro","url":"https:\/\/www.ime.usp.br\/~pedrosp\/author\/pedrosp\/"},"comments_num_v2":"0 comments","_links":{"self":[{"href":"https:\/\/www.ime.usp.br\/~pedrosp\/wp-json\/wp\/v2\/pages\/129","targetHints":{"allow":["GET"]}}],"collection":[{"href":"https:\/\/www.ime.usp.br\/~pedrosp\/wp-json\/wp\/v2\/pages"}],"about":[{"href":"https:\/\/www.ime.usp.br\/~pedrosp\/wp-json\/wp\/v2\/types\/page"}],"author":[{"embeddable":true,"href":"https:\/\/www.ime.usp.br\/~pedrosp\/wp-json\/wp\/v2\/users\/1"}],"replies":[{"embeddable":true,"href":"https:\/\/www.ime.usp.br\/~pedrosp\/wp-json\/wp\/v2\/comments?post=129"}],"version-history":[{"count":2,"href":"https:\/\/www.ime.usp.br\/~pedrosp\/wp-json\/wp\/v2\/pages\/129\/revisions"}],"predecessor-version":[{"id":1977,"href":"https:\/\/www.ime.usp.br\/~pedrosp\/wp-json\/wp\/v2\/pages\/129\/revisions\/1977"}],"wp:attachment":[{"href":"https:\/\/www.ime.usp.br\/~pedrosp\/wp-json\/wp\/v2\/media?parent=129"}],"curies":[{"name":"wp","href":"https:\/\/api.w.org\/{rel}","templated":true}]}}