{"id":778,"date":"2025-02-17T15:55:10","date_gmt":"2025-02-17T18:55:10","guid":{"rendered":"https:\/\/www.ime.usp.br\/~cordaro\/?page_id=778"},"modified":"2025-07-08T11:21:44","modified_gmt":"2025-07-08T14:21:44","slug":"equacoes-de-derivadas-parciais-1o-semestre-de-2025","status":"publish","type":"page","link":"https:\/\/www.ime.usp.br\/~cordaro\/equacoes-de-derivadas-parciais-1o-semestre-de-2025\/","title":{"rendered":"Equa\u00e7\u00f5es de Derivadas Parciais &#8211; 1o. semestre de 2025"},"content":{"rendered":"<p><strong>Gradua\u00e7\u00e3o : MAP0413 &#8211; Equa\u00e7\u00f5es de Derivadas Parciais<\/strong><\/p>\n<p><strong>P\u00f3s-gradua\u00e7\u00e3o : MAP5712 &#8211; Equa\u00e7\u00f5es Diferenciais Parciais<\/strong><\/p>\n<p>Vou seguir o calend\u00e1rio da gradua\u00e7\u00e3o.<\/p>\n<p>In\u00edcio : 24\/2\/2025<\/p>\n<p>Local : sala B101<\/p>\n<p><strong>Prova de recupera\u00e7\u00e3o: dia 23\/7\/2025, quarta-feira, \u00e0s 14h.<\/strong><\/p>\n<p><strong>Encontro na minha sala, A273.<\/strong><\/p>\n<p><strong>Aten\u00e7\u00e3o: a prova est\u00e1 aberta tamb\u00e9m para os alunos de p\u00f3s-gradua\u00e7ao.<\/strong><\/p>\n<p><strong>Provas:<\/strong><\/p>\n<p>P1 &#8211;&gt; 5\/5 (peso 2)<\/p>\n<p>P2&#8211;&gt; 30\/6 (peso 3)<\/p>\n<p>Sub&#8211;&gt; 7\/7 (aberta)<\/p>\n<p><a href=\"https:\/\/www.ime.usp.br\/~cordaro\/wp-content\/uploads\/2025\/05\/Lista-1-1.pdf\">Lista-1<\/a><\/p>\n<p><a href=\"https:\/\/www.ime.usp.br\/~cordaro\/wp-content\/uploads\/2025\/06\/Lista-2.pdf\">Lista-2<\/a><\/p>\n<p><a href=\"https:\/\/www.ime.usp.br\/~cordaro\/wp-content\/uploads\/2025\/06\/Lista-3.pdf\">Lista-3<\/a><\/p>\n<p><a href=\"https:\/\/www.ime.usp.br\/~cordaro\/wp-content\/uploads\/2025\/05\/apostila-harmonicas.pdf\">apostila-harmo\u0302nicas<\/a><\/p>\n<p><a href=\"https:\/\/www.ime.usp.br\/~cordaro\/wp-content\/uploads\/2025\/02\/analiticas.pdf\">analiticas<\/a><\/p>\n<p><a href=\"https:\/\/www.ime.usp.br\/~cordaro\/wp-content\/uploads\/2025\/03\/AbertoscomFronteiraRegular.pdf\">AbertoscomFronteiraRegular<\/a><\/p>\n<p>&nbsp;<\/p>\n","protected":false},"excerpt":{"rendered":"<p>Gradua\u00e7\u00e3o : MAP0413 &#8211; Equa\u00e7\u00f5es de Derivadas Parciais P\u00f3s-gradua\u00e7\u00e3o : MAP5712 &#8211; Equa\u00e7\u00f5es Diferenciais Parciais Vou seguir o calend\u00e1rio da gradua\u00e7\u00e3o. In\u00edcio : 24\/2\/2025 Local : sala B101 Prova de recupera\u00e7\u00e3o: dia 23\/7\/2025, quarta-feira, \u00e0s 14h. Encontro na minha sala, A273. Aten\u00e7\u00e3o: a prova est\u00e1 aberta tamb\u00e9m para os alunos de p\u00f3s-gradua\u00e7ao. Provas: P1 &#8211;&gt; &hellip; <a href=\"https:\/\/www.ime.usp.br\/~cordaro\/equacoes-de-derivadas-parciais-1o-semestre-de-2025\/\" class=\"more-link\">Continue lendo<span class=\"screen-reader-text\"> &#8220;Equa\u00e7\u00f5es de Derivadas Parciais &#8211; 1o. semestre de 2025&#8221;<\/span><\/a><\/p>\n","protected":false},"author":1,"featured_media":0,"parent":0,"menu_order":0,"comment_status":"closed","ping_status":"closed","template":"","meta":{"footnotes":""},"class_list":["post-778","page","type-page","status-publish","hentry"],"_links":{"self":[{"href":"https:\/\/www.ime.usp.br\/~cordaro\/wp-json\/wp\/v2\/pages\/778","targetHints":{"allow":["GET"]}}],"collection":[{"href":"https:\/\/www.ime.usp.br\/~cordaro\/wp-json\/wp\/v2\/pages"}],"about":[{"href":"https:\/\/www.ime.usp.br\/~cordaro\/wp-json\/wp\/v2\/types\/page"}],"author":[{"embeddable":true,"href":"https:\/\/www.ime.usp.br\/~cordaro\/wp-json\/wp\/v2\/users\/1"}],"replies":[{"embeddable":true,"href":"https:\/\/www.ime.usp.br\/~cordaro\/wp-json\/wp\/v2\/comments?post=778"}],"version-history":[{"count":17,"href":"https:\/\/www.ime.usp.br\/~cordaro\/wp-json\/wp\/v2\/pages\/778\/revisions"}],"predecessor-version":[{"id":821,"href":"https:\/\/www.ime.usp.br\/~cordaro\/wp-json\/wp\/v2\/pages\/778\/revisions\/821"}],"wp:attachment":[{"href":"https:\/\/www.ime.usp.br\/~cordaro\/wp-json\/wp\/v2\/media?parent=778"}],"curies":[{"name":"wp","href":"https:\/\/api.w.org\/{rel}","templated":true}]}}