{"id":606,"date":"2020-12-10T16:20:40","date_gmt":"2020-12-10T19:20:40","guid":{"rendered":"https:\/\/www.ime.usp.br\/~cordaro\/?page_id=606"},"modified":"2020-12-10T16:20:46","modified_gmt":"2020-12-10T19:20:46","slug":"map5911-tecnicas-de-espacos-de-hilbert-em-analise-complexa-multi-dimensional","status":"publish","type":"page","link":"https:\/\/www.ime.usp.br\/~cordaro\/map5911-tecnicas-de-espacos-de-hilbert-em-analise-complexa-multi-dimensional\/","title":{"rendered":"MAP5911 &#8211; T\u00e9cnicas de Espa\u00e7os de Hilbert em An\u00e1lise Complexa Multi-dimensional"},"content":{"rendered":"<p><a href=\"https:\/\/www.ime.usp.br\/~cordaro\/wp-content\/uploads\/2020\/12\/Exercicios.pdf\">Exercicios<\/a><\/p>\n","protected":false},"excerpt":{"rendered":"<p>Exercicios<\/p>\n","protected":false},"author":1,"featured_media":0,"parent":0,"menu_order":0,"comment_status":"closed","ping_status":"closed","template":"","meta":{"footnotes":""},"class_list":["post-606","page","type-page","status-publish","hentry"],"_links":{"self":[{"href":"https:\/\/www.ime.usp.br\/~cordaro\/wp-json\/wp\/v2\/pages\/606","targetHints":{"allow":["GET"]}}],"collection":[{"href":"https:\/\/www.ime.usp.br\/~cordaro\/wp-json\/wp\/v2\/pages"}],"about":[{"href":"https:\/\/www.ime.usp.br\/~cordaro\/wp-json\/wp\/v2\/types\/page"}],"author":[{"embeddable":true,"href":"https:\/\/www.ime.usp.br\/~cordaro\/wp-json\/wp\/v2\/users\/1"}],"replies":[{"embeddable":true,"href":"https:\/\/www.ime.usp.br\/~cordaro\/wp-json\/wp\/v2\/comments?post=606"}],"version-history":[{"count":1,"href":"https:\/\/www.ime.usp.br\/~cordaro\/wp-json\/wp\/v2\/pages\/606\/revisions"}],"predecessor-version":[{"id":609,"href":"https:\/\/www.ime.usp.br\/~cordaro\/wp-json\/wp\/v2\/pages\/606\/revisions\/609"}],"wp:attachment":[{"href":"https:\/\/www.ime.usp.br\/~cordaro\/wp-json\/wp\/v2\/media?parent=606"}],"curies":[{"name":"wp","href":"https:\/\/api.w.org\/{rel}","templated":true}]}}