{"id":482,"date":"2019-08-18T10:43:56","date_gmt":"2019-08-18T13:43:56","guid":{"rendered":"https:\/\/www.ime.usp.br\/~cordaro\/?page_id=482"},"modified":"2019-12-10T16:54:24","modified_gmt":"2019-12-10T19:54:24","slug":"metodos-numericos-em-equacoes-diferenciais-ii-2o-sem-de-2019","status":"publish","type":"page","link":"https:\/\/www.ime.usp.br\/~cordaro\/metodos-numericos-em-equacoes-diferenciais-ii-2o-sem-de-2019\/","title":{"rendered":"M\u00e9todos Num\u00e9ricos em Equa\u00e7\u00f5es Diferenciais II (2o. sem de 2019)"},"content":{"rendered":"<p>Monitor: Luan da Fonseca Santos<\/p>\n<p>Hor\u00e1rio da monitoria: 5as., das 16h \u00e0s 17h, sala 266-A<\/p>\n<p><a href=\"https:\/\/www.ime.usp.br\/~cordaro\/wp-content\/uploads\/2019\/08\/lista-1.pdf\">lista-1<\/a><\/p>\n<p><a href=\"https:\/\/www.ime.usp.br\/~cordaro\/wp-content\/uploads\/2019\/08\/lista-2-1.pdf\">lista-2<\/a><\/p>\n<p>Aten\u00e7\u00e3o: o exerc\u00edcio 2 da Se\u00e7\u00e3o 6.1 foi exclu\u00eddo da lista 2.<\/p>\n<p><a href=\"https:\/\/www.ime.usp.br\/~cordaro\/wp-content\/uploads\/2019\/08\/lista-3-3.pdf\">lista-3<\/a><\/p>\n<p><a href=\"https:\/\/www.ime.usp.br\/~cordaro\/wp-content\/uploads\/2019\/08\/Lista-4-2.pdf\">Lista-4<\/a>\u00a0(corrigida)<\/p>\n<p><a href=\"https:\/\/www.ime.usp.br\/~cordaro\/wp-content\/uploads\/2019\/08\/Lista-5.pdf\">Lista-5<\/a><\/p>\n<p><a href=\"https:\/\/www.ime.usp.br\/~cordaro\/wp-content\/uploads\/2019\/08\/Lista-6-1.pdf\">Lista-6<\/a>\u00a0(corrigida)<\/p>\n<p><a href=\"https:\/\/www.ime.usp.br\/~cordaro\/wp-content\/uploads\/2019\/08\/Lista-extra-1.pdf\">Lista-extra<\/a>\u00a0(corrigida)<\/p>\n<p>M\u00e9dia final:\u00a0 M=(P1+P2+EP)\/3<\/p>\n<p><a href=\"https:\/\/www.ime.usp.br\/~cordaro\/wp-content\/uploads\/2019\/08\/Exerci\u0301cioPrograma.pdf\">Exerci\u0301cioPrograma<\/a><\/p>\n<p>Data de entrega do EP: dia 5\/12 (quinta-feira)<\/p>\n<p>ATEN\u00c7\u00c3O: AS NOTAS DOS EPS J\u00c1 EST\u00c3O DISPONIBILIZADAS.<\/p>\n<p>POR FAVOR, ME ENVIEM UMA MENSAGEM PARA QUE EU<\/p>\n<p>POSSA ENVI\u00c1-LAS A VOC\u00caS.<\/p>\n<p>Sub: dia 12\/12 (14h) com o mesmo material que a P2<\/p>\n","protected":false},"excerpt":{"rendered":"<p>Monitor: Luan da Fonseca Santos Hor\u00e1rio da monitoria: 5as., das 16h \u00e0s 17h, sala 266-A lista-1 lista-2 Aten\u00e7\u00e3o: o exerc\u00edcio 2 da Se\u00e7\u00e3o 6.1 foi exclu\u00eddo da lista 2. lista-3 Lista-4\u00a0(corrigida) Lista-5 Lista-6\u00a0(corrigida) Lista-extra\u00a0(corrigida) M\u00e9dia final:\u00a0 M=(P1+P2+EP)\/3 Exerci\u0301cioPrograma Data de entrega do EP: dia 5\/12 (quinta-feira) ATEN\u00c7\u00c3O: AS NOTAS DOS EPS J\u00c1 EST\u00c3O DISPONIBILIZADAS. POR &hellip; <a href=\"https:\/\/www.ime.usp.br\/~cordaro\/metodos-numericos-em-equacoes-diferenciais-ii-2o-sem-de-2019\/\" class=\"more-link\">Continue lendo<span class=\"screen-reader-text\"> &#8220;M\u00e9todos Num\u00e9ricos em Equa\u00e7\u00f5es Diferenciais II (2o. sem de 2019)&#8221;<\/span><\/a><\/p>\n","protected":false},"author":1,"featured_media":0,"parent":0,"menu_order":0,"comment_status":"closed","ping_status":"closed","template":"","meta":{"footnotes":""},"class_list":["post-482","page","type-page","status-publish","hentry"],"_links":{"self":[{"href":"https:\/\/www.ime.usp.br\/~cordaro\/wp-json\/wp\/v2\/pages\/482","targetHints":{"allow":["GET"]}}],"collection":[{"href":"https:\/\/www.ime.usp.br\/~cordaro\/wp-json\/wp\/v2\/pages"}],"about":[{"href":"https:\/\/www.ime.usp.br\/~cordaro\/wp-json\/wp\/v2\/types\/page"}],"author":[{"embeddable":true,"href":"https:\/\/www.ime.usp.br\/~cordaro\/wp-json\/wp\/v2\/users\/1"}],"replies":[{"embeddable":true,"href":"https:\/\/www.ime.usp.br\/~cordaro\/wp-json\/wp\/v2\/comments?post=482"}],"version-history":[{"count":16,"href":"https:\/\/www.ime.usp.br\/~cordaro\/wp-json\/wp\/v2\/pages\/482\/revisions"}],"predecessor-version":[{"id":522,"href":"https:\/\/www.ime.usp.br\/~cordaro\/wp-json\/wp\/v2\/pages\/482\/revisions\/522"}],"wp:attachment":[{"href":"https:\/\/www.ime.usp.br\/~cordaro\/wp-json\/wp\/v2\/media?parent=482"}],"curies":[{"name":"wp","href":"https:\/\/api.w.org\/{rel}","templated":true}]}}