{"id":276,"date":"2018-02-27T19:48:50","date_gmt":"2018-02-27T22:48:50","guid":{"rendered":"https:\/\/www.ime.usp.br\/~cordaro\/?page_id=276"},"modified":"2025-05-25T11:20:43","modified_gmt":"2025-05-25T14:20:43","slug":"equacoes-de-derivadas-parciais-1o-sem-2018","status":"publish","type":"page","link":"https:\/\/www.ime.usp.br\/~cordaro\/equacoes-de-derivadas-parciais-1o-sem-2018\/","title":{"rendered":"Equa\u00e7\u00f5es de Derivadas Parciais (1o. sem. 2018)"},"content":{"rendered":"<p>AVISO: PROVA DE RECUPERA\u00c7\u00c3O<\/p>\n<p>DIA 6\/8\/2018, SEGUNDA-FEIRA, DAS 10H \u00c0S 13H<\/p>\n<p>Ponto de encontro: sala 273A, \u00e0s 10h<\/p>\n<p><a href=\"https:\/\/www.ime.usp.br\/~cordaro\/wp-content\/uploads\/2018\/02\/lista-1-1.pdf\">lista-1<\/a><\/p>\n<p><a href=\"https:\/\/www.ime.usp.br\/~cordaro\/wp-content\/uploads\/2018\/02\/lista-2-1.pdf\">lista-2<\/a><\/p>\n<p><a href=\"https:\/\/www.ime.usp.br\/~cordaro\/wp-content\/uploads\/2018\/02\/lista-3.pdf\">lista-3<\/a><\/p>\n<p><a href=\"https:\/\/www.ime.usp.br\/~cordaro\/wp-content\/uploads\/2018\/02\/Exercicio5-Lista3.pdf\">Exercicio5-Lista3<\/a><\/p>\n<p><a href=\"https:\/\/www.ime.usp.br\/~cordaro\/wp-content\/uploads\/2018\/02\/lista-4.pdf\">lista-4<\/a><\/p>\n<p><a href=\"https:\/\/www.ime.usp.br\/~cordaro\/wp-content\/uploads\/2018\/02\/lista-5-2.pdf\">lista-5<\/a><\/p>\n<p><a href=\"https:\/\/www.ime.usp.br\/~cordaro\/wp-content\/uploads\/2018\/02\/lista-6-corrigida.pdf\">lista-6-corrigida<\/a><\/p>\n<p><a href=\"https:\/\/www.ime.usp.br\/~cordaro\/wp-content\/uploads\/2018\/02\/lista-7.pdf\">lista-7<\/a><\/p>\n<p><a href=\"https:\/\/www.ime.usp.br\/~cordaro\/wp-content\/uploads\/2018\/02\/Gabarito-prova1.pdf\">Gabarito-prova1<\/a><\/p>\n<p><a href=\"https:\/\/www.ime.usp.br\/~cordaro\/wp-content\/uploads\/2018\/02\/lista-8-2.pdf\">lista-8<\/a><\/p>\n<p><a href=\"https:\/\/www.ime.usp.br\/~cordaro\/wp-content\/uploads\/2018\/02\/lista-9-corrigida-1.pdf\">lista-9-corrigida<\/a><\/p>\n<p><a href=\"https:\/\/www.ime.usp.br\/~cordaro\/wp-content\/uploads\/2018\/02\/Gabarito-Prova2-1.pdf\">Gabarito-Prova2<\/a><\/p>\n<p><a href=\"https:\/\/www.ime.usp.br\/~cordaro\/wp-content\/uploads\/2018\/02\/lista-10-1.pdf\">lista-10<\/a><\/p>\n<p><a href=\"https:\/\/www.ime.usp.br\/~cordaro\/wp-content\/uploads\/2018\/02\/lista-extra-1.pdf\">lista-extra<\/a><\/p>\n<p><a href=\"https:\/\/www.ime.usp.br\/~cordaro\/wp-content\/uploads\/2018\/02\/lista-11-1.pdf\">lista-11<\/a><\/p>\n<p><a href=\"https:\/\/www.ime.usp.br\/~cordaro\/wp-content\/uploads\/2018\/02\/Gabarito-Prova3.pdf\">Gabarito-Prova3<\/a><\/p>\n<p>Monitor: Antonio Victor da Silva J\u00fanior<\/p>\n<p>Hor\u00e1rios de monitoria:<\/p>\n<p>2as: \u00a018h \u00e0s 19h e\u00a04as: 13h \u00e0s 14h<\/p>\n<p>Local: sala B4<\/p>\n<p>Provas:<\/p>\n<p>P3 : 4\/7 (14 \u00e0s 17h)<\/p>\n<p>Sub (aberta) 10\/7 (10 \u00e0s 13h)<\/p>\n<p>Aulas de exerc\u00edcios : 25\/6 e 2\/7<\/p>\n<p>&nbsp;<\/p>\n<p>&nbsp;<\/p>\n<p>&nbsp;<\/p>\n","protected":false},"excerpt":{"rendered":"<p>AVISO: PROVA DE RECUPERA\u00c7\u00c3O DIA 6\/8\/2018, SEGUNDA-FEIRA, DAS 10H \u00c0S 13H Ponto de encontro: sala 273A, \u00e0s 10h lista-1 lista-2 lista-3 Exercicio5-Lista3 lista-4 lista-5 lista-6-corrigida lista-7 Gabarito-prova1 lista-8 lista-9-corrigida Gabarito-Prova2 lista-10 lista-extra lista-11 Gabarito-Prova3 Monitor: Antonio Victor da Silva J\u00fanior Hor\u00e1rios de monitoria: 2as: \u00a018h \u00e0s 19h e\u00a04as: 13h \u00e0s 14h Local: sala B4 Provas: &hellip; <a href=\"https:\/\/www.ime.usp.br\/~cordaro\/equacoes-de-derivadas-parciais-1o-sem-2018\/\" class=\"more-link\">Continue lendo<span class=\"screen-reader-text\"> &#8220;Equa\u00e7\u00f5es de Derivadas Parciais (1o. sem. 2018)&#8221;<\/span><\/a><\/p>\n","protected":false},"author":1,"featured_media":0,"parent":0,"menu_order":0,"comment_status":"closed","ping_status":"closed","template":"","meta":{"footnotes":""},"class_list":["post-276","page","type-page","status-publish","hentry"],"_links":{"self":[{"href":"https:\/\/www.ime.usp.br\/~cordaro\/wp-json\/wp\/v2\/pages\/276","targetHints":{"allow":["GET"]}}],"collection":[{"href":"https:\/\/www.ime.usp.br\/~cordaro\/wp-json\/wp\/v2\/pages"}],"about":[{"href":"https:\/\/www.ime.usp.br\/~cordaro\/wp-json\/wp\/v2\/types\/page"}],"author":[{"embeddable":true,"href":"https:\/\/www.ime.usp.br\/~cordaro\/wp-json\/wp\/v2\/users\/1"}],"replies":[{"embeddable":true,"href":"https:\/\/www.ime.usp.br\/~cordaro\/wp-json\/wp\/v2\/comments?post=276"}],"version-history":[{"count":43,"href":"https:\/\/www.ime.usp.br\/~cordaro\/wp-json\/wp\/v2\/pages\/276\/revisions"}],"predecessor-version":[{"id":805,"href":"https:\/\/www.ime.usp.br\/~cordaro\/wp-json\/wp\/v2\/pages\/276\/revisions\/805"}],"wp:attachment":[{"href":"https:\/\/www.ime.usp.br\/~cordaro\/wp-json\/wp\/v2\/media?parent=276"}],"curies":[{"name":"wp","href":"https:\/\/api.w.org\/{rel}","templated":true}]}}