{"id":56,"date":"2020-03-03T15:49:13","date_gmt":"2020-03-03T18:49:13","guid":{"rendered":"https:\/\/www.ime.usp.br\/~coloquio\/?page_id=56"},"modified":"2026-03-25T09:15:28","modified_gmt":"2026-03-25T12:15:28","slug":"sobre-o-coloquio","status":"publish","type":"page","link":"https:\/\/www.ime.usp.br\/coloquio\/sobre-o-coloquio\/","title":{"rendered":"Sobre o Col\u00f3quio"},"content":{"rendered":"\n<p>O Col\u00f3quio do IME foi criado em 2019, no hor\u00e1rio do antigo Col\u00f3quio do MAP. A ideia do col\u00f3quio \u00e9 que as palestras abordem assuntos de diversas \u00e1reas ligadas \u00e0 pesquisa feita no IME e tragam uma vis\u00e3o panor\u00e2mica do assunto tratado, evitando linguagem t\u00e9cnica. Diferentemente de semin\u00e1rios de grupos de pesquisa, o col\u00f3quio ambiciona atingir um p\u00fablico amplo, de todos os departamentos do IME, incluindo estudantes.<\/p>\n\n\n\n<p>As palestras de 2019 foram um sucesso mas infelizmente, ap\u00f3s confirmarmos quatro palestrantes para o primeiro semestre de 2020, fomos surpreendid@s pela pandemia e adiamos essas palestras, buscando preservar o&nbsp;Col\u00f3quio&nbsp;como um momento de encontro (presencial) da comunidade.&nbsp;Fizemos uma bem sucedida edi\u00e7\u00e3o especial virtual sobre a Covid-19 em dezembro de 2020, com tr\u00eas pesquisadores da casa.<\/p>\n\n\n\n<p>Em 2021, novamente hesitamos em organizar alguma edi\u00e7\u00e3o do Col\u00f3quio em meio ao cansa\u00e7o causado pelo longo per\u00edodo de trabalho e estudo remoto, em meio \u00e0s perdas na comunidade, em meio \u00e0s dificuldades que temos enfrentado nestes \u00faltimos 18 meses de pandemia. Optamos ent\u00e3o por organizar uma segunda edi\u00e7\u00e3o especial, no dia das professoras e dos professores, convidando a comunidade para conversa sobre sa\u00fade mental e universidade na pandemia.<\/p>\n\n\n\n<p>Com a retomada das atividades presenciais no IME-USP no in\u00edcio de 2022, come\u00e7amos a planejar novas palestras presenciais para o Col\u00f3quio e em 2023 iniciamos uma parceira com a Comiss\u00e3o de Pesquisa do IME, convidando docentes rec\u00e9m-contratados no IME para apresentarem suas \u00e1reas de pesquisa. Uma forma de dar as boas vindas e conhecer um pouco sobre quem est\u00e1 chegando.<\/p>\n\n\n\n<h3>Siga nosso canal no YouTube<\/h3>\n\n\n\n<p><a href=\"https:\/\/www.youtube.com\/@coloquiodoime\">https:\/\/www.youtube.com\/@coloquiodoime<\/a><\/p>\n\n\n\n<p>Inclua o Col\u00f3quio do IME na sua agenda\u00a0<a href=\"https:\/\/calendar.google.com\/calendar\/u\/1?cid=dXNwLmJyXzMyMXBhaDAwaTFyNDduMXZ1bWNqamg1MG9zQGdyb3VwLmNhbGVuZGFyLmdvb2dsZS5jb20\">clicando aqui<\/a>!<\/p>\n\n\n\n<h2>Tem gente nova no IME!<\/h2>\n\n\n\n<p>Em 2023, o Col\u00f3quio iniciou esta parceria com a CPqI, trazendo os novos docentes do IME para apresentar suas \u00e1reas de pesquisa para nossa comunidade. Cada edi\u00e7\u00e3o conta com duas palestras mais curtas, uma seguida da outra.<\/p>\n\n\n\n<p>A programa\u00e7\u00e3o completa pode ser encontrada no menu ao lado.&nbsp;&nbsp;<\/p>\n\n\n\n<p>Sugest\u00f5es de nomes e assuntos podem ser enviadas para o e-mail&nbsp;<a rel=\"noreferrer noopener\" href=\"mailto:coloquio@ime.usp.br\" target=\"_blank\">coloquio@ime.usp.br<\/a>.&nbsp;<\/p>\n\n\n\n<p>Participe! Ajude a divulgar!<\/p>\n\n\n\n<p>Sauda\u00e7\u00f5es,                                                                                  Grupo&nbsp;do&nbsp;Col\u00f3quio&nbsp;do&nbsp;IME<\/p>\n\n\n\n<p><\/p>\n","protected":false},"excerpt":{"rendered":"<p>O Col\u00f3quio do IME foi criado em 2019, no hor\u00e1rio do antigo Col\u00f3quio do MAP. A ideia do col\u00f3quio \u00e9 que as palestras abordem assuntos de diversas \u00e1reas ligadas \u00e0 pesquisa feita no IME e tragam uma vis\u00e3o panor\u00e2mica do assunto tratado, evitando linguagem t\u00e9cnica. Diferentemente de semin\u00e1rios de grupos de pesquisa, o col\u00f3quio ambiciona &hellip; <a href=\"https:\/\/www.ime.usp.br\/coloquio\/sobre-o-coloquio\/\" class=\"more-link\">Continue lendo<span class=\"screen-reader-text\"> &#8220;Sobre o Col\u00f3quio&#8221;<\/span><\/a><\/p>\n","protected":false},"author":2,"featured_media":0,"parent":0,"menu_order":0,"comment_status":"closed","ping_status":"closed","template":"","meta":[],"_links":{"self":[{"href":"https:\/\/www.ime.usp.br\/coloquio\/wp-json\/wp\/v2\/pages\/56"}],"collection":[{"href":"https:\/\/www.ime.usp.br\/coloquio\/wp-json\/wp\/v2\/pages"}],"about":[{"href":"https:\/\/www.ime.usp.br\/coloquio\/wp-json\/wp\/v2\/types\/page"}],"author":[{"embeddable":true,"href":"https:\/\/www.ime.usp.br\/coloquio\/wp-json\/wp\/v2\/users\/2"}],"replies":[{"embeddable":true,"href":"https:\/\/www.ime.usp.br\/coloquio\/wp-json\/wp\/v2\/comments?post=56"}],"version-history":[{"count":17,"href":"https:\/\/www.ime.usp.br\/coloquio\/wp-json\/wp\/v2\/pages\/56\/revisions"}],"predecessor-version":[{"id":550,"href":"https:\/\/www.ime.usp.br\/coloquio\/wp-json\/wp\/v2\/pages\/56\/revisions\/550"}],"wp:attachment":[{"href":"https:\/\/www.ime.usp.br\/coloquio\/wp-json\/wp\/v2\/media?parent=56"}],"curies":[{"name":"wp","href":"https:\/\/api.w.org\/{rel}","templated":true}]}}