{"id":285,"date":"2023-06-26T11:02:59","date_gmt":"2023-06-26T14:02:59","guid":{"rendered":"https:\/\/www.ime.usp.br\/coloquio\/?page_id=285"},"modified":"2026-02-05T17:22:22","modified_gmt":"2026-02-05T20:22:22","slug":"tem-gente-nova-no-ime","status":"publish","type":"page","link":"https:\/\/www.ime.usp.br\/coloquio\/tem-gente-nova-no-ime\/","title":{"rendered":"Tem gente nova no IME!"},"content":{"rendered":"\n<p>Em 2023, o Col\u00f3quio iniciou esta parceria com a CPqI, trazendo os novos docentes do IME para apresentar suas \u00e1reas de pesquisa para nossa comunidade. Cada edi\u00e7\u00e3o conta com duas palestras mais curtas, uma seguida da outra.<\/p>\n\n\n\n<p>A programa\u00e7\u00e3o completa pode ser encontrada na lista abaixo.\u00a0\u00a0<\/p>\n\n\n\n<figure class=\"wp-block-embed-wordpress wp-block-embed is-type-wp-embed is-provider-coloquio-do-ime\"><div class=\"wp-block-embed__wrapper\">\n<blockquote class=\"wp-embedded-content\" data-secret=\"x6qhHHIjWG\"><a href=\"https:\/\/www.ime.usp.br\/coloquio\/2025\/11\/10\/07-11-2025-helder-oliveira-mac-ime-usp-e-marcelo-k-inagaki-mat-ime-usp\/\">07.11.2025: Helder Oliveira, MAC-IME-USP, e Marcelo K. Inagaki, MAT-IME-USP<\/a><\/blockquote><iframe class=\"wp-embedded-content\" sandbox=\"allow-scripts\" security=\"restricted\" style=\"position: absolute; clip: rect(1px, 1px, 1px, 1px);\" title=\"&#8220;07.11.2025: Helder Oliveira, MAC-IME-USP, e Marcelo K. Inagaki, MAT-IME-USP&#8221; &#8212; Col\u00f3quio do IME\" src=\"https:\/\/www.ime.usp.br\/coloquio\/2025\/11\/10\/07-11-2025-helder-oliveira-mac-ime-usp-e-marcelo-k-inagaki-mat-ime-usp\/embed\/#?secret=x6qhHHIjWG\" data-secret=\"x6qhHHIjWG\" width=\"600\" height=\"338\" frameborder=\"0\" marginwidth=\"0\" marginheight=\"0\" scrolling=\"no\"><\/iframe>\n<\/div><\/figure>\n\n\n\n<figure class=\"wp-block-embed-wordpress wp-block-embed is-type-wp-embed is-provider-coloquio-do-ime\"><div class=\"wp-block-embed__wrapper\">\n<blockquote class=\"wp-embedded-content\" data-secret=\"LlX6oIY533\"><a href=\"https:\/\/www.ime.usp.br\/coloquio\/2025\/09\/17\/12-09-2025-gilson-reis-dos-santos-filho-mat-ime-usp-e-yulia-petrova-mat-ime-usp\/\">12.09.2025: Gilson Reis dos Santos Filho, MAT-IME-USP, e Yulia Petrova, MAT-IME-USP<\/a><\/blockquote><iframe class=\"wp-embedded-content\" sandbox=\"allow-scripts\" security=\"restricted\" style=\"position: absolute; clip: rect(1px, 1px, 1px, 1px);\" title=\"&#8220;12.09.2025: Gilson Reis dos Santos Filho, MAT-IME-USP, e Yulia Petrova, MAT-IME-USP&#8221; &#8212; Col\u00f3quio do IME\" src=\"https:\/\/www.ime.usp.br\/coloquio\/2025\/09\/17\/12-09-2025-gilson-reis-dos-santos-filho-mat-ime-usp-e-yulia-petrova-mat-ime-usp\/embed\/#?secret=LlX6oIY533\" data-secret=\"LlX6oIY533\" width=\"600\" height=\"338\" frameborder=\"0\" marginwidth=\"0\" marginheight=\"0\" scrolling=\"no\"><\/iframe>\n<\/div><\/figure>\n\n\n\n<figure class=\"wp-block-embed-wordpress wp-block-embed is-type-wp-embed is-provider-coloquio-do-ime\"><div class=\"wp-block-embed__wrapper\">\n<blockquote class=\"wp-embedded-content\" data-secret=\"qKMDF3Ph0F\"><a href=\"https:\/\/www.ime.usp.br\/coloquio\/2025\/05\/19\/16-05-2025-pedro-henrique-dias-valle-mac-ime-usp-e-rita-santos-guimaraes-mat-ime-usp\/\">16.05.2025: Pedro Henrique Dias Valle, MAC-IME-USP, e Rita Santos Guimar\u00e3es, MAT-IME-USP<\/a><\/blockquote><iframe class=\"wp-embedded-content\" sandbox=\"allow-scripts\" security=\"restricted\" style=\"position: absolute; clip: rect(1px, 1px, 1px, 1px);\" title=\"&#8220;16.05.2025: Pedro Henrique Dias Valle, MAC-IME-USP, e Rita Santos Guimar\u00e3es, MAT-IME-USP&#8221; &#8212; Col\u00f3quio do IME\" src=\"https:\/\/www.ime.usp.br\/coloquio\/2025\/05\/19\/16-05-2025-pedro-henrique-dias-valle-mac-ime-usp-e-rita-santos-guimaraes-mat-ime-usp\/embed\/#?secret=qKMDF3Ph0F\" data-secret=\"qKMDF3Ph0F\" width=\"600\" height=\"338\" frameborder=\"0\" marginwidth=\"0\" marginheight=\"0\" scrolling=\"no\"><\/iframe>\n<\/div><\/figure>\n\n\n\n<figure class=\"wp-block-embed-wordpress wp-block-embed is-type-wp-embed is-provider-coloquio-do-ime\"><div class=\"wp-block-embed__wrapper\">\n<blockquote class=\"wp-embedded-content\" data-secret=\"cBuo3IqTHq\"><a href=\"https:\/\/www.ime.usp.br\/coloquio\/2025\/05\/05\/04-04-2025-joao-guilherme-caldas-steinstraesser-map-ime-usp-e-leonardo-barichello-mat-ime-usp\/\">04.04.2025: Jo\u00e3o Guilherme Caldas Steinstraesser, MAP-IME-USP, e Leonardo Barichello, MAT-IME-USP<\/a><\/blockquote><iframe class=\"wp-embedded-content\" sandbox=\"allow-scripts\" security=\"restricted\" style=\"position: absolute; clip: rect(1px, 1px, 1px, 1px);\" title=\"&#8220;04.04.2025: Jo\u00e3o Guilherme Caldas Steinstraesser, MAP-IME-USP, e Leonardo Barichello, MAT-IME-USP&#8221; &#8212; Col\u00f3quio do IME\" src=\"https:\/\/www.ime.usp.br\/coloquio\/2025\/05\/05\/04-04-2025-joao-guilherme-caldas-steinstraesser-map-ime-usp-e-leonardo-barichello-mat-ime-usp\/embed\/#?secret=cBuo3IqTHq\" data-secret=\"cBuo3IqTHq\" width=\"600\" height=\"338\" frameborder=\"0\" marginwidth=\"0\" marginheight=\"0\" scrolling=\"no\"><\/iframe>\n<\/div><\/figure>\n\n\n\n<figure class=\"wp-block-embed-wordpress wp-block-embed is-type-wp-embed is-provider-coloquio-do-ime\"><div class=\"wp-block-embed__wrapper\">\n<blockquote class=\"wp-embedded-content\" data-secret=\"4FJ28tPwPt\"><a href=\"https:\/\/www.ime.usp.br\/coloquio\/2024\/11\/11\/08-11-2024-daniel-levcovitz-map-ime-usp-e-jose-luis-vilca-rodriguez-mat-ime-usp\/\">08.11.2024: Daniel Levcovitz, MAP-IME-USP, e Jos\u00e9 Luis Vilca Rodr\u00edguez, MAT-IME-USP<\/a><\/blockquote><iframe class=\"wp-embedded-content\" sandbox=\"allow-scripts\" security=\"restricted\" style=\"position: absolute; clip: rect(1px, 1px, 1px, 1px);\" title=\"&#8220;08.11.2024: Daniel Levcovitz, MAP-IME-USP, e Jos\u00e9 Luis Vilca Rodr\u00edguez, MAT-IME-USP&#8221; &#8212; Col\u00f3quio do IME\" src=\"https:\/\/www.ime.usp.br\/coloquio\/2024\/11\/11\/08-11-2024-daniel-levcovitz-map-ime-usp-e-jose-luis-vilca-rodriguez-mat-ime-usp\/embed\/#?secret=4FJ28tPwPt\" data-secret=\"4FJ28tPwPt\" width=\"600\" height=\"338\" frameborder=\"0\" marginwidth=\"0\" marginheight=\"0\" scrolling=\"no\"><\/iframe>\n<\/div><\/figure>\n\n\n\n<figure class=\"wp-block-embed-wordpress wp-block-embed is-type-wp-embed is-provider-coloquio-do-ime\"><div class=\"wp-block-embed__wrapper\">\n<blockquote class=\"wp-embedded-content\" data-secret=\"0UPRK2UicU\"><a href=\"https:\/\/www.ime.usp.br\/coloquio\/2024\/09\/14\/13-09-2024-fabio-botler-mac-ime-usp-e-renato-vianna-mat-ime-usp\/\">13.09.2024: F\u00e1bio Botler, MAC-IME-USP e Renato Vianna, MAT-IME-USP<\/a><\/blockquote><iframe class=\"wp-embedded-content\" sandbox=\"allow-scripts\" security=\"restricted\" style=\"position: absolute; clip: rect(1px, 1px, 1px, 1px);\" title=\"&#8220;13.09.2024: F\u00e1bio Botler, MAC-IME-USP e Renato Vianna, MAT-IME-USP&#8221; &#8212; Col\u00f3quio do IME\" src=\"https:\/\/www.ime.usp.br\/coloquio\/2024\/09\/14\/13-09-2024-fabio-botler-mac-ime-usp-e-renato-vianna-mat-ime-usp\/embed\/#?secret=0UPRK2UicU\" data-secret=\"0UPRK2UicU\" width=\"600\" height=\"338\" frameborder=\"0\" marginwidth=\"0\" marginheight=\"0\" scrolling=\"no\"><\/iframe>\n<\/div><\/figure>\n\n\n\n<figure class=\"wp-block-embed-wordpress wp-block-embed is-type-wp-embed is-provider-coloquio-do-ime\"><div class=\"wp-block-embed__wrapper\">\n<blockquote class=\"wp-embedded-content\" data-secret=\"3LzZVxsE21\"><a href=\"https:\/\/www.ime.usp.br\/coloquio\/2024\/05\/02\/26-04-2024-eduardo-rosinato-longa-mat-ime-usp-e-morgan-florian-thibault-andre-mae-ime-usp\/\">26.04.2024: Eduardo Rosinato Longa, MAT-IME-USP e Morgan Florian Thibault Andre, MAE-IME-USP<\/a><\/blockquote><iframe class=\"wp-embedded-content\" sandbox=\"allow-scripts\" security=\"restricted\" style=\"position: absolute; clip: rect(1px, 1px, 1px, 1px);\" title=\"&#8220;26.04.2024: Eduardo Rosinato Longa, MAT-IME-USP e Morgan Florian Thibault Andre, MAE-IME-USP&#8221; &#8212; Col\u00f3quio do IME\" src=\"https:\/\/www.ime.usp.br\/coloquio\/2024\/05\/02\/26-04-2024-eduardo-rosinato-longa-mat-ime-usp-e-morgan-florian-thibault-andre-mae-ime-usp\/embed\/#?secret=3LzZVxsE21\" data-secret=\"3LzZVxsE21\" width=\"600\" height=\"338\" frameborder=\"0\" marginwidth=\"0\" marginheight=\"0\" scrolling=\"no\"><\/iframe>\n<\/div><\/figure>\n\n\n\n<figure class=\"wp-block-embed-wordpress wp-block-embed is-type-wp-embed is-provider-coloquio-do-ime\"><div class=\"wp-block-embed__wrapper\">\n<blockquote class=\"wp-embedded-content\" data-secret=\"c83OMGRq0Q\"><a href=\"https:\/\/www.ime.usp.br\/coloquio\/2024\/03\/18\/15-03-2024-joao-henrique-andrade-mat-ime-usp-e-pablo-almeida-gomes-mae-ime-usp\/\">15.03.2024: Jo\u00e3o Henrique Andrade, MAT-IME-USP e Pablo Almeida Gomes, MAE-IME-USP<\/a><\/blockquote><iframe class=\"wp-embedded-content\" sandbox=\"allow-scripts\" security=\"restricted\" style=\"position: absolute; clip: rect(1px, 1px, 1px, 1px);\" title=\"&#8220;15.03.2024: Jo\u00e3o Henrique Andrade, MAT-IME-USP e Pablo Almeida Gomes, MAE-IME-USP&#8221; &#8212; Col\u00f3quio do IME\" src=\"https:\/\/www.ime.usp.br\/coloquio\/2024\/03\/18\/15-03-2024-joao-henrique-andrade-mat-ime-usp-e-pablo-almeida-gomes-mae-ime-usp\/embed\/#?secret=c83OMGRq0Q\" data-secret=\"c83OMGRq0Q\" width=\"600\" height=\"338\" frameborder=\"0\" marginwidth=\"0\" marginheight=\"0\" scrolling=\"no\"><\/iframe>\n<\/div><figcaption>https:\/\/www.ime.usp.br\/coloquio\/2024\/05\/02\/26-04-2024-eduardo-rosinato-longa-mat-ime-usp-e-morgan-florian-thibault-andre-mae-ime-usp\/<\/figcaption><\/figure>\n\n\n\n<p><\/p>\n\n\n\n<figure class=\"wp-block-embed-wordpress wp-block-embed is-type-wp-embed is-provider-coloquio-do-ime\"><div class=\"wp-block-embed__wrapper\">\n<blockquote class=\"wp-embedded-content\" data-secret=\"taQtxfpAmQ\"><a href=\"https:\/\/www.ime.usp.br\/coloquio\/2023\/11\/03\/27-10-2023-felipe-de-queiroz-mae-ime-usp-e-joao-nariyoshi-mat-ime-usp-2\/\">27.10.2023: Felipe de Queiroz, MAE-IME-USP, e Jo\u00e3o Nariyoshi, MAT-IME-USP<\/a><\/blockquote><iframe class=\"wp-embedded-content\" sandbox=\"allow-scripts\" security=\"restricted\" style=\"position: absolute; clip: rect(1px, 1px, 1px, 1px);\" title=\"&#8220;27.10.2023: Felipe de Queiroz, MAE-IME-USP, e Jo\u00e3o Nariyoshi, MAT-IME-USP&#8221; &#8212; Col\u00f3quio do IME\" src=\"https:\/\/www.ime.usp.br\/coloquio\/2023\/11\/03\/27-10-2023-felipe-de-queiroz-mae-ime-usp-e-joao-nariyoshi-mat-ime-usp-2\/embed\/#?secret=taQtxfpAmQ\" data-secret=\"taQtxfpAmQ\" width=\"600\" height=\"338\" frameborder=\"0\" marginwidth=\"0\" marginheight=\"0\" scrolling=\"no\"><\/iframe>\n<\/div><\/figure>\n\n\n\n<figure class=\"wp-block-embed-wordpress wp-block-embed is-type-wp-embed is-provider-coloquio-do-ime\"><div class=\"wp-block-embed__wrapper\">\n<blockquote class=\"wp-embedded-content\" data-secret=\"jdc973CCbD\"><a href=\"https:\/\/www.ime.usp.br\/coloquio\/2023\/09\/04\/25-08-2023-leonardo-rolla-mae-ime-usp-e-paulo-meirelles-mac-ime-usp\/\">25.08.2023: Leonardo Rolla, MAE-IME-USP, e Paulo Meirelles, MAC-IME-USP<\/a><\/blockquote><iframe class=\"wp-embedded-content\" sandbox=\"allow-scripts\" security=\"restricted\" style=\"position: absolute; clip: rect(1px, 1px, 1px, 1px);\" title=\"&#8220;25.08.2023: Leonardo Rolla, MAE-IME-USP, e Paulo Meirelles, MAC-IME-USP&#8221; &#8212; Col\u00f3quio do IME\" src=\"https:\/\/www.ime.usp.br\/coloquio\/2023\/09\/04\/25-08-2023-leonardo-rolla-mae-ime-usp-e-paulo-meirelles-mac-ime-usp\/embed\/#?secret=jdc973CCbD\" data-secret=\"jdc973CCbD\" width=\"600\" height=\"338\" frameborder=\"0\" marginwidth=\"0\" marginheight=\"0\" scrolling=\"no\"><\/iframe>\n<\/div><\/figure>\n\n\n\n<figure class=\"wp-block-embed-wordpress wp-block-embed is-type-wp-embed is-provider-coloquio-do-ime\"><div class=\"wp-block-embed__wrapper\">\n<blockquote class=\"wp-embedded-content\" data-secret=\"cqwjWRgoQB\"><a href=\"https:\/\/www.ime.usp.br\/coloquio\/2023\/06\/26\/tem-gente-nova-no-ime\/\">23.06.2023: Lucas Colucci, MAT-IME-USP, e Rafael Stern, MAE-IME-USP<\/a><\/blockquote><iframe class=\"wp-embedded-content\" sandbox=\"allow-scripts\" security=\"restricted\" style=\"position: absolute; clip: rect(1px, 1px, 1px, 1px);\" title=\"&#8220;23.06.2023: Lucas Colucci, MAT-IME-USP, e Rafael Stern, MAE-IME-USP&#8221; &#8212; Col\u00f3quio do IME\" src=\"https:\/\/www.ime.usp.br\/coloquio\/2023\/06\/26\/tem-gente-nova-no-ime\/embed\/#?secret=cqwjWRgoQB\" data-secret=\"cqwjWRgoQB\" width=\"600\" height=\"338\" frameborder=\"0\" marginwidth=\"0\" marginheight=\"0\" scrolling=\"no\"><\/iframe>\n<\/div><\/figure>\n","protected":false},"excerpt":{"rendered":"<p>Em 2023, o Col\u00f3quio iniciou esta parceria com a CPqI, trazendo os novos docentes do IME para apresentar suas \u00e1reas de pesquisa para nossa comunidade. Cada edi\u00e7\u00e3o conta com duas palestras mais curtas, uma seguida da outra. A programa\u00e7\u00e3o completa pode ser encontrada na lista abaixo.\u00a0\u00a0<\/p>\n","protected":false},"author":2,"featured_media":0,"parent":0,"menu_order":0,"comment_status":"closed","ping_status":"closed","template":"","meta":[],"_links":{"self":[{"href":"https:\/\/www.ime.usp.br\/coloquio\/wp-json\/wp\/v2\/pages\/285"}],"collection":[{"href":"https:\/\/www.ime.usp.br\/coloquio\/wp-json\/wp\/v2\/pages"}],"about":[{"href":"https:\/\/www.ime.usp.br\/coloquio\/wp-json\/wp\/v2\/types\/page"}],"author":[{"embeddable":true,"href":"https:\/\/www.ime.usp.br\/coloquio\/wp-json\/wp\/v2\/users\/2"}],"replies":[{"embeddable":true,"href":"https:\/\/www.ime.usp.br\/coloquio\/wp-json\/wp\/v2\/comments?post=285"}],"version-history":[{"count":7,"href":"https:\/\/www.ime.usp.br\/coloquio\/wp-json\/wp\/v2\/pages\/285\/revisions"}],"predecessor-version":[{"id":533,"href":"https:\/\/www.ime.usp.br\/coloquio\/wp-json\/wp\/v2\/pages\/285\/revisions\/533"}],"wp:attachment":[{"href":"https:\/\/www.ime.usp.br\/coloquio\/wp-json\/wp\/v2\/media?parent=285"}],"curies":[{"name":"wp","href":"https:\/\/api.w.org\/{rel}","templated":true}]}}