{"id":409,"date":"2019-11-13T17:26:28","date_gmt":"2019-11-13T19:26:28","guid":{"rendered":"http:\/\/www2.ime.usp.br:8088\/biblioteca\/?page_id=409"},"modified":"2021-10-19T11:10:33","modified_gmt":"2021-10-19T14:10:33","slug":"gerenciadores-de-referencias-e-citacoes","status":"publish","type":"page","link":"https:\/\/www.ime.usp.br\/bib\/apoio-ao-pesquisador\/gerenciadores-de-referencias-e-citacoes\/","title":{"rendered":"Gerenciadores de Refer\u00eancias e Cita\u00e7\u00f5es"},"content":{"rendered":"\n<p class=\"wp-block-paragraph\">Os gerenciadores de refer\u00eancias s\u00e3o ferramentas que permitem que voc\u00ea crie um banco de dados de refer\u00eancias que voc\u00ea pode usar para manter o controle de sua leitura e para a criar cita\u00e7\u00f5es e refer\u00eancias durante a reda\u00e7\u00e3o de seus trabalhos. <\/p>\n\n\n\n<p class=\"wp-block-paragraph\">Alguns softwares amplamente utilizados para o gerenciamento de refer\u00eancias e organiza\u00e7\u00e3o dos arquivos pesquisados s\u00e3o:<br><\/p>\n\n\n\n<h2 class=\"wp-block-heading\">BibTeX<\/h2>\n\n\n\n<p class=\"wp-block-paragraph\"><a rel=\"noreferrer noopener\" href=\"http:\/\/www.bibtex.org\" target=\"_blank\">BibTeX<\/a> \u00e9 um software de gerenciamento de refer\u00eancias usado em conjunto com o sistema de prepara\u00e7\u00e3o de documentos LaTeX. Organiza e formata as fontes de informa\u00e7\u00e3o consultadas para o desenvolvimento de trabalhos acad\u00eamicos. Facilita a cita\u00e7\u00e3o de fontes.  <\/p>\n\n\n\n<p class=\"wp-block-paragraph\"><em>Tutorial: <a href=\"http:\/\/www.bibtex.org\/\">BibTeX<\/a><\/em><\/p>\n\n\n\n<p class=\"wp-block-paragraph\"><\/p>\n\n\n\n<h2 class=\"wp-block-heading\">Overleaf<\/h2>\n\n\n\n<p class=\"wp-block-paragraph\"><a rel=\"noreferrer noopener\" href=\"https:\/\/pt.overleaf.com\/\" target=\"_blank\">Overleaf<\/a> \u00e9 um editor de escrita e publica\u00e7\u00e3o colaborativa de documentos LaTeX. Pode ser usado em conjunto com diferentes sistemas gerenciadores de refer\u00eancias bibliogr\u00e1ficas em formato BibTex para inclus\u00e3o de cita\u00e7\u00f5es e refer\u00eancias no trabalho.  <\/p>\n\n\n\n<p class=\"wp-block-paragraph\"><em>Tutorial: <a href=\"https:\/\/www.esalq.usp.br\/biblioteca\/tutorial-template-latex.pdf\">Overleaf<\/a><\/em><\/p>\n\n\n\n<p class=\"wp-block-paragraph\"><\/p>\n\n\n\n<h2 class=\"wp-block-heading\">EndNote<\/h2>\n\n\n\n<p class=\"wp-block-paragraph\"><a rel=\"noreferrer noopener\" href=\"http:\/\/www.myendnoteweb.com\" target=\"_blank\">EndNote<\/a> \u00e9 um gerenciador de refer\u00eancias dispon\u00edvel junto \u00e0 base Web of Science, no Portal de Peri\u00f3dicos da Capes. Permite armazenar, organizar, compartilhar e gerar refer\u00eancias recuperadas&nbsp;de diversas bases de dados e pode ser integrado ao Word para gera\u00e7\u00e3o autom\u00e1tica de cita\u00e7\u00f5es e refer\u00eancias.  <\/p>\n\n\n\n<p class=\"wp-block-paragraph\"><em>Tutorial:&nbsp;<a rel=\"noreferrer noopener\" href=\"http:\/\/www.esalq.usp.br\/biblioteca\/pdf\/EndNote_Basic_2018.pdf\" target=\"_blank\">EndNote Basic<\/a> <\/em><\/p>\n\n\n\n<p class=\"wp-block-paragraph\"><\/p>\n\n\n\n<h2 class=\"wp-block-heading\">Mendeley<\/h2>\n\n\n\n<p class=\"wp-block-paragraph\"><a href=\"http:\/\/www.mendeley.com\" target=\"_blank\" rel=\"noreferrer noopener\">Mendeley <\/a>\u00e9 um gerenciador de refer\u00eancias e de cita\u00e7\u00f5es gratuito disponibilizado pela Elsevier. Permite armazenar, organizar, compartilhar e gerar refer\u00eancias que podem ser importadas de diversas bases de dados. Nas vers\u00f5es web e desktop, pode ser integrado a editores de texto para gera\u00e7\u00e3o autom\u00e1tica de cita\u00e7\u00f5es e refer\u00eancias.&nbsp;<\/p>\n\n\n\n<p class=\"wp-block-paragraph\"><em><a rel=\"noreferrer noopener\" href=\"https:\/\/www.bibliotecas.ufu.br\/sites\/bibliotecas.ufu.br\/files\/media\/documento\/mendeley.pdf\" target=\"_blank\">Instru\u00e7\u00f5es simplificadas<\/a>. Tutorial completo:&nbsp;<a rel=\"noreferrer noopener\" href=\"https:\/\/www.ime.usp.br\/images\/arquivos\/bib\/Guia_Mendeley.pdf\" target=\"_blank\">Mendeley<\/a>&nbsp;. V\u00eddeo-aulas: 1-&nbsp;<a rel=\"noreferrer noopener\" href=\"https:\/\/vimeo.com\/user14237159\/review\/291943507\/4950fda711\" target=\"_blank\">Instala\u00e7\u00e3o e registro<\/a>&nbsp;\/ 2-&nbsp;<a rel=\"noreferrer noopener\" href=\"https:\/\/vimeo.com\/user14237159\/review\/291945559\/e0c65598ae\" target=\"_blank\">Mendeley web<\/a>&nbsp;\/ 3-&nbsp;<a rel=\"noreferrer noopener\" href=\"https:\/\/vimeo.com\/user14237159\/review\/291949981\/d5ab738757\" target=\"_blank\">Mendeley desktop<\/a>&nbsp;\/ 4-&nbsp;<a rel=\"noreferrer noopener\" href=\"https:\/\/vimeo.com\/user14237159\/review\/291956874\/593e8d8be6\" target=\"_blank\">Cita\u00e7\u00f5es e refer\u00eancias<\/a>.<\/em><\/p>\n\n\n\n<p class=\"wp-block-paragraph\"><\/p>\n\n\n\n<h2 class=\"wp-block-heading\">Zotero<\/h2>\n\n\n\n<p class=\"wp-block-paragraph\">O <a rel=\"noreferrer noopener\" href=\"https:\/\/www.zotero.org\" target=\"_blank\">Zotero<\/a> \u00e9 um gerenciador de refer\u00eancias e de cita\u00e7\u00f5es gratuito disponibilizado pela Roy Rosenzweig Center for History and New Media. Permite armazenar, organizar, compartilhar e gerar refer\u00eancias a partir de diversas bases de dados. Nas vers\u00f5es web e desktop tamb\u00e9m pode ser integrado aos editores de texto para gera\u00e7\u00e3o autom\u00e1tica de cita\u00e7\u00f5es e refer\u00eancias.  <\/p>\n\n\n\n<p class=\"wp-block-paragraph\"><em>Tutorial:&nbsp;<a rel=\"noreferrer noopener\" href=\"https:\/\/www.ime.usp.br\/images\/arquivos\/bib\/Tutorial-Zotero.pdf\" target=\"_blank\">Zotero<\/a><\/em><\/p>\n\n\n\n<p class=\"wp-block-paragraph\"><\/p>\n\n\n\n<h2 class=\"wp-block-heading\">MORE<\/h2>\n\n\n\n<p class=\"wp-block-paragraph\">O <a href=\"http:\/\/www.more.ufsc.br\/\" target=\"_blank\" rel=\"noreferrer noopener\">MORE<\/a> \u00e9 um gerador autom\u00e1tico de refer\u00eancias e cita\u00e7\u00f5es no formato ABNT. \u00c9 poss\u00edvel armazenar suas refer\u00eancias por cole\u00e7\u00f5es e pesquisar e importar uma refer\u00eancia para o seu rol de refer\u00eancias.&nbsp;  <\/p>\n\n\n\n<p class=\"wp-block-paragraph\"><em>Tutorial: <a href=\"http:\/\/novo.more.ufsc.br\/tutorial\/index\">MORE<\/a><\/em><\/p>\n\n\n\n<p class=\"wp-block-paragraph\"><\/p>\n\n\n\n<div class=\"wp-block-group\"><div class=\"wp-block-group__inner-container is-layout-flow wp-block-group-is-layout-flow\">\n<div style=\"height:20px\" aria-hidden=\"true\" class=\"wp-block-spacer\"><\/div>\n<\/div><\/div>\n\n\n\n<div class=\"wp-block-coblocks-alert\" aria-label=\"Alert section\"><p class=\"wp-block-coblocks-alert__text\">N\u00e3o h\u00e1 custo para usar o BibTex, Overleaf, EndNote Web, Mendeley, Zotero ou MORE. S\u00e3o ferramentas gratuitas. Apenas a vers\u00e3o Desktop do EndNote \u00e9 paga. Mesmo trabalhando sem acesso \u00e0 Internet, \u00e9 poss\u00edvel gerenciar as refer\u00eancias armazenadas no Mendeley e no Zotero. A ferramenta EndNote Web necessita de acesso \u00e0 Internet. Para mais informa\u00e7\u00f5es, consulte o seguinte tutorial: <a rel=\"noreferrer noopener\" href=\"http:\/\/www.sibi.usp.br\/wp-content\/uploads\/2016\/10\/Gerenciadores.pdf\" target=\"_blank\"><strong>Introdu\u00e7\u00e3o ao uso de Gerenciadores de Refer\u00eancias e Cita\u00e7\u00f5es&nbsp;<\/strong><\/a>&nbsp;<\/p><\/div>\n\n\n\n<div style=\"height:20px\" aria-hidden=\"true\" class=\"wp-block-spacer\"><\/div>\n\n\n\n<p class=\"wp-block-paragraph\">Fonte:&nbsp;<a href=\"http:\/\/www.sibi.usp.br\/apoio-pesquisador\/integridade-prevencao-plagio\/\">AGUIA USP<\/a>&nbsp;e UNIFESP.<br><\/p>\n","protected":false},"excerpt":{"rendered":"<p>Os gerenciadores de refer\u00eancias s\u00e3o ferramentas que permitem que voc\u00ea crie um banco de dados de refer\u00eancias que voc\u00ea pode usar para manter o controle de sua leitura e para a criar cita\u00e7\u00f5es e refer\u00eancias durante a reda\u00e7\u00e3o de seus <a href=\"https:\/\/www.ime.usp.br\/bib\/apoio-ao-pesquisador\/gerenciadores-de-referencias-e-citacoes\/\" class=\"read-more\">Leia mais &#8230;<\/a><\/p>\n","protected":false},"author":2,"featured_media":0,"parent":40,"menu_order":3,"comment_status":"closed","ping_status":"closed","template":"","meta":{"_coblocks_attr":"","_coblocks_dimensions":"","_coblocks_responsive_height":"","_coblocks_accordion_ie_support":"","_crdt_document":"","_uag_custom_page_level_css":"","_EventAllDay":false,"_EventTimezone":"","_EventStartDate":"","_EventEndDate":"","_EventStartDateUTC":"","_EventEndDateUTC":"","_EventShowMap":false,"_EventShowMapLink":false,"_EventURL":"","_EventCost":"","_EventCostDescription":"","_EventCurrencySymbol":"","_EventCurrencyCode":"","_EventCurrencyPosition":"","_EventDateTimeSeparator":"","_EventTimeRangeSeparator":"","_EventOrganizerID":[],"_EventVenueID":[],"_OrganizerEmail":"","_OrganizerPhone":"","_OrganizerWebsite":"","_VenueAddress":"","_VenueCity":"","_VenueCountry":"","_VenueProvince":"","_VenueState":"","_VenueZip":"","_VenuePhone":"","_VenueURL":"","_VenueStateProvince":"","_VenueLat":"","_VenueLng":"","_VenueShowMap":false,"_VenueShowMapLink":false,"footnotes":""},"class_list":["post-409","page","type-page","status-publish","hentry"],"uagb_featured_image_src":{"full":false,"thumbnail":false,"medium":false,"medium_large":false,"large":false,"1536x1536":false,"2048x2048":false,"education-hub-thumb":false},"uagb_author_info":{"display_name":"Stela Madruga","author_link":"https:\/\/www.ime.usp.br\/bib\/author\/stela\/"},"uagb_comment_info":0,"uagb_excerpt":"Os gerenciadores de refer\u00eancias s\u00e3o ferramentas que permitem que voc\u00ea crie um banco de dados de refer\u00eancias que voc\u00ea pode usar para manter o controle de sua leitura e para a criar cita\u00e7\u00f5es e refer\u00eancias durante a reda\u00e7\u00e3o de seus Leia mais ...","_links":{"self":[{"href":"https:\/\/www.ime.usp.br\/bib\/wp-json\/wp\/v2\/pages\/409","targetHints":{"allow":["GET"]}}],"collection":[{"href":"https:\/\/www.ime.usp.br\/bib\/wp-json\/wp\/v2\/pages"}],"about":[{"href":"https:\/\/www.ime.usp.br\/bib\/wp-json\/wp\/v2\/types\/page"}],"author":[{"embeddable":true,"href":"https:\/\/www.ime.usp.br\/bib\/wp-json\/wp\/v2\/users\/2"}],"replies":[{"embeddable":true,"href":"https:\/\/www.ime.usp.br\/bib\/wp-json\/wp\/v2\/comments?post=409"}],"version-history":[{"count":13,"href":"https:\/\/www.ime.usp.br\/bib\/wp-json\/wp\/v2\/pages\/409\/revisions"}],"predecessor-version":[{"id":3001,"href":"https:\/\/www.ime.usp.br\/bib\/wp-json\/wp\/v2\/pages\/409\/revisions\/3001"}],"up":[{"embeddable":true,"href":"https:\/\/www.ime.usp.br\/bib\/wp-json\/wp\/v2\/pages\/40"}],"wp:attachment":[{"href":"https:\/\/www.ime.usp.br\/bib\/wp-json\/wp\/v2\/media?parent=409"}],"curies":[{"name":"wp","href":"https:\/\/api.w.org\/{rel}","templated":true}]}}