{"id":396,"date":"2019-11-13T17:06:46","date_gmt":"2019-11-13T19:06:46","guid":{"rendered":"http:\/\/www2.ime.usp.br:8088\/biblioteca\/?page_id=396"},"modified":"2025-04-14T16:03:37","modified_gmt":"2025-04-14T19:03:37","slug":"guias-e-tutoriais","status":"publish","type":"page","link":"https:\/\/www.ime.usp.br\/bib\/apoio-ao-pesquisador\/guias-e-tutoriais\/","title":{"rendered":"Guias e Tutoriais"},"content":{"rendered":"\n<p class=\"wp-block-paragraph\">A Biblioteca disponibiliza tutoriais, guias e manuais diversos para apoiar a utiliza\u00e7\u00e3o dos recursos de informa\u00e7\u00e3o:<\/p>\n\n\n\n<p class=\"wp-block-paragraph\"><\/p>\n\n\n\n<ul class=\"wp-block-list\">\n<li><a href=\"https:\/\/www.ime.usp.br\/bib\/wp-content\/uploads\/2023\/01\/Tutorial_CAFe_IME_2022.pdf\" target=\"_blank\" rel=\"noreferrer noopener\">Acesso Remoto CAFe &#8211; Portal Capes<\/a><\/li>\n\n\n\n<li><a href=\"https:\/\/www.ime.usp.br\/bib\/wp-content\/uploads\/2023\/01\/VPN_instalacao.pdf\" target=\"_blank\" rel=\"noreferrer noopener\">Acesso Remoto VPN &#8211; USP<\/a><\/li>\n\n\n\n<li><a href=\"https:\/\/www.ime.usp.br\/bib\/wp-content\/uploads\/2023\/01\/Tutorial_ReP_2022.pdf\" target=\"_blank\" rel=\"noreferrer noopener\">ReP &#8211; Reposit\u00f3rio da Produ\u00e7\u00e3o USP<\/a><\/li>\n\n\n\n<li><a href=\"https:\/\/www.ime.usp.br\/bib\/wp-content\/uploads\/2021\/05\/BV-Pearson_Manual-de-uso.pdf\" target=\"_blank\" rel=\"noreferrer noopener\">Biblioteca Virtual Pearson<\/a><\/li>\n\n\n\n<li><a href=\"https:\/\/www.youtube.com\/watch?v=e11c7uydR84\" target=\"_blank\" rel=\"noreferrer noopener\">Conhe\u00e7a a Biblioteca do IME<\/a><\/li>\n\n\n\n<li><a href=\"https:\/\/portal.ifma.edu.br\/wp-content\/uploads\/2020\/02\/Projeto_Lattes_revisado_NOVO.pdf\" target=\"_blank\" rel=\"noreferrer noopener\">Curr\u00edculo Lattes<\/a><\/li>\n\n\n\n<li><a href=\"https:\/\/www.ime.usp.br\/bib\/wp-content\/uploads\/2024\/06\/Tutorial_DEDALUS_IME-.pdf\" target=\"_blank\" rel=\"noreferrer noopener\">DEDALUS \u2013&nbsp;Cat\u00e1logo Bibliogr\u00e1fico<\/a><\/li>\n\n\n\n<li><a href=\"https:\/\/www.livrosabertos.abcd.usp.br\/portaldelivrosUSP\/catalog\/view\/1353\/1233\/5507\" target=\"_blank\" rel=\"noreferrer noopener\">Diretrizes ABNT para trabalhos acad\u00eamicos<\/a><\/li>\n\n\n\n<li><a href=\"https:\/\/www.ime.usp.br\/bib\/wp-content\/uploads\/2023\/01\/Tutorial_SISWEEB_IME_2022.pdf\" target=\"_blank\" rel=\"noreferrer noopener\">EEB &#8211; SISWEEB<\/a><\/li>\n\n\n\n<li><a href=\"http:\/\/www.esalq.usp.br\/biblioteca\/pdf\/EndNote_Basic_2018.pdf\" target=\"_blank\" rel=\"noreferrer noopener\">End Note (ESALQ)<\/a><\/li>\n\n\n\n<li><a href=\"http:\/\/www.escritacientifica.sc.usp.br\/\" target=\"_blank\" rel=\"noreferrer noopener\">Escrita e Publica\u00e7\u00e3o Cient\u00edfica<\/a><\/li>\n\n\n\n<li><a href=\"http:\/\/www.sibi.usp.br\/wp-content\/uploads\/2016\/10\/Gerenciadores.pdf\" target=\"_blank\" rel=\"noreferrer noopener\">Gerenciadores de Cita\u00e7\u00f5es e Refer\u00eancias<\/a><\/li>\n\n\n\n<li><a href=\"https:\/\/www.ime.usp.br\/bib\/wp-content\/uploads\/2024\/06\/Guia-Biblioteca-2024_.pdf\">G<\/a><a href=\"https:\/\/www.ime.usp.br\/bib\/wp-content\/uploads\/2024\/06\/Guia-Biblioteca-2024_.pdf\" target=\"_blank\" rel=\"noreferrer noopener\">uia da Biblioteca do IME-USP<\/a><\/li>\n\n\n\n<li><a href=\"http:\/\/labcoat.ibict.br\/portal\/wp-content\/uploads\/2015\/03\/Guia-do-usu%C3%A1rio-do-DOI-online3.pdf\" target=\"_blank\" rel=\"noreferrer noopener\">Guia do Usu\u00e1rio do DOI<\/a><\/li>\n\n\n\n<li><a href=\"https:\/\/www.ime.usp.br\/bib\/wp-content\/uploads\/2020\/03\/Tutorial_InCites_.pdf\" target=\"_blank\" rel=\"noreferrer noopener\">InCites<\/a> &#8211; an\u00e1lise bibliom\u00e9trica<\/li>\n\n\n\n<li><a href=\"http:\/\/www.sibi.usp.br\/wp-content\/uploads\/2017\/08\/Tutorial_Identifica%C3%A7%C3%A3o_de_Pesquisador_USP3.pdf\" target=\"_blank\" rel=\"noreferrer noopener\">Identificadores de Autor<\/a><\/li>\n\n\n\n<li><a aria-label=\" (abre numa nova aba)\" href=\"https:\/\/www.ime.usp.br\/bib\/wp-content\/uploads\/2020\/03\/Guia_Mendeley.pdf\" target=\"_blank\" rel=\"noreferrer noopener\">Mendeley<\/a><\/li>\n\n\n\n<li><a href=\"https:\/\/www.ime.usp.br\/bib\/wp-content\/uploads\/2021\/05\/Tutorial_Minha-Biblioteca.pdf\" target=\"_blank\" rel=\"noreferrer noopener\">Minha Biblioteca<\/a><\/li>\n\n\n\n<li><a aria-label=\" (abre numa nova aba)\" href=\"https:\/\/www.ime.usp.br\/bib\/wp-content\/uploads\/2020\/03\/Tutorial_Booleanos.pdf\" target=\"_blank\" rel=\"noreferrer noopener\">Operadores Booleanos<\/a><\/li>\n\n\n\n<li><a href=\"https:\/\/www.ime.usp.br\/bib\/wp-content\/uploads\/2024\/06\/Tutorial_ORCiD_IME-.pdf\" target=\"_blank\" rel=\"noreferrer noopener\">ORCID Simplificado<\/a><\/li>\n\n\n\n<li><a href=\"https:\/\/www.ime.usp.br\/bib\/wp-content\/uploads\/2024\/06\/Tutorial_Busca-Integrada_IME-.pdf\">Portal de Busca Integrada &#8211; power point<\/a><\/li>\n\n\n\n<li><a href=\"https:\/\/www.youtube.com\/watch?v=aqNhgg-IkAE\" target=\"_blank\" rel=\"noreferrer noopener\">Portal de Busca Integrada &#8211; v\u00eddeo<\/a><\/li>\n\n\n\n<li><a href=\"https:\/\/www.ime.usp.br\/bib\/wp-content\/uploads\/2021\/11\/guiarapido.portal-capes-nov-2021.pdf\" target=\"_blank\" rel=\"noreferrer noopener\">Portal Peri\u00f3dicos Capes<\/a><\/li>\n\n\n\n<li><a href=\"http:\/\/www.sibi.usp.br\/wp-content\/uploads\/2018\/04\/SciVal_Flyer-Primeiros-Passos.pdf\" target=\"_blank\" rel=\"noreferrer noopener\">SciVal<\/a> &#8211; an\u00e1lise bibliom\u00e9trica<\/li>\n\n\n\n<li><a aria-label=\" (abre numa nova aba)\" href=\"https:\/\/www.ime.usp.br\/bib\/wp-content\/uploads\/2020\/03\/Tutorial_Springer_IME.pdf\" target=\"_blank\" rel=\"noreferrer noopener\">SpringerLink<\/a><\/li>\n\n\n\n<li><a href=\"https:\/\/www.ime.usp.br\/bib\/wp-content\/uploads\/2020\/04\/Pesquisa_Teses.pdf\">Teses e Disserta\u00e7\u00f5es: onde pesquisar<\/a><\/li>\n\n\n\n<li><a href=\"https:\/\/www.ime.usp.br\/bib\/wp-content\/uploads\/2023\/05\/Turnitin-Autochecagem.pdf\" target=\"_blank\" rel=\"noreferrer noopener\">Turnitin Autochecagem &#8211; Power Point<\/a><\/li>\n\n\n\n<li><a href=\"https:\/\/www.youtube.com\/watch?v=b0Rsw2DgvfI\">Turnitin Autochecagem &#8211; V\u00edde<\/a><a href=\"https:\/\/www.youtube.com\/watch?v=b0Rsw2DgvfI\" target=\"_blank\" rel=\"noreferrer noopener\">o<\/a><\/li>\n\n\n\n<li><a href=\"https:\/\/www.arca.fiocruz.br\/bitstream\/icict\/29589\/2\/va_Simonini_Leonardo_ICICT_2018.pdf\" target=\"_blank\" rel=\"noreferrer noopener\">Zotero<\/a><\/li>\n<\/ul>\n\n\n\n<p class=\"wp-block-paragraph\">Caso n\u00e3o tenha encontrado o que procura, entre em contato:&nbsp;<a href=\"mailto:bib@ime.usp.br\">bib@ime.usp.br<\/a><\/p>\n","protected":false},"excerpt":{"rendered":"<p>A Biblioteca disponibiliza tutoriais, guias e manuais diversos para apoiar a utiliza\u00e7\u00e3o dos recursos de informa\u00e7\u00e3o: Caso n\u00e3o tenha encontrado o que procura, entre em contato:&nbsp;bib@ime.usp.br<\/p>\n","protected":false},"author":2,"featured_media":0,"parent":40,"menu_order":7,"comment_status":"closed","ping_status":"closed","template":"","meta":{"_coblocks_attr":"","_coblocks_dimensions":"","_coblocks_responsive_height":"","_coblocks_accordion_ie_support":"","_crdt_document":"","_uag_custom_page_level_css":"","_EventAllDay":false,"_EventTimezone":"","_EventStartDate":"","_EventEndDate":"","_EventStartDateUTC":"","_EventEndDateUTC":"","_EventShowMap":false,"_EventShowMapLink":false,"_EventURL":"","_EventCost":"","_EventCostDescription":"","_EventCurrencySymbol":"","_EventCurrencyCode":"","_EventCurrencyPosition":"","_EventDateTimeSeparator":"","_EventTimeRangeSeparator":"","_EventOrganizerID":[],"_EventVenueID":[],"_OrganizerEmail":"","_OrganizerPhone":"","_OrganizerWebsite":"","_VenueAddress":"","_VenueCity":"","_VenueCountry":"","_VenueProvince":"","_VenueState":"","_VenueZip":"","_VenuePhone":"","_VenueURL":"","_VenueStateProvince":"","_VenueLat":"","_VenueLng":"","_VenueShowMap":false,"_VenueShowMapLink":false,"footnotes":""},"class_list":["post-396","page","type-page","status-publish","hentry"],"uagb_featured_image_src":{"full":false,"thumbnail":false,"medium":false,"medium_large":false,"large":false,"1536x1536":false,"2048x2048":false,"education-hub-thumb":false},"uagb_author_info":{"display_name":"Stela Madruga","author_link":"https:\/\/www.ime.usp.br\/bib\/author\/stela\/"},"uagb_comment_info":0,"uagb_excerpt":"A Biblioteca disponibiliza tutoriais, guias e manuais diversos para apoiar a utiliza\u00e7\u00e3o dos recursos de informa\u00e7\u00e3o: Caso n\u00e3o tenha encontrado o que procura, entre em contato:&nbsp;bib@ime.usp.br","_links":{"self":[{"href":"https:\/\/www.ime.usp.br\/bib\/wp-json\/wp\/v2\/pages\/396","targetHints":{"allow":["GET"]}}],"collection":[{"href":"https:\/\/www.ime.usp.br\/bib\/wp-json\/wp\/v2\/pages"}],"about":[{"href":"https:\/\/www.ime.usp.br\/bib\/wp-json\/wp\/v2\/types\/page"}],"author":[{"embeddable":true,"href":"https:\/\/www.ime.usp.br\/bib\/wp-json\/wp\/v2\/users\/2"}],"replies":[{"embeddable":true,"href":"https:\/\/www.ime.usp.br\/bib\/wp-json\/wp\/v2\/comments?post=396"}],"version-history":[{"count":41,"href":"https:\/\/www.ime.usp.br\/bib\/wp-json\/wp\/v2\/pages\/396\/revisions"}],"predecessor-version":[{"id":4832,"href":"https:\/\/www.ime.usp.br\/bib\/wp-json\/wp\/v2\/pages\/396\/revisions\/4832"}],"up":[{"embeddable":true,"href":"https:\/\/www.ime.usp.br\/bib\/wp-json\/wp\/v2\/pages\/40"}],"wp:attachment":[{"href":"https:\/\/www.ime.usp.br\/bib\/wp-json\/wp\/v2\/media?parent=396"}],"curies":[{"name":"wp","href":"https:\/\/api.w.org\/{rel}","templated":true}]}}