{"id":390,"date":"2019-11-13T17:03:15","date_gmt":"2019-11-13T19:03:15","guid":{"rendered":"http:\/\/www2.ime.usp.br:8088\/biblioteca\/?page_id=390"},"modified":"2021-06-11T12:41:39","modified_gmt":"2021-06-11T15:41:39","slug":"gestao-de-dados-de-pesquisa","status":"publish","type":"page","link":"https:\/\/www.ime.usp.br\/bib\/apoio-ao-pesquisador\/gestao-de-dados-de-pesquisa\/","title":{"rendered":"Gest\u00e3o de Dados de Pesquisa"},"content":{"rendered":"\n<p class=\"wp-block-paragraph\"><strong>Dados de Pesquisa<\/strong>&nbsp;s\u00e3o registros cient\u00edficos que embasam os resultados de pesquisa publicados na forma de disserta\u00e7\u00f5es, teses, artigos, patentes e trabalhos cient\u00edficos. <\/p>\n\n\n\n<p class=\"wp-block-paragraph\">Os dados incluem:&nbsp;documentos textuais, planilhas, estat\u00edsticas, cadernos de laborat\u00f3rio, cadernos de campo, di\u00e1rios, question\u00e1rios, transcri\u00e7\u00f5es, arquivos de \u00e1udio, v\u00eddeo, fotografias, sequ\u00eancias de prote\u00ednas ou gen\u00e9ticos, artefatos, amostras, modelos, algoritmos, scripts, arquivos de log, software de simula\u00e7\u00e3o, metodologias e fluxos de trabalho, procedimentos operacionais, padr\u00f5es e protocolos (<a rel=\"noreferrer noopener\" href=\"http:\/\/www.sibi.usp.br\/wp-content\/uploads\/2018\/02\/Folder-SIBiUSP-2018-Gest%C3%A3o-de-Dados-de-Pesquisa-final.pdf\" target=\"_blank\">Folheto explicativo<\/a>).<\/p>\n\n\n\n<p class=\"wp-block-paragraph\">A Pr\u00f3-Reitoria de Pesquisa da USP \u00e9 respons\u00e1vel por estabelecer as normas para a gest\u00e3o de dados cient\u00edficos da universidade, <a href=\"http:\/\/prp.usp.br\/gestao-de-dados-cientificos\/?codmnu=9979\" target=\"_blank\" rel=\"noreferrer noopener\">veja aqui mais informa\u00e7\u00f5es.<\/a><\/p>\n\n\n\n<div style=\"height:20px\" aria-hidden=\"true\" class=\"wp-block-spacer\"><\/div>\n\n\n\n<figure class=\"wp-block-embed aligncenter is-type-video is-provider-youtube wp-block-embed-youtube wp-embed-aspect-4-3 wp-has-aspect-ratio\"><div class=\"wp-block-embed__wrapper\">\n<iframe loading=\"lazy\" title=\"Ci\u00eancia Aberta e Gest\u00e3o de Dados de Pesquisa: Iniciativas USP e FAPESP\" width=\"847\" height=\"635\" src=\"https:\/\/www.youtube.com\/embed\/1DW4PAbEnUM?feature=oembed\" frameborder=\"0\" allow=\"accelerometer; autoplay; clipboard-write; encrypted-media; gyroscope; picture-in-picture\" allowfullscreen><\/iframe>\n<\/div><figcaption> Workshop &#8220;Ci\u00eancia Aberta e Gest\u00e3o de Dados de Pesquisa: Iniciativas USP e FAPESP&#8221; , organizado pela Biblioteca do IME-USP<\/figcaption><\/figure>\n\n\n\n<div style=\"height:20px\" aria-hidden=\"true\" class=\"wp-block-spacer\"><\/div>\n\n\n\n<h2 class=\"wp-block-heading\"><strong>Plano de Gest\u00e3o de Dados<\/strong><\/h2>\n\n\n\n<p class=\"wp-block-paragraph\">A USP tornou-se institui\u00e7\u00e3o filiada \u00e0&nbsp;<em><a href=\"http:\/\/dmptool.org\/\" target=\"_blank\" rel=\"noreferrer noopener\">dmptool.org<\/a><\/em>, uma organiza\u00e7\u00e3o que disponibiliza a ferramenta&nbsp;<strong><em>DMPTool<\/em>&nbsp;<\/strong>para elaborar o Plano de Gest\u00e3o de Dados (PGD) de forma r\u00e1pida e pr\u00e1tica. A STI configurou esta ferramenta para que pesquisadores da USP possam responder (em portugu\u00eas ou ingl\u00eas) perguntas cujas respostas comp\u00f5em um PGD.<\/p>\n\n\n\n<p class=\"wp-block-paragraph\">Para acessar a ferramenta&nbsp;<em>DMPTool,&nbsp;<\/em>acesse este endere\u00e7o:&nbsp;<a href=\"https:\/\/dmptool.org\/\" target=\"_blank\" rel=\"noreferrer noopener\">https:\/\/dmptool.org\/<\/a>.<\/p>\n\n\n\n<p class=\"wp-block-paragraph\">Instru\u00e7\u00f5es para uso&nbsp;da ferramenta DMPTool:<\/p>\n\n\n\n<ul class=\"wp-block-list\"><li>Use a op\u00e7\u00e3o 1 (Option 1: If your institution is affiliated with DMPTool).<\/li><li>Acesse o bot\u00e3o \u201cYour institution\u201d e digite \u201cUniversity of S\u00e3o Paulo\u201d. Em seguida, acione o bot\u00e3o \u201cGo\u201d.<\/li><\/ul>\n\n\n\n<p class=\"wp-block-paragraph\"><a rel=\"noreferrer noopener\" href=\"http:\/\/www.sti.usp.br\/wp-content\/uploads\/sites\/46\/2018\/04\/plano_de_gestao_de_dados_modelo_simplificado.pdf\" target=\"_blank\">Acesse aqui um modelo simplificado de Plano de Gest\u00e3o de Dados (formato PDF)<\/a><\/p>\n\n\n\n<h2 class=\"wp-block-heading\"><strong>Onde depositar?<\/strong><\/h2>\n\n\n\n<p class=\"wp-block-paragraph\">Os dados de pesquisa dos pesquisadores da universidade podem ser depositados no&nbsp;<strong>Reposit\u00f3rio de Dados da USP:&nbsp;<a href=\"https:\/\/uspdigital.usp.br\/repositorio\/\" target=\"_blank\" rel=\"noreferrer noopener\">https:\/\/uspdigital.usp.br\/repositorio\/<\/a><\/strong><\/p>\n\n\n\n<p class=\"wp-block-paragraph\">Outras op\u00e7\u00f5es de reposit\u00f3rios para dep\u00f3sito e buscadores para reutilizar dados cient\u00edficos:<\/p>\n\n\n\n<ul class=\"wp-block-list\"><li><a href=\"https:\/\/zenodo.org\/\" target=\"_blank\" rel=\"noreferrer noopener\">Zenodo<\/a> (CERN)\u00a0&#8211; reposit\u00f3rio de dados em acesso aberto e gratuito.<\/li><li><a href=\"https:\/\/data.mendeley.com\/\" target=\"_blank\" rel=\"noreferrer noopener\">Mendeley data<\/a> (Elsevier) &#8211; reposit\u00f3rio de dados em acesso aberto e gratuito.<\/li><li><a href=\"https:\/\/dataverse.harvard.edu\/\" target=\"_blank\" rel=\"noreferrer noopener\">Dataverse<\/a> (Harvard) &#8211;  reposit\u00f3rio de dados em acesso aberto e gratuito, dados brutos podem ser depositados.<\/li><li><a href=\"http:\/\/service.re3data.org\/search\" target=\"_blank\" rel=\"noreferrer noopener\">R3Data<\/a> (registro global de reposit\u00f3rio de dados) &#8211; localize reposit\u00f3rios de \u00e1reas espec\u00edficas.<\/li><li><a href=\"https:\/\/search.datacite.org\/\" target=\"_blank\" rel=\"noreferrer noopener\">DataCite<\/a> (DOIs para dados de pesquisa) &#8211; buscador de dados cient\u00edficos em reposit\u00f3rios.<\/li><li><a href=\"https:\/\/datasetsearch.research.google.com\/\" target=\"_blank\" rel=\"noreferrer noopener\">Google Dataset Search<\/a> &#8211; buscador de dados cient\u00edficos em reposit\u00f3rios.<\/li><\/ul>\n\n\n\n<pre id=\"tw-target-text\" class=\"wp-block-preformatted\"><\/pre>\n\n\n\n<p class=\"wp-block-paragraph\"><strong>Veja tamb\u00e9m<\/strong>:<\/p>\n\n\n\n<ul class=\"is-style-default wp-block-list\"><li><a aria-label=\"Plano de Gest\u00e3o de Dados FAPESP (abre numa nova aba)\" rel=\"noreferrer noopener\" href=\"http:\/\/www.fapesp.br\/gestaodedados\/\" target=\"_blank\"><strong>P<\/strong><\/a><strong><a aria-label=\"Plano de Gest\u00e3o de Dados FAPESP (abre numa nova aba)\" rel=\"noreferrer noopener\" href=\"http:\/\/www.fapesp.br\/gestaodedados\/\" target=\"_blank\">lano de Gest\u00e3o de Dados FAPESP<\/a><\/strong><\/li><li><strong><a aria-label=\"Metabuscador de Dados de Pesquisa (abre numa nova aba)\" href=\"https:\/\/metabuscador.uspdigital.usp.br\/\" target=\"_blank\" rel=\"noreferrer noopener\">Metabuscador de Dados de Pesquisa<\/a><\/strong><\/li><li><a href=\"https:\/\/portal.fiocruz.br\/ciencia-aberta\" target=\"_blank\" rel=\"noreferrer noopener\"><strong>Entenda o movimento global da Ci\u00eancia Aberta &#8211; Portal Fiocruz<\/strong><\/a><\/li><\/ul>\n\n\n\n<p class=\"wp-block-paragraph\"><\/p>\n","protected":false},"excerpt":{"rendered":"<p>Dados de Pesquisa&nbsp;s\u00e3o registros cient\u00edficos que embasam os resultados de pesquisa publicados na forma de disserta\u00e7\u00f5es, teses, artigos, patentes e trabalhos cient\u00edficos. Os dados incluem:&nbsp;documentos textuais, planilhas, estat\u00edsticas, cadernos de laborat\u00f3rio, cadernos de campo, di\u00e1rios, question\u00e1rios, transcri\u00e7\u00f5es, arquivos de \u00e1udio, <a href=\"https:\/\/www.ime.usp.br\/bib\/apoio-ao-pesquisador\/gestao-de-dados-de-pesquisa\/\" class=\"read-more\">Leia mais &#8230;<\/a><\/p>\n","protected":false},"author":2,"featured_media":0,"parent":40,"menu_order":4,"comment_status":"closed","ping_status":"closed","template":"","meta":{"_coblocks_attr":"","_coblocks_dimensions":"","_coblocks_responsive_height":"","_coblocks_accordion_ie_support":"","_crdt_document":"","_uag_custom_page_level_css":"","_EventAllDay":false,"_EventTimezone":"","_EventStartDate":"","_EventEndDate":"","_EventStartDateUTC":"","_EventEndDateUTC":"","_EventShowMap":false,"_EventShowMapLink":false,"_EventURL":"","_EventCost":"","_EventCostDescription":"","_EventCurrencySymbol":"","_EventCurrencyCode":"","_EventCurrencyPosition":"","_EventDateTimeSeparator":"","_EventTimeRangeSeparator":"","_EventOrganizerID":[],"_EventVenueID":[],"_OrganizerEmail":"","_OrganizerPhone":"","_OrganizerWebsite":"","_VenueAddress":"","_VenueCity":"","_VenueCountry":"","_VenueProvince":"","_VenueState":"","_VenueZip":"","_VenuePhone":"","_VenueURL":"","_VenueStateProvince":"","_VenueLat":"","_VenueLng":"","_VenueShowMap":false,"_VenueShowMapLink":false,"footnotes":""},"class_list":["post-390","page","type-page","status-publish","hentry"],"uagb_featured_image_src":{"full":false,"thumbnail":false,"medium":false,"medium_large":false,"large":false,"1536x1536":false,"2048x2048":false,"education-hub-thumb":false},"uagb_author_info":{"display_name":"Stela Madruga","author_link":"https:\/\/www.ime.usp.br\/bib\/author\/stela\/"},"uagb_comment_info":0,"uagb_excerpt":"Dados de Pesquisa&nbsp;s\u00e3o registros cient\u00edficos que embasam os resultados de pesquisa publicados na forma de disserta\u00e7\u00f5es, teses, artigos, patentes e trabalhos cient\u00edficos. Os dados incluem:&nbsp;documentos textuais, planilhas, estat\u00edsticas, cadernos de laborat\u00f3rio, cadernos de campo, di\u00e1rios, question\u00e1rios, transcri\u00e7\u00f5es, arquivos de \u00e1udio, Leia mais ...","_links":{"self":[{"href":"https:\/\/www.ime.usp.br\/bib\/wp-json\/wp\/v2\/pages\/390","targetHints":{"allow":["GET"]}}],"collection":[{"href":"https:\/\/www.ime.usp.br\/bib\/wp-json\/wp\/v2\/pages"}],"about":[{"href":"https:\/\/www.ime.usp.br\/bib\/wp-json\/wp\/v2\/types\/page"}],"author":[{"embeddable":true,"href":"https:\/\/www.ime.usp.br\/bib\/wp-json\/wp\/v2\/users\/2"}],"replies":[{"embeddable":true,"href":"https:\/\/www.ime.usp.br\/bib\/wp-json\/wp\/v2\/comments?post=390"}],"version-history":[{"count":10,"href":"https:\/\/www.ime.usp.br\/bib\/wp-json\/wp\/v2\/pages\/390\/revisions"}],"predecessor-version":[{"id":2750,"href":"https:\/\/www.ime.usp.br\/bib\/wp-json\/wp\/v2\/pages\/390\/revisions\/2750"}],"up":[{"embeddable":true,"href":"https:\/\/www.ime.usp.br\/bib\/wp-json\/wp\/v2\/pages\/40"}],"wp:attachment":[{"href":"https:\/\/www.ime.usp.br\/bib\/wp-json\/wp\/v2\/media?parent=390"}],"curies":[{"name":"wp","href":"https:\/\/api.w.org\/{rel}","templated":true}]}}