{"id":355,"date":"2019-11-13T12:13:01","date_gmt":"2019-11-13T14:13:01","guid":{"rendered":"http:\/\/www2.ime.usp.br:8088\/biblioteca\/?page_id=355"},"modified":"2023-01-06T13:03:05","modified_gmt":"2023-01-06T16:03:05","slug":"captacao-da-producao-cientifica","status":"publish","type":"page","link":"https:\/\/www.ime.usp.br\/bib\/servicos\/captacao-da-producao-cientifica\/","title":{"rendered":"Capta\u00e7\u00e3o da Produ\u00e7\u00e3o Cient\u00edfica"},"content":{"rendered":"\n<div class=\"wp-block-media-text alignwide is-vertically-aligned-center\" style=\"grid-template-columns:57% auto\"><figure class=\"wp-block-media-text__media\"><img loading=\"lazy\" decoding=\"async\" width=\"1024\" height=\"363\" src=\"https:\/\/www.ime.usp.br\/bib\/wp-content\/uploads\/2021\/06\/rep-1024x363.jpg\" alt=\"\" class=\"wp-image-2672 size-full\" srcset=\"https:\/\/www.ime.usp.br\/bib\/wp-content\/uploads\/2021\/06\/rep-1024x363.jpg 1024w, https:\/\/www.ime.usp.br\/bib\/wp-content\/uploads\/2021\/06\/rep-300x106.jpg 300w, https:\/\/www.ime.usp.br\/bib\/wp-content\/uploads\/2021\/06\/rep-768x272.jpg 768w, https:\/\/www.ime.usp.br\/bib\/wp-content\/uploads\/2021\/06\/rep-360x128.jpg 360w, https:\/\/www.ime.usp.br\/bib\/wp-content\/uploads\/2021\/06\/rep.jpg 1221w\" sizes=\"auto, (max-width: 1024px) 100vw, 1024px\" \/><\/figure><div class=\"wp-block-media-text__content\">\n<p class=\"has-normal-font-size wp-block-paragraph\">Com a finalidade de preservar a mem\u00f3ria da produ\u00e7\u00e3o intelectual, a&nbsp;Biblioteca do IME coleta regularmente a produ\u00e7\u00e3o cient\u00edfica de docentes, pesquisadores e funcion\u00e1rios do IME, por meio de livros, peri\u00f3dicos e eventos, entre outros documentos. <\/p>\n\n\n\n<p class=\"has-normal-font-size wp-block-paragraph\">A pesquisa \u00e9 feita em in\u00fameras fontes, tais como: Curr\u00edculo Lattes, sites dos Departamentos, Web of Science, Scopus, Google Scholar, entre outras. <\/p>\n<\/div><\/div>\n\n\n\n<p class=\"wp-block-paragraph\"><\/p>\n\n\n\n<p class=\"wp-block-paragraph\">As produ\u00e7\u00f5es captadas s\u00e3o cadastradas no Reposit\u00f3rio da USP (ReP), conhecido tamb\u00e9m como&nbsp;<a aria-label=\" (abre numa nova aba)\" href=\"http:\/\/bdpi.usp.br\/index.php\" target=\"_blank\" rel=\"noreferrer noopener\">Biblioteca Digital da Produ\u00e7\u00e3o Intelectual da USP (BDPI)<\/a>.&nbsp;Os documentos em formato digital s\u00e3o armazenados no reposit\u00f3rio e ficam dispon\u00edveis publicamente de acordo com o copyright das publica\u00e7\u00f5es.<\/p>\n\n\n\n<p class=\"wp-block-paragraph\">\u00c9 fundamental que o registro do trabalho publicado com afilia\u00e7\u00e3o IME-USP seja inserido logo ap\u00f3s a publica\u00e7\u00e3o, tanto na BDPI\/ReP quanto no DEDALUS.<\/p>\n\n\n\n<div class=\"wp-block-group coblocks-animate\" data-coblocks-animation=\"zoomIn\"><div class=\"wp-block-group__inner-container is-layout-flow wp-block-group-is-layout-flow\">\n<p class=\"has-white-color has-text-color has-background wp-block-paragraph\" style=\"background-color:#c23c13\"><strong>Portanto, se voc\u00ea \u00e9 docente, pesquisador ou t\u00e9cnico especializado de n\u00edvel superior do IME e possui produ\u00e7\u00f5es cient\u00edficas, envie-nos seu trabalho para que seja&nbsp;inserido na BDPI\/ReP: <a rel=\"noreferrer noopener\" href=\"mailto:bib@ime.usp.br\" target=\"_blank\">bib@ime.usp.br<\/a><\/strong><\/p>\n<\/div><\/div>\n\n\n\n<div class=\"wp-block-button is-style-3d\"><a class=\"wp-block-button__link has-background wp-element-button\" href=\"https:\/\/repositorio.usp.br\/result.php?filter[]=unidadeUSP:%22IME%22&amp;filter[]=base:%22Produ%C3%A7%C3%A3o%20cient%C3%ADfica%22\" style=\"background-color:#0f0cb0\" target=\"_blank\" rel=\"noreferrer noopener\">Veja aqui a Produ\u00e7\u00e3o Intelectual do IME-USP<\/a><\/div>\n\n\n\n<div style=\"height:20px\" aria-hidden=\"true\" class=\"wp-block-spacer\"><\/div>\n\n\n\n<p class=\"wp-block-paragraph\">Consulte o <strong><a href=\"https:\/\/www.ime.usp.br\/bib\/wp-content\/uploads\/2023\/01\/Tutorial_ReP_2022.pdf\" target=\"_blank\" rel=\"noreferrer noopener\">Tutorial do ReP<\/a><\/strong><\/p>\n","protected":false},"excerpt":{"rendered":"<p>Com a finalidade de preservar a mem\u00f3ria da produ\u00e7\u00e3o intelectual, a&nbsp;Biblioteca do IME coleta regularmente a produ\u00e7\u00e3o cient\u00edfica de docentes, pesquisadores e funcion\u00e1rios do IME, por meio de livros, peri\u00f3dicos e eventos, entre outros documentos. A pesquisa \u00e9 feita em <a href=\"https:\/\/www.ime.usp.br\/bib\/servicos\/captacao-da-producao-cientifica\/\" class=\"read-more\">Leia mais &#8230;<\/a><\/p>\n","protected":false},"author":2,"featured_media":0,"parent":35,"menu_order":13,"comment_status":"closed","ping_status":"closed","template":"","meta":{"_coblocks_attr":"","_coblocks_dimensions":"","_coblocks_responsive_height":"","_coblocks_accordion_ie_support":"","_crdt_document":"","_uag_custom_page_level_css":"","_EventAllDay":false,"_EventTimezone":"","_EventStartDate":"","_EventEndDate":"","_EventStartDateUTC":"","_EventEndDateUTC":"","_EventShowMap":false,"_EventShowMapLink":false,"_EventURL":"","_EventCost":"","_EventCostDescription":"","_EventCurrencySymbol":"","_EventCurrencyCode":"","_EventCurrencyPosition":"","_EventDateTimeSeparator":"","_EventTimeRangeSeparator":"","_EventOrganizerID":[],"_EventVenueID":[],"_OrganizerEmail":"","_OrganizerPhone":"","_OrganizerWebsite":"","_VenueAddress":"","_VenueCity":"","_VenueCountry":"","_VenueProvince":"","_VenueState":"","_VenueZip":"","_VenuePhone":"","_VenueURL":"","_VenueStateProvince":"","_VenueLat":"","_VenueLng":"","_VenueShowMap":false,"_VenueShowMapLink":false,"footnotes":""},"class_list":["post-355","page","type-page","status-publish","hentry"],"uagb_featured_image_src":{"full":false,"thumbnail":false,"medium":false,"medium_large":false,"large":false,"1536x1536":false,"2048x2048":false,"education-hub-thumb":false},"uagb_author_info":{"display_name":"Stela Madruga","author_link":"https:\/\/www.ime.usp.br\/bib\/author\/stela\/"},"uagb_comment_info":0,"uagb_excerpt":"Com a finalidade de preservar a mem\u00f3ria da produ\u00e7\u00e3o intelectual, a&nbsp;Biblioteca do IME coleta regularmente a produ\u00e7\u00e3o cient\u00edfica de docentes, pesquisadores e funcion\u00e1rios do IME, por meio de livros, peri\u00f3dicos e eventos, entre outros documentos. A pesquisa \u00e9 feita em Leia mais ...","_links":{"self":[{"href":"https:\/\/www.ime.usp.br\/bib\/wp-json\/wp\/v2\/pages\/355","targetHints":{"allow":["GET"]}}],"collection":[{"href":"https:\/\/www.ime.usp.br\/bib\/wp-json\/wp\/v2\/pages"}],"about":[{"href":"https:\/\/www.ime.usp.br\/bib\/wp-json\/wp\/v2\/types\/page"}],"author":[{"embeddable":true,"href":"https:\/\/www.ime.usp.br\/bib\/wp-json\/wp\/v2\/users\/2"}],"replies":[{"embeddable":true,"href":"https:\/\/www.ime.usp.br\/bib\/wp-json\/wp\/v2\/comments?post=355"}],"version-history":[{"count":14,"href":"https:\/\/www.ime.usp.br\/bib\/wp-json\/wp\/v2\/pages\/355\/revisions"}],"predecessor-version":[{"id":4584,"href":"https:\/\/www.ime.usp.br\/bib\/wp-json\/wp\/v2\/pages\/355\/revisions\/4584"}],"up":[{"embeddable":true,"href":"https:\/\/www.ime.usp.br\/bib\/wp-json\/wp\/v2\/pages\/35"}],"wp:attachment":[{"href":"https:\/\/www.ime.usp.br\/bib\/wp-json\/wp\/v2\/media?parent=355"}],"curies":[{"name":"wp","href":"https:\/\/api.w.org\/{rel}","templated":true}]}}