{"id":353,"date":"2019-11-13T12:10:22","date_gmt":"2019-11-13T14:10:22","guid":{"rendered":"http:\/\/www2.ime.usp.br:8088\/biblioteca\/?page_id=353"},"modified":"2024-03-12T18:06:37","modified_gmt":"2024-03-12T21:06:37","slug":"elaboracao-de-ficha-catalografica","status":"publish","type":"page","link":"https:\/\/www.ime.usp.br\/bib\/servicos\/elaboracao-de-ficha-catalografica\/","title":{"rendered":"Ficha Catalogr\u00e1fica"},"content":{"rendered":"\n<p class=\"wp-block-paragraph\">Servi\u00e7o exclusivo para alunos e docentes do IME.<\/p>\n\n\n\n<p class=\"wp-block-paragraph\"><\/p>\n\n\n\n<p class=\"wp-block-paragraph\"><strong>Ficha Catalogr\u00e1fica para TCC&#8217;s, Disserta\u00e7\u00f5es e Teses<\/strong>:<\/p>\n\n\n\n<p class=\"wp-block-paragraph\">A ficha catalogr\u00e1fica cont\u00e9m um conjunto de elementos de descri\u00e7\u00e3o t\u00e9cnica do documento e deve ser impressa\/anexada no verso ou ap\u00f3s a folha de rosto do trabalho acad\u00eamico.<\/p>\n\n\n\n<p class=\"wp-block-paragraph\">Para os TCC&#8217;s (monografias da gradua\u00e7\u00e3o), disserta\u00e7\u00f5es e teses a gera\u00e7\u00e3o \u00e9 autom\u00e1tica, feita pelo pr\u00f3prio autor do trabalho via sistema online:<\/p>\n\n\n\n<p class=\"wp-block-paragraph\"><strong><a href=\"https:\/\/fc.ime.usp.br\/\" target=\"_blank\" rel=\"noreferrer noopener\">https:\/\/fc.ime.usp.br\/<\/a><\/strong><\/p>\n\n\n\n<p class=\"wp-block-paragraph\">&#8211;<\/p>\n\n\n\n<p class=\"wp-block-paragraph\"><strong>Ficha catalogr\u00e1fica para publica\u00e7\u00f5es do IME<\/strong>:<\/p>\n\n\n\n<p class=\"wp-block-paragraph\">Para as publica\u00e7\u00f5es onde a editora\u00e7\u00e3o foi realizada pelo IME-USP, a biblioteca faz a elabora\u00e7\u00e3o da ficha na fonte. A solicita\u00e7\u00e3o precisa ser feita via e-mail &lt;bib@ime.usp.br&gt;, com os documentos relacionados abaixo.<\/p>\n\n\n\n<ul class=\"wp-block-list\">\n<li>Para Livros, Folhetos e Eventos:&nbsp;p\u00e1gina de rosto (autor, t\u00edtulo, local, editora, ano, n\u00ba do evento) sum\u00e1rio e n\u00famero total de p\u00e1ginas.<\/li>\n\n\n\n<li>Para Peri\u00f3dicos:&nbsp;p\u00e1gina de rosto, com a data inicial, periodicidade e informa\u00e7\u00f5es sobre altera\u00e7\u00f5es de t\u00edtulo.<\/li>\n<\/ul>\n","protected":false},"excerpt":{"rendered":"<p>Servi\u00e7o exclusivo para alunos e docentes do IME. Ficha Catalogr\u00e1fica para TCC&#8217;s, Disserta\u00e7\u00f5es e Teses: A ficha catalogr\u00e1fica cont\u00e9m um conjunto de elementos de descri\u00e7\u00e3o t\u00e9cnica do documento e deve ser impressa\/anexada no verso ou ap\u00f3s a folha de rosto <a href=\"https:\/\/www.ime.usp.br\/bib\/servicos\/elaboracao-de-ficha-catalografica\/\" class=\"read-more\">Leia mais &#8230;<\/a><\/p>\n","protected":false},"author":2,"featured_media":0,"parent":35,"menu_order":9,"comment_status":"closed","ping_status":"closed","template":"","meta":{"_coblocks_attr":"","_coblocks_dimensions":"","_coblocks_responsive_height":"","_coblocks_accordion_ie_support":"","_crdt_document":"","_uag_custom_page_level_css":"","_EventAllDay":false,"_EventTimezone":"","_EventStartDate":"","_EventEndDate":"","_EventStartDateUTC":"","_EventEndDateUTC":"","_EventShowMap":false,"_EventShowMapLink":false,"_EventURL":"","_EventCost":"","_EventCostDescription":"","_EventCurrencySymbol":"","_EventCurrencyCode":"","_EventCurrencyPosition":"","_EventDateTimeSeparator":"","_EventTimeRangeSeparator":"","_EventOrganizerID":[],"_EventVenueID":[],"_OrganizerEmail":"","_OrganizerPhone":"","_OrganizerWebsite":"","_VenueAddress":"","_VenueCity":"","_VenueCountry":"","_VenueProvince":"","_VenueState":"","_VenueZip":"","_VenuePhone":"","_VenueURL":"","_VenueStateProvince":"","_VenueLat":"","_VenueLng":"","_VenueShowMap":false,"_VenueShowMapLink":false,"footnotes":""},"class_list":["post-353","page","type-page","status-publish","hentry"],"uagb_featured_image_src":{"full":false,"thumbnail":false,"medium":false,"medium_large":false,"large":false,"1536x1536":false,"2048x2048":false,"education-hub-thumb":false},"uagb_author_info":{"display_name":"Stela Madruga","author_link":"https:\/\/www.ime.usp.br\/bib\/author\/stela\/"},"uagb_comment_info":0,"uagb_excerpt":"Servi\u00e7o exclusivo para alunos e docentes do IME. Ficha Catalogr\u00e1fica para TCC&#8217;s, Disserta\u00e7\u00f5es e Teses: A ficha catalogr\u00e1fica cont\u00e9m um conjunto de elementos de descri\u00e7\u00e3o t\u00e9cnica do documento e deve ser impressa\/anexada no verso ou ap\u00f3s a folha de rosto Leia mais ...","_links":{"self":[{"href":"https:\/\/www.ime.usp.br\/bib\/wp-json\/wp\/v2\/pages\/353","targetHints":{"allow":["GET"]}}],"collection":[{"href":"https:\/\/www.ime.usp.br\/bib\/wp-json\/wp\/v2\/pages"}],"about":[{"href":"https:\/\/www.ime.usp.br\/bib\/wp-json\/wp\/v2\/types\/page"}],"author":[{"embeddable":true,"href":"https:\/\/www.ime.usp.br\/bib\/wp-json\/wp\/v2\/users\/2"}],"replies":[{"embeddable":true,"href":"https:\/\/www.ime.usp.br\/bib\/wp-json\/wp\/v2\/comments?post=353"}],"version-history":[{"count":9,"href":"https:\/\/www.ime.usp.br\/bib\/wp-json\/wp\/v2\/pages\/353\/revisions"}],"predecessor-version":[{"id":4571,"href":"https:\/\/www.ime.usp.br\/bib\/wp-json\/wp\/v2\/pages\/353\/revisions\/4571"}],"up":[{"embeddable":true,"href":"https:\/\/www.ime.usp.br\/bib\/wp-json\/wp\/v2\/pages\/35"}],"wp:attachment":[{"href":"https:\/\/www.ime.usp.br\/bib\/wp-json\/wp\/v2\/media?parent=353"}],"curies":[{"name":"wp","href":"https:\/\/api.w.org\/{rel}","templated":true}]}}