{"id":35,"date":"2019-04-16T15:00:59","date_gmt":"2019-04-16T18:00:59","guid":{"rendered":"http:\/\/www2.ime.usp.br:8088\/biblioteca\/?page_id=35"},"modified":"2024-03-20T19:12:12","modified_gmt":"2024-03-20T22:12:12","slug":"servicos","status":"publish","type":"page","link":"https:\/\/www.ime.usp.br\/bib\/servicos\/","title":{"rendered":"Use a Biblioteca"},"content":{"rendered":"\n<p class=\"wp-block-paragraph\">Conhe\u00e7a os nossos servi\u00e7os e aproveite.<\/p>\n\n\n\n<p class=\"wp-block-paragraph\">Acesse as p\u00e1ginas da biblioteca que orientam o pesquisador e o desenvolvimento da pesquisa cient\u00edfica. Mantenha-se atualizado na sua \u00e1rea de forma\u00e7\u00e3o e de pesquisa e conte conosco para sanar d\u00favidas e construir novos saberes.<\/p>\n\n\n\n<div class=\"wp-block-uagb-icon-list uagb-block-d82c9e75 uagb-icon-list__outer-wrap uagb-icon-list__layout-vertical\"><div class=\"uagb-icon-list__wrap\">\n<div class=\"wp-block-uagb-icon-list-child uagb-block-29ae88c5 uagb-icon-list-repeater uagb-icon-list__wrapper\"><a target=\"_blank\" aria-label=\"Pesquise na Biblioteca do IME\" rel=\"noopener noreferrer\" href=\"https:\/\/www.ime.usp.br\/bib\/pesquisa\/portal-de-busca-integrada\"> <\/a><span class=\"uagb-icon-list__source-wrap\"><svg xmlns=\"https:\/\/www.w3.org\/2000\/svg\" viewBox=\"0 0 512 512\"><path d=\"M256 0C114.6 0 0 114.6 0 256c0 141.4 114.6 256 256 256s256-114.6 256-256C512 114.6 397.4 0 256 0zM406.6 278.6l-103.1 103.1c-12.5 12.5-32.75 12.5-45.25 0s-12.5-32.75 0-45.25L306.8 288H128C110.3 288 96 273.7 96 256s14.31-32 32-32h178.8l-49.38-49.38c-12.5-12.5-12.5-32.75 0-45.25s32.75-12.5 45.25 0l103.1 103.1C414.6 241.3 416 251.1 416 256C416 260.9 414.6 270.7 406.6 278.6z\"><\/path><\/svg><\/span><span class=\"uagb-icon-list__label\">Pesquise na Biblioteca do IME<\/span><\/div>\n\n\n\n<div class=\"wp-block-uagb-icon-list-child uagb-block-1b4b10ea uagb-icon-list-repeater uagb-icon-list__wrapper\"><a target=\"_blank\" aria-label=\"Empr\u00e9stimos, Renova\u00e7\u00f5es e Reservas \" rel=\"noopener noreferrer\" href=\"https:\/\/www.ime.usp.br\/bib\/servicos\/emprestimos-renovacoes-e-reservas\"> <\/a><span class=\"uagb-icon-list__source-wrap\"><svg xmlns=\"https:\/\/www.w3.org\/2000\/svg\" viewBox=\"0 0 512 512\"><path d=\"M256 0C114.6 0 0 114.6 0 256c0 141.4 114.6 256 256 256s256-114.6 256-256C512 114.6 397.4 0 256 0zM406.6 278.6l-103.1 103.1c-12.5 12.5-32.75 12.5-45.25 0s-12.5-32.75 0-45.25L306.8 288H128C110.3 288 96 273.7 96 256s14.31-32 32-32h178.8l-49.38-49.38c-12.5-12.5-12.5-32.75 0-45.25s32.75-12.5 45.25 0l103.1 103.1C414.6 241.3 416 251.1 416 256C416 260.9 414.6 270.7 406.6 278.6z\"><\/path><\/svg><\/span><span class=\"uagb-icon-list__label\">Empr\u00e9stimos, Renova\u00e7\u00f5es e Reservas <\/span><\/div>\n\n\n\n<div class=\"wp-block-uagb-icon-list-child uagb-block-13ee4635 uagb-icon-list-repeater uagb-icon-list__wrapper\"><a target=\"_blank\" aria-label=\"Empr\u00e9stimo entre Bibliotecas\" rel=\"noopener noreferrer\" href=\"https:\/\/www.ime.usp.br\/bib\/servicos\/emprestimo-entre-bibliotecas\/\"> <\/a><span class=\"uagb-icon-list__source-wrap\"><svg xmlns=\"https:\/\/www.w3.org\/2000\/svg\" viewBox=\"0 0 512 512\"><path d=\"M256 0C114.6 0 0 114.6 0 256c0 141.4 114.6 256 256 256s256-114.6 256-256C512 114.6 397.4 0 256 0zM406.6 278.6l-103.1 103.1c-12.5 12.5-32.75 12.5-45.25 0s-12.5-32.75 0-45.25L306.8 288H128C110.3 288 96 273.7 96 256s14.31-32 32-32h178.8l-49.38-49.38c-12.5-12.5-12.5-32.75 0-45.25s32.75-12.5 45.25 0l103.1 103.1C414.6 241.3 416 251.1 416 256C416 260.9 414.6 270.7 406.6 278.6z\"><\/path><\/svg><\/span><span class=\"uagb-icon-list__label\">Empr\u00e9stimo entre Bibliotecas<\/span><\/div>\n\n\n\n<div class=\"wp-block-uagb-icon-list-child uagb-block-14b51d3e uagb-icon-list-repeater uagb-icon-list__wrapper\"><a target=\"_blank\" aria-label=\"Autochecagem de textos Turnitin\" rel=\"noopener noreferrer\" href=\"https:\/\/www.ime.usp.br\/bib\/servicos\/autochecagem-turnitin\/\"> <\/a><span class=\"uagb-icon-list__source-wrap\"><svg xmlns=\"https:\/\/www.w3.org\/2000\/svg\" viewBox=\"0 0 512 512\"><path d=\"M256 0C114.6 0 0 114.6 0 256c0 141.4 114.6 256 256 256s256-114.6 256-256C512 114.6 397.4 0 256 0zM406.6 278.6l-103.1 103.1c-12.5 12.5-32.75 12.5-45.25 0s-12.5-32.75 0-45.25L306.8 288H128C110.3 288 96 273.7 96 256s14.31-32 32-32h178.8l-49.38-49.38c-12.5-12.5-12.5-32.75 0-45.25s32.75-12.5 45.25 0l103.1 103.1C414.6 241.3 416 251.1 416 256C416 260.9 414.6 270.7 406.6 278.6z\"><\/path><\/svg><\/span><span class=\"uagb-icon-list__label\">Autochecagem de textos Turnitin<\/span><\/div>\n\n\n\n<div class=\"wp-block-uagb-icon-list-child uagb-block-4a8602a0 uagb-icon-list-repeater uagb-icon-list__wrapper\"><a target=\"_blank\" aria-label=\"Espa\u00e7os e Recursos \" rel=\"noopener noreferrer\" href=\"https:\/\/www.ime.usp.br\/bib\/servicos\/espacos-e-recursos\/\"> <\/a><span class=\"uagb-icon-list__source-wrap\"><svg xmlns=\"https:\/\/www.w3.org\/2000\/svg\" viewBox=\"0 0 512 512\"><path d=\"M256 0C114.6 0 0 114.6 0 256c0 141.4 114.6 256 256 256s256-114.6 256-256C512 114.6 397.4 0 256 0zM406.6 278.6l-103.1 103.1c-12.5 12.5-32.75 12.5-45.25 0s-12.5-32.75 0-45.25L306.8 288H128C110.3 288 96 273.7 96 256s14.31-32 32-32h178.8l-49.38-49.38c-12.5-12.5-12.5-32.75 0-45.25s32.75-12.5 45.25 0l103.1 103.1C414.6 241.3 416 251.1 416 256C416 260.9 414.6 270.7 406.6 278.6z\"><\/path><\/svg><\/span><span class=\"uagb-icon-list__label\">Espa\u00e7os e Recursos <\/span><\/div>\n\n\n\n<div class=\"wp-block-uagb-icon-list-child uagb-block-b38c9d96 uagb-icon-list-repeater uagb-icon-list__wrapper\"><a target=\"_blank\" aria-label=\"Compras e Doa\u00e7\u00f5es \" rel=\"noopener noreferrer\" href=\"https:\/\/www.ime.usp.br\/bib\/servicos\/sugestoes-de-compras-e-doacoes\/\"> <\/a><span class=\"uagb-icon-list__source-wrap\"><svg xmlns=\"https:\/\/www.w3.org\/2000\/svg\" viewBox=\"0 0 512 512\"><path d=\"M256 0C114.6 0 0 114.6 0 256c0 141.4 114.6 256 256 256s256-114.6 256-256C512 114.6 397.4 0 256 0zM406.6 278.6l-103.1 103.1c-12.5 12.5-32.75 12.5-45.25 0s-12.5-32.75 0-45.25L306.8 288H128C110.3 288 96 273.7 96 256s14.31-32 32-32h178.8l-49.38-49.38c-12.5-12.5-12.5-32.75 0-45.25s32.75-12.5 45.25 0l103.1 103.1C414.6 241.3 416 251.1 416 256C416 260.9 414.6 270.7 406.6 278.6z\"><\/path><\/svg><\/span><span class=\"uagb-icon-list__label\">Compras e Doa\u00e7\u00f5es <\/span><\/div>\n\n\n\n<div class=\"wp-block-uagb-icon-list-child uagb-block-874336df uagb-icon-list-repeater uagb-icon-list__wrapper\"><a target=\"_blank\" aria-label=\"Treinamentos e Visitas Guiadas \" rel=\"noopener noreferrer\" href=\"https:\/\/www.ime.usp.br\/bib\/servicos\/treinamentos-e-visitas-guiadas\/\"> <\/a><span class=\"uagb-icon-list__source-wrap\"><svg xmlns=\"https:\/\/www.w3.org\/2000\/svg\" viewBox=\"0 0 512 512\"><path d=\"M256 0C114.6 0 0 114.6 0 256c0 141.4 114.6 256 256 256s256-114.6 256-256C512 114.6 397.4 0 256 0zM406.6 278.6l-103.1 103.1c-12.5 12.5-32.75 12.5-45.25 0s-12.5-32.75 0-45.25L306.8 288H128C110.3 288 96 273.7 96 256s14.31-32 32-32h178.8l-49.38-49.38c-12.5-12.5-12.5-32.75 0-45.25s32.75-12.5 45.25 0l103.1 103.1C414.6 241.3 416 251.1 416 256C416 260.9 414.6 270.7 406.6 278.6z\"><\/path><\/svg><\/span><span class=\"uagb-icon-list__label\">Treinamentos e Visitas Guiadas <\/span><\/div>\n\n\n\n<div class=\"wp-block-uagb-icon-list-child uagb-block-ff2c3fbc uagb-icon-list-repeater uagb-icon-list__wrapper\"><a target=\"_blank\" aria-label=\"Acesse as Bases de Dados \" rel=\"noopener noreferrer\" href=\"https:\/\/www.ime.usp.br\/bib\/pesquisa\/bases-de-dados\/\"> <\/a><span class=\"uagb-icon-list__source-wrap\"><svg xmlns=\"https:\/\/www.w3.org\/2000\/svg\" viewBox=\"0 0 512 512\"><path d=\"M256 0C114.6 0 0 114.6 0 256c0 141.4 114.6 256 256 256s256-114.6 256-256C512 114.6 397.4 0 256 0zM406.6 278.6l-103.1 103.1c-12.5 12.5-32.75 12.5-45.25 0s-12.5-32.75 0-45.25L306.8 288H128C110.3 288 96 273.7 96 256s14.31-32 32-32h178.8l-49.38-49.38c-12.5-12.5-12.5-32.75 0-45.25s32.75-12.5 45.25 0l103.1 103.1C414.6 241.3 416 251.1 416 256C416 260.9 414.6 270.7 406.6 278.6z\"><\/path><\/svg><\/span><span class=\"uagb-icon-list__label\">Acesse as Bases de Dados <\/span><\/div>\n\n\n\n<div class=\"wp-block-uagb-icon-list-child uagb-block-de77d589 uagb-icon-list-repeater uagb-icon-list__wrapper\"><a target=\"_blank\" aria-label=\"Not\u00edcias\" rel=\"noopener noreferrer\" href=\"https:\/\/www.ime.usp.br\/bib\/category\/noticias\/\"> <\/a><span class=\"uagb-icon-list__source-wrap\"><svg xmlns=\"https:\/\/www.w3.org\/2000\/svg\" viewBox=\"0 0 512 512\"><path d=\"M256 0C114.6 0 0 114.6 0 256c0 141.4 114.6 256 256 256s256-114.6 256-256C512 114.6 397.4 0 256 0zM406.6 278.6l-103.1 103.1c-12.5 12.5-32.75 12.5-45.25 0s-12.5-32.75 0-45.25L306.8 288H128C110.3 288 96 273.7 96 256s14.31-32 32-32h178.8l-49.38-49.38c-12.5-12.5-12.5-32.75 0-45.25s32.75-12.5 45.25 0l103.1 103.1C414.6 241.3 416 251.1 416 256C416 260.9 414.6 270.7 406.6 278.6z\"><\/path><\/svg><\/span><span class=\"uagb-icon-list__label\">Not\u00edcias<\/span><\/div>\n\n\n\n<div class=\"wp-block-uagb-icon-list-child uagb-block-de6ef569 uagb-icon-list-repeater uagb-icon-list__wrapper\"><a target=\"_blank\" aria-label=\"Cursos e Eventos\" rel=\"noopener noreferrer\" href=\"https:\/\/www.ime.usp.br\/bib\/eventos\/\"> <\/a><span class=\"uagb-icon-list__source-wrap\"><svg xmlns=\"https:\/\/www.w3.org\/2000\/svg\" viewBox=\"0 0 512 512\"><path d=\"M256 0C114.6 0 0 114.6 0 256c0 141.4 114.6 256 256 256s256-114.6 256-256C512 114.6 397.4 0 256 0zM406.6 278.6l-103.1 103.1c-12.5 12.5-32.75 12.5-45.25 0s-12.5-32.75 0-45.25L306.8 288H128C110.3 288 96 273.7 96 256s14.31-32 32-32h178.8l-49.38-49.38c-12.5-12.5-12.5-32.75 0-45.25s32.75-12.5 45.25 0l103.1 103.1C414.6 241.3 416 251.1 416 256C416 260.9 414.6 270.7 406.6 278.6z\"><\/path><\/svg><\/span><span class=\"uagb-icon-list__label\">Cursos e Eventos<\/span><\/div>\n<\/div><\/div>\n\n\n\n<p class=\"wp-block-paragraph\"><\/p>\n","protected":false},"excerpt":{"rendered":"<p>Conhe\u00e7a os nossos servi\u00e7os e aproveite. Acesse as p\u00e1ginas da biblioteca que orientam o pesquisador e o desenvolvimento da pesquisa cient\u00edfica. Mantenha-se atualizado na sua \u00e1rea de forma\u00e7\u00e3o e de pesquisa e conte conosco para sanar d\u00favidas e construir novos <a href=\"https:\/\/www.ime.usp.br\/bib\/servicos\/\" class=\"read-more\">Leia mais &#8230;<\/a><\/p>\n","protected":false},"author":1,"featured_media":2685,"parent":0,"menu_order":2,"comment_status":"closed","ping_status":"closed","template":"","meta":{"_coblocks_attr":"","_coblocks_dimensions":"","_coblocks_responsive_height":"","_coblocks_accordion_ie_support":"","_crdt_document":"","_uag_custom_page_level_css":"","_EventAllDay":false,"_EventTimezone":"","_EventStartDate":"","_EventEndDate":"","_EventStartDateUTC":"","_EventEndDateUTC":"","_EventShowMap":false,"_EventShowMapLink":false,"_EventURL":"","_EventCost":"","_EventCostDescription":"","_EventCurrencySymbol":"","_EventCurrencyCode":"","_EventCurrencyPosition":"","_EventDateTimeSeparator":"","_EventTimeRangeSeparator":"","_EventOrganizerID":[],"_EventVenueID":[],"_OrganizerEmail":"","_OrganizerPhone":"","_OrganizerWebsite":"","_VenueAddress":"","_VenueCity":"","_VenueCountry":"","_VenueProvince":"","_VenueState":"","_VenueZip":"","_VenuePhone":"","_VenueURL":"","_VenueStateProvince":"","_VenueLat":"","_VenueLng":"","_VenueShowMap":false,"_VenueShowMapLink":false,"footnotes":""},"class_list":["post-35","page","type-page","status-publish","has-post-thumbnail","hentry"],"uagb_featured_image_src":{"full":["https:\/\/www.ime.usp.br\/bib\/wp-content\/uploads\/2021\/06\/Banners_Site_use_a_biblioteca2.png",1280,477,false],"thumbnail":["https:\/\/www.ime.usp.br\/bib\/wp-content\/uploads\/2021\/06\/Banners_Site_use_a_biblioteca2-150x150.png",150,150,true],"medium":["https:\/\/www.ime.usp.br\/bib\/wp-content\/uploads\/2021\/06\/Banners_Site_use_a_biblioteca2-300x112.png",300,112,true],"medium_large":["https:\/\/www.ime.usp.br\/bib\/wp-content\/uploads\/2021\/06\/Banners_Site_use_a_biblioteca2-768x286.png",768,286,true],"large":["https:\/\/www.ime.usp.br\/bib\/wp-content\/uploads\/2021\/06\/Banners_Site_use_a_biblioteca2-1024x382.png",847,316,true],"1536x1536":["https:\/\/www.ime.usp.br\/bib\/wp-content\/uploads\/2021\/06\/Banners_Site_use_a_biblioteca2.png",1280,477,false],"2048x2048":["https:\/\/www.ime.usp.br\/bib\/wp-content\/uploads\/2021\/06\/Banners_Site_use_a_biblioteca2.png",1280,477,false],"education-hub-thumb":["https:\/\/www.ime.usp.br\/bib\/wp-content\/uploads\/2021\/06\/Banners_Site_use_a_biblioteca2-360x134.png",360,134,true]},"uagb_author_info":{"display_name":"admin","author_link":"https:\/\/www.ime.usp.br\/bib\/author\/admin\/"},"uagb_comment_info":0,"uagb_excerpt":"Conhe\u00e7a os nossos servi\u00e7os e aproveite. Acesse as p\u00e1ginas da biblioteca que orientam o pesquisador e o desenvolvimento da pesquisa cient\u00edfica. Mantenha-se atualizado na sua \u00e1rea de forma\u00e7\u00e3o e de pesquisa e conte conosco para sanar d\u00favidas e construir novos Leia mais ...","_links":{"self":[{"href":"https:\/\/www.ime.usp.br\/bib\/wp-json\/wp\/v2\/pages\/35","targetHints":{"allow":["GET"]}}],"collection":[{"href":"https:\/\/www.ime.usp.br\/bib\/wp-json\/wp\/v2\/pages"}],"about":[{"href":"https:\/\/www.ime.usp.br\/bib\/wp-json\/wp\/v2\/types\/page"}],"author":[{"embeddable":true,"href":"https:\/\/www.ime.usp.br\/bib\/wp-json\/wp\/v2\/users\/1"}],"replies":[{"embeddable":true,"href":"https:\/\/www.ime.usp.br\/bib\/wp-json\/wp\/v2\/comments?post=35"}],"version-history":[{"count":28,"href":"https:\/\/www.ime.usp.br\/bib\/wp-json\/wp\/v2\/pages\/35\/revisions"}],"predecessor-version":[{"id":4599,"href":"https:\/\/www.ime.usp.br\/bib\/wp-json\/wp\/v2\/pages\/35\/revisions\/4599"}],"wp:featuredmedia":[{"embeddable":true,"href":"https:\/\/www.ime.usp.br\/bib\/wp-json\/wp\/v2\/media\/2685"}],"wp:attachment":[{"href":"https:\/\/www.ime.usp.br\/bib\/wp-json\/wp\/v2\/media?parent=35"}],"curies":[{"name":"wp","href":"https:\/\/api.w.org\/{rel}","templated":true}]}}