{"id":349,"date":"2019-11-13T12:08:38","date_gmt":"2019-11-13T14:08:38","guid":{"rendered":"http:\/\/www2.ime.usp.br:8088\/biblioteca\/?page_id=349"},"modified":"2025-04-14T16:06:11","modified_gmt":"2025-04-14T19:06:11","slug":"orientacao-para-teses-e-dissertacoes","status":"publish","type":"page","link":"https:\/\/www.ime.usp.br\/bib\/servicos\/orientacao-para-teses-e-dissertacoes\/","title":{"rendered":"Apoio nas Teses e Disserta\u00e7\u00f5es"},"content":{"rendered":"\n<p class=\"wp-block-paragraph\"><strong>A Biblioteca oferece orienta\u00e7\u00e3o para formata\u00e7\u00e3o de trabalhos acad\u00eamicos, cita\u00e7\u00f5es e refer\u00eancias<\/strong>. Em caso de d\u00favidas, agende um hor\u00e1rio pelo e-mail <a href=\"mailto:bib@ime.usp.br\">bib@ime.usp.br<\/a>.<\/p>\n\n\n\n<p class=\"wp-block-paragraph\">Consulte abaixo as diretrizes da USP para o formato de trabalhos acad\u00eamicos:&nbsp; <\/p>\n\n\n\n<ul class=\"wp-block-list\">\n<li>parte I (ABNT) &#8211; <a href=\"https:\/\/www.livrosabertos.abcd.usp.br\/portaldelivrosUSP\/catalog\/book\/1353\">https:\/\/www.livrosabertos.abcd.usp.br\/portaldelivrosUSP\/catalog\/book\/1353<\/a><\/li>\n\n\n\n<li>parte II (APA) &#8211;&nbsp;<a rel=\"noreferrer noopener\" href=\"http:\/\/dx.doi.org\/10.11606\/9788573140576\" target=\"_blank\">http:\/\/dx.doi.org\/10.11606\/9788573140576<\/a><\/li>\n\n\n\n<li>parte III (ISO) &#8211;&nbsp;<a rel=\"noreferrer noopener\" href=\"http:\/\/dx.doi.org\/10.11606\/9788573140590\" target=\"_blank\">http:\/\/dx.doi.org\/10.11606\/9788573140590<\/a><\/li>\n\n\n\n<li>parte IV (Vancouver) &#8211;&nbsp;<a rel=\"noreferrer noopener\" href=\"http:\/\/dx.doi.org\/10.11606\/9788573140569\" target=\"_blank\">http:\/\/dx.doi.org\/10.11606\/9788573140569<\/a><\/li>\n<\/ul>\n\n\n\n<p class=\"wp-block-paragraph\">Um <strong>modelo<\/strong> com o formato da estrutura do trabalho em LaTeX foi criado por Jesus Mena em 2007 e vem sendo atualizado pela comunidade do IME.&nbsp; A vers\u00e3o mais recente do modelo est\u00e1 dispon\u00edvel em \u200b<strong><a href=\"http:\/\/gitlab.com\/ccsl-usp\/modelo-latex\/\" target=\"_blank\" rel=\"noreferrer noopener\">\u200bhttp:\/\/gitlab.com\/ccsl-usp\/modelo-latex\/<\/a><\/strong><\/p>\n\n\n\n<p class=\"wp-block-paragraph\">Se voc\u00ea usa o Overleaf, pode acess\u00e1-lo copiando o projeto \u200b<a href=\"https:\/\/www.overleaf.com\/read\/yzdkcgxgbfgy\" target=\"_blank\" rel=\"noreferrer noopener\"><strong>https:\/\/www.overleaf.com\/read\/yzdkcgxgbfgy<\/strong><\/a>\u200b<\/p>\n\n\n\n<p class=\"wp-block-paragraph\">Veja tamb\u00e9m as instru\u00e7\u00f5es de cada Departamento da P\u00f3s-Gradua\u00e7\u00e3o do IME para teses e disserta\u00e7\u00f5es:<\/p>\n\n\n\n<ul class=\"wp-block-list\">\n<li><a href=\"https:\/\/www.ime.usp.br\/pos-bioinformatica\/normas\/\" target=\"_blank\" rel=\"noreferrer noopener\">Bioinform\u00e1tica<\/a><\/li>\n\n\n\n<li><a href=\"https:\/\/www.ime.usp.br\/pos-computacao\/normas-programa\/\" target=\"_blank\" rel=\"noreferrer noopener\">Ci\u00eancia da Computa\u00e7\u00e3o<\/a><\/li>\n\n\n\n<li><a href=\"https:\/\/www.ime.usp.br\/pos-estatistica\/normas-regulamentos\/\" target=\"_blank\" rel=\"noreferrer noopener\">Estat\u00edstica<\/a><\/li>\n\n\n\n<li><a href=\"https:\/\/www.ime.usp.br\/pos-matematica\/normas\/\" target=\"_blank\" rel=\"noreferrer noopener\">Matem\u00e1tica<\/a><\/li>\n\n\n\n<li><a href=\"https:\/\/www.ime.usp.br\/pos-aplicada\/normas-regulamentos\/\" target=\"_blank\" rel=\"noreferrer noopener\">Matem\u00e1tica Aplicada<\/a><\/li>\n\n\n\n<li><a href=\"https:\/\/www.ime.usp.br\/pos-mpem\/normas-regulamentos\/\" target=\"_blank\" rel=\"noreferrer noopener\">Ensino de Matem\u00e1tica<\/a><\/li>\n<\/ul>\n\n\n\n<h2 class=\"wp-block-heading\"><strong>Dep\u00f3sito de teses e disserta\u00e7\u00f5es na BDTD-USP<\/strong><\/h2>\n\n\n\n<p class=\"wp-block-paragraph\">Saiba como funciona o dep\u00f3sito dos trabalhos acad\u00eamicos de p\u00f3s-gradua\u00e7\u00e3o na <a href=\"https:\/\/teses.usp.br\/\" target=\"_blank\" rel=\"noreferrer noopener\">BDTD-USP<\/a>:<\/p>\n\n\n\n<ul class=\"wp-block-list is-style-default\">\n<li><a aria-label=\" (abre numa nova aba)\" href=\"http:\/\/www.teses.usp.br\/index.php?option=com_content&amp;view=article&amp;id=53&amp;Itemid=68&amp;lang=pt-br\" target=\"_blank\" rel=\"noreferrer noopener\">Como publicar seu trabalho na Biblioteca Digital de Teses e Disserta\u00e7\u00f5es da USP<\/a>.<\/li>\n\n\n\n<li><a rel=\"noreferrer noopener\" href=\"http:\/\/www.leginf.usp.br\/?resolucao=resolucao-no-7493-de-27-de-marco-de-2018\" target=\"_blank\">Regimento da P\u00f3s-Gradua\u00e7\u00e3o &#8211;&nbsp;Resolu\u00e7\u00e3o&nbsp;n\u00ba 7493\/2018<\/a>&nbsp; &#8211;&nbsp;Cap\u00edtulo V, Se\u00e7\u00e3o I&nbsp;&#8211; Disp\u00f5e sobre o pedido de embargo para divulga\u00e7\u00e3o de teses e disserta\u00e7\u00f5es na BDTD-USP.&nbsp;\u00a7 3\u00ba \u2013 A pedido do aluno, com anu\u00eancia do orientador, a Disserta\u00e7\u00e3o ou Tese ser\u00e1 mantida em acervo reservado por per\u00edodo de at\u00e9 dois anos, renov\u00e1vel uma vez pelo mesmo per\u00edodo, devendo o pedido ser entregue no momento do dep\u00f3sito.<\/li>\n\n\n\n<li><a rel=\"noreferrer noopener\" href=\"http:\/\/www.leginf.usp.br\/?resolucao=resolucao-copgr-no-6018-de-13-de-outubro-de-2011\" target=\"_blank\">Resolu\u00e7\u00e3o CoPGr N\u00ba 6018, de 13 de outubro de 2011<\/a>&nbsp;\u2013 Disp\u00f5e sobre a corre\u00e7\u00e3o da tese ou disserta\u00e7\u00e3o.<\/li>\n<\/ul>\n\n\n\n<p class=\"wp-block-paragraph\">A entrega da <strong>vers\u00e3o corrigida<\/strong> possui regras, destacamos aqui os principais artigos:<\/p>\n\n\n\n<p class=\"wp-block-paragraph\">Artigo 2\u00ba&nbsp;\u2013 O prazo m\u00e1ximo para a entrega da vers\u00e3o corrigida e definitiva ser\u00e1 de 60 (sessenta) dias, a contar da data da defesa. A vers\u00e3o corrigida dever\u00e1 ser encaminhada, com o aval do orientador, ao Servi\u00e7o de P\u00f3s-Gradua\u00e7\u00e3o e deste, posteriormente, \u00e0 Biblioteca da Unidade sede do programa e \u00e0 Biblioteca Digital de Teses e Disserta\u00e7\u00f5es da USP (BDTD).<\/p>\n\n\n\n<p class=\"wp-block-paragraph\">Artigo 3\u00ba&nbsp;\u2013 Ap\u00f3s o prazo estabelecido no art 2\u00ba, caso a Tese ou Disserta\u00e7\u00e3o corrigida n\u00e3o seja encaminhada ao Servi\u00e7o de P\u00f3s-Gradua\u00e7\u00e3o, o documento originalmente depositado ser\u00e1 enviado \u00e0 Biblioteca da Unidade e \u00e0 Biblioteca Digital de Teses e Disserta\u00e7\u00f5es da USP (BDTD), ficando publicamente dispon\u00edvel nos seus acervos p\u00fablicos.<\/p>\n\n\n\n<div class=\"wp-block-group\"><div class=\"wp-block-group__inner-container is-layout-flow wp-block-group-is-layout-flow\">\n<blockquote class=\"wp-block-quote is-layout-flow wp-block-quote-is-layout-flow\">\n<p class=\"wp-block-paragraph\"><a href=\"https:\/\/teses.usp.br\/index.php?option=com_jumi&amp;fileid=19&amp;Itemid=87&amp;lang=pt-br&amp;g=1&amp;b0=instituto%20de%20matem%C3%A1tica%20e%20estat%C3%ADstica&amp;c0=u&amp;o0=AND\">Clique aqui<\/a>&nbsp;para ver os \u00faltimos trabalhos do IME&nbsp;disponibilizados na BDTD-USP.<\/p>\n<\/blockquote>\n\n\n\n<p class=\"wp-block-paragraph\"><\/p>\n<\/div><\/div>\n\n\n\n<div style=\"height:20px\" aria-hidden=\"true\" class=\"wp-block-spacer\"><\/div>\n\n\n\n<p class=\"wp-block-paragraph\"><strong>Veja tamb\u00e9m<\/strong>:<\/p>\n\n\n\n<ul class=\"wp-block-list\">\n<li> <a href=\"https:\/\/www.ime.usp.br\/bib\/servicos\/elaboracao-de-ficha-catalografica\/\" target=\"_blank\" rel=\"noreferrer noopener\">Ficha Catalogr\u00e1fica<\/a><\/li>\n<\/ul>\n\n\n\n<ul class=\"wp-block-list\">\n<li><a href=\"https:\/\/www.ime.usp.br\/bib\/apoio-ao-pesquisador\/integridade-academica\/\" target=\"_blank\" rel=\"noreferrer noopener\">Integridade Acad\u00eamica<\/a><\/li>\n<\/ul>\n\n\n\n<ul class=\"wp-block-list\">\n<li><a href=\"https:\/\/www.ime.usp.br\/bib\/apoio-ao-pesquisador\/gerenciadores-de-referencias-e-citacoes\/\" target=\"_blank\" rel=\"noreferrer noopener\">Gerenciadores de Refer\u00eancias e Cita\u00e7\u00f5es<\/a><\/li>\n<\/ul>\n\n\n\n<p class=\"wp-block-paragraph\"><\/p>\n","protected":false},"excerpt":{"rendered":"<p>A Biblioteca oferece orienta\u00e7\u00e3o para formata\u00e7\u00e3o de trabalhos acad\u00eamicos, cita\u00e7\u00f5es e refer\u00eancias. Em caso de d\u00favidas, agende um hor\u00e1rio pelo e-mail bib@ime.usp.br. Consulte abaixo as diretrizes da USP para o formato de trabalhos acad\u00eamicos:&nbsp; Um modelo com o formato da <a href=\"https:\/\/www.ime.usp.br\/bib\/servicos\/orientacao-para-teses-e-dissertacoes\/\" class=\"read-more\">Leia mais &#8230;<\/a><\/p>\n","protected":false},"author":2,"featured_media":0,"parent":35,"menu_order":7,"comment_status":"closed","ping_status":"closed","template":"","meta":{"_coblocks_attr":"","_coblocks_dimensions":"","_coblocks_responsive_height":"","_coblocks_accordion_ie_support":"","_crdt_document":"","_uag_custom_page_level_css":"","_EventAllDay":false,"_EventTimezone":"","_EventStartDate":"","_EventEndDate":"","_EventStartDateUTC":"","_EventEndDateUTC":"","_EventShowMap":false,"_EventShowMapLink":false,"_EventURL":"","_EventCost":"","_EventCostDescription":"","_EventCurrencySymbol":"","_EventCurrencyCode":"","_EventCurrencyPosition":"","_EventDateTimeSeparator":"","_EventTimeRangeSeparator":"","_EventOrganizerID":[],"_EventVenueID":[],"_OrganizerEmail":"","_OrganizerPhone":"","_OrganizerWebsite":"","_VenueAddress":"","_VenueCity":"","_VenueCountry":"","_VenueProvince":"","_VenueState":"","_VenueZip":"","_VenuePhone":"","_VenueURL":"","_VenueStateProvince":"","_VenueLat":"","_VenueLng":"","_VenueShowMap":false,"_VenueShowMapLink":false,"footnotes":""},"class_list":["post-349","page","type-page","status-publish","hentry"],"uagb_featured_image_src":{"full":false,"thumbnail":false,"medium":false,"medium_large":false,"large":false,"1536x1536":false,"2048x2048":false,"education-hub-thumb":false},"uagb_author_info":{"display_name":"Stela Madruga","author_link":"https:\/\/www.ime.usp.br\/bib\/author\/stela\/"},"uagb_comment_info":0,"uagb_excerpt":"A Biblioteca oferece orienta\u00e7\u00e3o para formata\u00e7\u00e3o de trabalhos acad\u00eamicos, cita\u00e7\u00f5es e refer\u00eancias. Em caso de d\u00favidas, agende um hor\u00e1rio pelo e-mail bib@ime.usp.br. Consulte abaixo as diretrizes da USP para o formato de trabalhos acad\u00eamicos:&nbsp; Um modelo com o formato da Leia mais ...","_links":{"self":[{"href":"https:\/\/www.ime.usp.br\/bib\/wp-json\/wp\/v2\/pages\/349","targetHints":{"allow":["GET"]}}],"collection":[{"href":"https:\/\/www.ime.usp.br\/bib\/wp-json\/wp\/v2\/pages"}],"about":[{"href":"https:\/\/www.ime.usp.br\/bib\/wp-json\/wp\/v2\/types\/page"}],"author":[{"embeddable":true,"href":"https:\/\/www.ime.usp.br\/bib\/wp-json\/wp\/v2\/users\/2"}],"replies":[{"embeddable":true,"href":"https:\/\/www.ime.usp.br\/bib\/wp-json\/wp\/v2\/comments?post=349"}],"version-history":[{"count":19,"href":"https:\/\/www.ime.usp.br\/bib\/wp-json\/wp\/v2\/pages\/349\/revisions"}],"predecessor-version":[{"id":4833,"href":"https:\/\/www.ime.usp.br\/bib\/wp-json\/wp\/v2\/pages\/349\/revisions\/4833"}],"up":[{"embeddable":true,"href":"https:\/\/www.ime.usp.br\/bib\/wp-json\/wp\/v2\/pages\/35"}],"wp:attachment":[{"href":"https:\/\/www.ime.usp.br\/bib\/wp-json\/wp\/v2\/media?parent=349"}],"curies":[{"name":"wp","href":"https:\/\/api.w.org\/{rel}","templated":true}]}}