{"id":33,"date":"2019-04-16T14:49:02","date_gmt":"2019-04-16T17:49:02","guid":{"rendered":"http:\/\/www2.ime.usp.br:8088\/biblioteca\/?page_id=33"},"modified":"2023-03-06T17:36:58","modified_gmt":"2023-03-06T20:36:58","slug":"sobre","status":"publish","type":"page","link":"https:\/\/www.ime.usp.br\/bib\/sobre\/","title":{"rendered":"Sobre"},"content":{"rendered":"\n<p class=\"wp-block-paragraph\">O futuro do conhecimento depende de bibliotecas. Esse futuro come\u00e7a aqui. <\/p>\n\n\n\n<iframe loading=\"lazy\" width=\"560\" height=\"315\" src=\"https:\/\/www.youtube.com\/embed\/e11c7uydR84\" title=\"YouTube video player\" frameborder=\"0\" allow=\"accelerometer; autoplay; clipboard-write; encrypted-media; gyroscope; picture-in-picture; web-share\" allowfullscreen><\/iframe>\n\n\n\n<div style=\"height:45px\" aria-hidden=\"true\" class=\"wp-block-spacer\"><\/div>\n\n\n\n<p class=\"wp-block-paragraph\">As bibliotecas s\u00e3o espa\u00e7os que v\u00e3o muito al\u00e9m dos livros, aqui voc\u00ea tamb\u00e9m  pode promover encontros e discuss\u00f5es com o objeto de aprender e construir novos conhecimentos.<\/p>\n\n\n\n<p class=\"wp-block-paragraph\">Entenda um pouco mais sobre n\u00f3s:<\/p>\n\n\n\n<div class=\"wp-block-group\"><div class=\"wp-block-group__inner-container is-layout-flow wp-block-group-is-layout-flow\">\n<blockquote class=\"wp-block-quote is-layout-flow wp-block-quote-is-layout-flow\">\n<p class=\"wp-block-paragraph\"><a href=\"https:\/\/www.ime.usp.br\/bib\/sobre\/mais-sobre-nos\/missao-visao-e-valores\/\" target=\"_blank\" rel=\"noreferrer noopener\"><strong>Conhe\u00e7a a nossa miss\u00e3o<\/strong><\/a>.<\/p>\n<\/blockquote>\n<\/div><\/div>\n\n\n\n<p class=\"wp-block-paragraph\"> <br><\/p>\n","protected":false},"excerpt":{"rendered":"<p>O futuro do conhecimento depende de bibliotecas. Esse futuro come\u00e7a aqui. As bibliotecas s\u00e3o espa\u00e7os que v\u00e3o muito al\u00e9m dos livros, aqui voc\u00ea tamb\u00e9m pode promover encontros e discuss\u00f5es com o objeto de aprender e construir novos conhecimentos. Entenda um <a href=\"https:\/\/www.ime.usp.br\/bib\/sobre\/\" class=\"read-more\">Leia mais &#8230;<\/a><\/p>\n","protected":false},"author":1,"featured_media":337,"parent":0,"menu_order":2,"comment_status":"closed","ping_status":"closed","template":"","meta":{"_coblocks_attr":"","_coblocks_dimensions":"","_coblocks_responsive_height":"","_coblocks_accordion_ie_support":"","_crdt_document":"","_uag_custom_page_level_css":"","_EventAllDay":false,"_EventTimezone":"","_EventStartDate":"","_EventEndDate":"","_EventStartDateUTC":"","_EventEndDateUTC":"","_EventShowMap":false,"_EventShowMapLink":false,"_EventURL":"","_EventCost":"","_EventCostDescription":"","_EventCurrencySymbol":"","_EventCurrencyCode":"","_EventCurrencyPosition":"","_EventDateTimeSeparator":"","_EventTimeRangeSeparator":"","_EventOrganizerID":[],"_EventVenueID":[],"_OrganizerEmail":"","_OrganizerPhone":"","_OrganizerWebsite":"","_VenueAddress":"","_VenueCity":"","_VenueCountry":"","_VenueProvince":"","_VenueState":"","_VenueZip":"","_VenuePhone":"","_VenueURL":"","_VenueStateProvince":"","_VenueLat":"","_VenueLng":"","_VenueShowMap":false,"_VenueShowMapLink":false,"footnotes":""},"class_list":["post-33","page","type-page","status-publish","has-post-thumbnail","hentry"],"uagb_featured_image_src":{"full":["https:\/\/www.ime.usp.br\/bib\/wp-content\/uploads\/2019\/11\/Banners_Site_outracor_13_11.png",1280,477,false],"thumbnail":["https:\/\/www.ime.usp.br\/bib\/wp-content\/uploads\/2019\/11\/Banners_Site_outracor_13_11-150x150.png",150,150,true],"medium":["https:\/\/www.ime.usp.br\/bib\/wp-content\/uploads\/2019\/11\/Banners_Site_outracor_13_11-300x112.png",300,112,true],"medium_large":["https:\/\/www.ime.usp.br\/bib\/wp-content\/uploads\/2019\/11\/Banners_Site_outracor_13_11-768x286.png",768,286,true],"large":["https:\/\/www.ime.usp.br\/bib\/wp-content\/uploads\/2019\/11\/Banners_Site_outracor_13_11-1024x382.png",847,316,true],"1536x1536":["https:\/\/www.ime.usp.br\/bib\/wp-content\/uploads\/2019\/11\/Banners_Site_outracor_13_11.png",1280,477,false],"2048x2048":["https:\/\/www.ime.usp.br\/bib\/wp-content\/uploads\/2019\/11\/Banners_Site_outracor_13_11.png",1280,477,false],"education-hub-thumb":["https:\/\/www.ime.usp.br\/bib\/wp-content\/uploads\/2019\/11\/Banners_Site_outracor_13_11-360x134.png",360,134,true]},"uagb_author_info":{"display_name":"admin","author_link":"https:\/\/www.ime.usp.br\/bib\/author\/admin\/"},"uagb_comment_info":0,"uagb_excerpt":"O futuro do conhecimento depende de bibliotecas. Esse futuro come\u00e7a aqui. As bibliotecas s\u00e3o espa\u00e7os que v\u00e3o muito al\u00e9m dos livros, aqui voc\u00ea tamb\u00e9m pode promover encontros e discuss\u00f5es com o objeto de aprender e construir novos conhecimentos. Entenda um Leia mais ...","_links":{"self":[{"href":"https:\/\/www.ime.usp.br\/bib\/wp-json\/wp\/v2\/pages\/33","targetHints":{"allow":["GET"]}}],"collection":[{"href":"https:\/\/www.ime.usp.br\/bib\/wp-json\/wp\/v2\/pages"}],"about":[{"href":"https:\/\/www.ime.usp.br\/bib\/wp-json\/wp\/v2\/types\/page"}],"author":[{"embeddable":true,"href":"https:\/\/www.ime.usp.br\/bib\/wp-json\/wp\/v2\/users\/1"}],"replies":[{"embeddable":true,"href":"https:\/\/www.ime.usp.br\/bib\/wp-json\/wp\/v2\/comments?post=33"}],"version-history":[{"count":16,"href":"https:\/\/www.ime.usp.br\/bib\/wp-json\/wp\/v2\/pages\/33\/revisions"}],"predecessor-version":[{"id":4706,"href":"https:\/\/www.ime.usp.br\/bib\/wp-json\/wp\/v2\/pages\/33\/revisions\/4706"}],"wp:featuredmedia":[{"embeddable":true,"href":"https:\/\/www.ime.usp.br\/bib\/wp-json\/wp\/v2\/media\/337"}],"wp:attachment":[{"href":"https:\/\/www.ime.usp.br\/bib\/wp-json\/wp\/v2\/media?parent=33"}],"curies":[{"name":"wp","href":"https:\/\/api.w.org\/{rel}","templated":true}]}}