{"id":313,"date":"2019-11-12T18:45:02","date_gmt":"2019-11-12T20:45:02","guid":{"rendered":"http:\/\/www2.ime.usp.br:8088\/biblioteca\/?page_id=313"},"modified":"2023-08-25T20:03:44","modified_gmt":"2023-08-25T23:03:44","slug":"teses-e-dissertacoes","status":"publish","type":"page","link":"https:\/\/www.ime.usp.br\/bib\/pesquisa\/teses-e-dissertacoes\/","title":{"rendered":"Teses e Disserta\u00e7\u00f5es"},"content":{"rendered":"\n<p class=\"wp-block-paragraph\">Existem diversas fontes para pesquisas de teses e disserta\u00e7\u00f5es dispon\u00edveis para consulta e download do texto completo:<\/p>\n\n\n\n<p class=\"wp-block-paragraph\"><a rel=\"noreferrer noopener\" href=\"http:\/\/www.teses.usp.br\/index.php?option=com_jumi&amp;fileid=18&amp;Itemid=85&amp;lang=pt-br\" target=\"_blank\"><strong>BDTD \u2013 Biblioteca Digital de Teses e Disserta\u00e7\u00f5es (USP)<\/strong><\/a><\/p>\n\n\n\n<p class=\"wp-block-paragraph\">Disponibiliza o texto completo de teses e disserta\u00e7\u00f5es, difundindo o conhecimento produzido pela USP atrav\u00e9s dos trabalhos defendidos. Est\u00e1 associada aos bancos de teses NDLTD e ao IBICT.<\/p>\n\n\n\n<blockquote class=\"wp-block-quote is-layout-flow wp-block-quote-is-layout-flow\">\n<p class=\"wp-block-paragraph\"><a rel=\"noreferrer noopener\" href=\"https:\/\/pandora.sc.usp.br\/rss\/feed.php?cod_colegiado=45\" target=\"_blank\"><strong>Clique aqui<\/strong><\/a>&nbsp;para ver os \u00faltimos trabalhos do IME&nbsp;disponibilizados na BDTD-USP.<\/p>\n<\/blockquote>\n\n\n\n<div style=\"height:20px\" aria-hidden=\"true\" class=\"wp-block-spacer\"><\/div>\n\n\n\n<p class=\"wp-block-paragraph\"><a rel=\"noreferrer noopener\" href=\"http:\/\/bdtd.ibict.br\/vufind\/\" target=\"_blank\"><strong>BDTD \u2013 Biblioteca Digital Brasileira de Teses e Disserta\u00e7\u00f5es (Brasil)<\/strong><\/a><\/p>\n\n\n\n<p class=\"wp-block-paragraph\">Coordenada pelo IBICT, \u00e9 um reposit\u00f3rio que re\u00fane centenas de teses e disserta\u00e7\u00f5es de universidades de todo o pa\u00eds. Oferece \u00e0s universidades uma op\u00e7\u00e3o de sistema online para armazenamento de suas teses e disserta\u00e7\u00f5es.&nbsp;O IBICT coleta e disponibiliza os metadados (t\u00edtulo, autor, resumo, palavra-chave etc.) e direciona o usu\u00e1rio ao documento original, que permanece na base da institui\u00e7\u00e3o de defesa.<\/p>\n\n\n\n<p class=\"wp-block-paragraph\"><a rel=\"noreferrer noopener\" href=\"http:\/\/mailer.periodicos.capes.gov.br\/lt.php?id=fEUDWgZMBFFMA1RXDAI=\" target=\"_blank\"><strong>Cat\u00e1logo de Teses e Disserta\u00e7\u00f5es da CAPES<\/strong><\/a>&nbsp;\u00e9 um sistema de busca bibliogr\u00e1fica que re\u00fane e disponibiliza a vers\u00e3o digital de teses e disserta\u00e7\u00f5es produzidas pelos programas de doutorado e mestrado reconhecidos. O conte\u00fado em texto completo contempla documentos a partir de 2010, enquanto h\u00e1 registro somente de metadados de anos anteriores. Tanto os metadados quanto os arquivos completos s\u00e3o informados diretamente \u00e0 CAPES pelos programas de p\u00f3s-gradua\u00e7\u00e3o, que se responsabilizam pela veracidade dos dados.<\/p>\n\n\n\n<p class=\"wp-block-paragraph\"><a rel=\"noreferrer noopener\" href=\"https:\/\/oatd.org\/\" target=\"_blank\"><strong>OATD \u2013 Open Access Theses and Dissertations<\/strong><\/a><\/p>\n\n\n\n<p class=\"wp-block-paragraph\">Base de acesso aberto onde \u00e9 poss\u00edvel poss\u00edvel encontrar mais de 5.000.000 de teses e disserta\u00e7\u00f5es de acesso aberto publicadas em todo o mundo. Os metadados s\u00e3o provenientes de mais de 1.100 faculdades, universidades e institui\u00e7\u00f5es de pesquisa.<\/p>\n\n\n\n<p class=\"wp-block-paragraph\"><a rel=\"noreferrer noopener\" href=\"http:\/\/search.ndltd.org\/\" target=\"_blank\"><strong>NDLTD &#8211; Teses e Disserta\u00e7\u00f5es<\/strong><\/a><\/p>\n\n\n\n<p class=\"wp-block-paragraph\">NDLTD \u00e9 um reposit\u00f3rio internacional que re\u00fane o conte\u00fado de outros reposit\u00f3rios de teses e disserta\u00e7\u00f5es, com texto completo, provenientes de diversos pa\u00edses do mundo.<\/p>\n\n\n\n<p class=\"wp-block-paragraph\"><a rel=\"noreferrer noopener\" href=\"http:\/\/www.dart-europe.eu\/basic-search.php\" target=\"_blank\"><strong>DART-Europe E-theses Portal (Europa)<\/strong><\/a><\/p>\n\n\n\n<p class=\"wp-block-paragraph\">\u00c9 um portal europeu formado pela parceria entre bibliotecas de pesquisa e cons\u00f3rcios europeus. Conta com mais de 828.000 teses em acesso aberto de 619 universidades em 28 pa\u00edses da Europa. Est\u00e1 associada \u00e0 NDLTD.<\/p>\n\n\n\n<p class=\"wp-block-paragraph\"><strong><a href=\"https:\/\/www.proquest.com\/pqdtglobal\" target=\"_blank\" rel=\"noreferrer noopener\"><strong>ProQuest\u00a0Dissertations &amp; Theses Global<\/strong><\/a><\/strong><\/p>\n\n\n\n<p class=\"wp-block-paragraph\">Base de Dados assinada pela USP que\u00a0oferece acesso a 5 milh\u00f5es de disserta\u00e7\u00f5es e teses de todo o mundo de 1637 at\u00e9 os dias atuais, juntamente com mais de 2,7 milh\u00f5es de disserta\u00e7\u00f5es em texto completo que est\u00e3o dispon\u00edveis para download em formato PDF. <\/p>\n\n\n\n<p class=\"wp-block-paragraph\">Esta base de dados inclui cita\u00e7\u00f5es bibliogr\u00e1ficas de materiais que v\u00e3o desde a primeira disserta\u00e7\u00e3o nos Estados Unidos, aceita em 1861, bem como disserta\u00e7\u00f5es europeias do s\u00e9culo 17, at\u00e9 aquelas aceitas no semestre passado.<\/p>\n\n\n\n<p class=\"wp-block-paragraph\"><a rel=\"noreferrer noopener\" href=\"http:\/\/www.base-search.net\/Search\/Advanced\" target=\"_blank\"><strong>BASE Bielefeld Academic Search Engine &#8211; Teses e Disserta\u00e7\u00f5es<\/strong><\/a><\/p>\n\n\n\n<p class=\"wp-block-paragraph\">Interface de busca unificada para mais de 3.000 reposit\u00f3rios de acesso aberto provenientes de institui\u00e7\u00f5es do mundo inteiro, para pesquisa de materiais acad\u00eamicos, incluindo teses e disserta\u00e7\u00f5es.<\/p>\n\n\n\n<div class=\"wp-block-group\"><div class=\"wp-block-group__inner-container is-layout-flow wp-block-group-is-layout-flow\">\n<div class=\"wp-block-coblocks-alert\"><p class=\"wp-block-coblocks-alert__text\"><span class=\"has-inline-color has-dark-blue-color\">Acesse o <strong><a rel=\"noreferrer noopener\" href=\"https:\/\/www.ime.usp.br\/bib\/wp-content\/uploads\/2020\/04\/Pesquisa_Teses.pdf\" target=\"_blank\">tutorial<\/a><\/strong> para pesquisas de teses e disserta\u00e7\u00f5es.<\/span><\/p><\/div>\n\n\n\n<p class=\"wp-block-paragraph\"><\/p>\n<\/div><\/div>\n","protected":false},"excerpt":{"rendered":"<p>Existem diversas fontes para pesquisas de teses e disserta\u00e7\u00f5es dispon\u00edveis para consulta e download do texto completo: BDTD \u2013 Biblioteca Digital de Teses e Disserta\u00e7\u00f5es (USP) Disponibiliza o texto completo de teses e disserta\u00e7\u00f5es, difundindo o conhecimento produzido pela USP <a href=\"https:\/\/www.ime.usp.br\/bib\/pesquisa\/teses-e-dissertacoes\/\" class=\"read-more\">Leia mais &#8230;<\/a><\/p>\n","protected":false},"author":2,"featured_media":0,"parent":44,"menu_order":6,"comment_status":"closed","ping_status":"closed","template":"","meta":{"_coblocks_attr":"","_coblocks_dimensions":"","_coblocks_responsive_height":"","_coblocks_accordion_ie_support":"","_crdt_document":"","_uag_custom_page_level_css":"","_EventAllDay":false,"_EventTimezone":"","_EventStartDate":"","_EventEndDate":"","_EventStartDateUTC":"","_EventEndDateUTC":"","_EventShowMap":false,"_EventShowMapLink":false,"_EventURL":"","_EventCost":"","_EventCostDescription":"","_EventCurrencySymbol":"","_EventCurrencyCode":"","_EventCurrencyPosition":"","_EventDateTimeSeparator":"","_EventTimeRangeSeparator":"","_EventOrganizerID":[],"_EventVenueID":[],"_OrganizerEmail":"","_OrganizerPhone":"","_OrganizerWebsite":"","_VenueAddress":"","_VenueCity":"","_VenueCountry":"","_VenueProvince":"","_VenueState":"","_VenueZip":"","_VenuePhone":"","_VenueURL":"","_VenueStateProvince":"","_VenueLat":"","_VenueLng":"","_VenueShowMap":false,"_VenueShowMapLink":false,"footnotes":""},"class_list":["post-313","page","type-page","status-publish","hentry"],"uagb_featured_image_src":{"full":false,"thumbnail":false,"medium":false,"medium_large":false,"large":false,"1536x1536":false,"2048x2048":false,"education-hub-thumb":false},"uagb_author_info":{"display_name":"Stela Madruga","author_link":"https:\/\/www.ime.usp.br\/bib\/author\/stela\/"},"uagb_comment_info":0,"uagb_excerpt":"Existem diversas fontes para pesquisas de teses e disserta\u00e7\u00f5es dispon\u00edveis para consulta e download do texto completo: BDTD \u2013 Biblioteca Digital de Teses e Disserta\u00e7\u00f5es (USP) Disponibiliza o texto completo de teses e disserta\u00e7\u00f5es, difundindo o conhecimento produzido pela USP Leia mais ...","_links":{"self":[{"href":"https:\/\/www.ime.usp.br\/bib\/wp-json\/wp\/v2\/pages\/313","targetHints":{"allow":["GET"]}}],"collection":[{"href":"https:\/\/www.ime.usp.br\/bib\/wp-json\/wp\/v2\/pages"}],"about":[{"href":"https:\/\/www.ime.usp.br\/bib\/wp-json\/wp\/v2\/types\/page"}],"author":[{"embeddable":true,"href":"https:\/\/www.ime.usp.br\/bib\/wp-json\/wp\/v2\/users\/2"}],"replies":[{"embeddable":true,"href":"https:\/\/www.ime.usp.br\/bib\/wp-json\/wp\/v2\/comments?post=313"}],"version-history":[{"count":10,"href":"https:\/\/www.ime.usp.br\/bib\/wp-json\/wp\/v2\/pages\/313\/revisions"}],"predecessor-version":[{"id":4220,"href":"https:\/\/www.ime.usp.br\/bib\/wp-json\/wp\/v2\/pages\/313\/revisions\/4220"}],"up":[{"embeddable":true,"href":"https:\/\/www.ime.usp.br\/bib\/wp-json\/wp\/v2\/pages\/44"}],"wp:attachment":[{"href":"https:\/\/www.ime.usp.br\/bib\/wp-json\/wp\/v2\/media?parent=313"}],"curies":[{"name":"wp","href":"https:\/\/api.w.org\/{rel}","templated":true}]}}