{"id":309,"date":"2019-11-12T18:43:22","date_gmt":"2019-11-12T20:43:22","guid":{"rendered":"http:\/\/www2.ime.usp.br:8088\/biblioteca\/?page_id=309"},"modified":"2023-05-03T16:50:49","modified_gmt":"2023-05-03T19:50:49","slug":"revistas-eletronicas","status":"publish","type":"page","link":"https:\/\/www.ime.usp.br\/bib\/pesquisa\/revistas-eletronicas\/","title":{"rendered":"Revistas Eletr\u00f4nicas"},"content":{"rendered":"\n<p class=\"wp-block-paragraph\">A AGUIA &#8211;  Ag\u00eancia USP de Gest\u00e3o da Informa\u00e7\u00e3o Acad\u00eamica &#8211; mant\u00e9m a assinatura&nbsp;online&nbsp;de cerca de quatro mil t\u00edtulos de revistas internacionais em diversas \u00e1reas do conhecimento. Para identificar os t\u00edtulos dispon\u00edveis, bem como o fator de impacto das mesmas, utilize a pesquisa por t\u00edtulos na&nbsp;<a rel=\"noreferrer noopener\" href=\"http:\/\/www.buscaintegrada.usp.br:1701\/primo_library\/libweb\/action\/search.do?vid=USP&amp;pagina=azlist\" target=\"_blank\">Lista de Revistas Eletr\u00f4nicas (A-Z)&nbsp;<\/a>&nbsp;do Portal de Busca Integrada. Para a busca de artigos publicados nesses t\u00edtulos, utilize diretamente a p\u00e1gina inicial do&nbsp;<a rel=\"noreferrer noopener\" href=\"http:\/\/www.buscaintegrada.usp.br:1701\/primo_library\/libweb\/action\/search.do\" target=\"_blank\">Portal de Busca Integrada<\/a>, clicando em Busca Avan\u00e7ada.&nbsp;<\/p>\n\n\n\n<p class=\"wp-block-paragraph\">&nbsp;Consulte:<\/p>\n\n\n\n<ul class=\"wp-block-list\">\n<li><a rel=\"noreferrer noopener\" aria-label=\" (abre numa nova aba)\" href=\"https:\/\/www.ime.usp.br\/bib\/?page_id=792\" target=\"_blank\">Peri\u00f3dicos Correntes &#8211; IME<\/a><\/li>\n\n\n\n<li><a href=\"https:\/\/www.buscaintegrada.usp.br\/primo_library\/libweb\/action\/search.do?vid=USP&amp;pagina=azlist\" target=\"_blank\" rel=\"noreferrer noopener\">Revistas Eletr\u00f4nicas de A a Z<\/a><\/li>\n\n\n\n<li><a href=\"https:\/\/www-periodicos-capes-gov-br.ez67.periodicos.capes.gov.br\/index.php\/acervo\/lista-a-z-periodicos.html\" target=\"_blank\" rel=\"noreferrer noopener\">Peri\u00f3dicos CAPES<\/a><\/li>\n\n\n\n<li><a rel=\"noreferrer noopener\" href=\"http:\/\/www.revistas.usp.br\/wp\/\" target=\"_blank\">Portal de Revistas USP<\/a><\/li>\n\n\n\n<li><a rel=\"noreferrer noopener\" href=\"http:\/\/www.scielo.org\/php\/index.php\" target=\"_blank\">SciELO<\/a><\/li>\n\n\n\n<li><a rel=\"noreferrer noopener\" href=\"https:\/\/www.doaj.org\/\" target=\"_blank\">DOAJ<\/a><\/li>\n<\/ul>\n\n\n\n<p class=\"wp-block-paragraph\"><strong>VPN USPnet<\/strong><\/p>\n\n\n\n<p class=\"wp-block-paragraph\">Com o VPN&nbsp;\u00e9 poss\u00edvel acessar remotamente os&nbsp;<a href=\"https:\/\/www.aguia.usp.br\/acervos\/\" target=\"_blank\" rel=\"noreferrer noopener\" aria-label=\" (abre numa nova aba)\">acervos digitais<\/a>&nbsp;(bases de dados, revistas eletr\u00f4nicas, ebooks) assinados pela USP e pela Capes. O servi\u00e7o de VPN fornece conectividade \u00e0 rede USP a partir de qualquer computador conectado \u00e0 Internet e est\u00e1 dispon\u00edvel a docentes, funcion\u00e1rios e alunos de gradua\u00e7\u00e3o e p\u00f3s-gradua\u00e7\u00e3o da USP, desde que o v\u00ednculo com a Universidade esteja ativo, mediante o uso da&nbsp;senha \u00fanica USP.&nbsp;<\/p>\n\n\n\n<p class=\"wp-block-paragraph\">Para obter mais informa\u00e7\u00f5es, acesse&nbsp;<a href=\"https:\/\/atendimento-prod.sti.usp.br\/otrs\/public.pl?Action=PublicFAQExplorer;CategoryID=12\" target=\"_blank\" rel=\"noreferrer noopener\">Instala\u00e7\u00e3o e Configura\u00e7\u00e3o do VPN<\/a>.<\/p>\n\n\n\n<p class=\"wp-block-paragraph\">Acesse o tutorial de <a href=\"https:\/\/www.ime.usp.br\/bib\/wp-content\/uploads\/2023\/01\/VPN_instalacao.pdf\" target=\"_blank\" rel=\"noreferrer noopener\">instala\u00e7\u00e3o do VPN<\/a>.<\/p>\n\n\n\n<p class=\"wp-block-paragraph\"><strong>CAFe &#8211; Portal Capes<\/strong><\/p>\n\n\n\n<p class=\"wp-block-paragraph\">Atrav\u00e9s do<a href=\"https:\/\/www-periodicos-capes-gov-br.ez67.periodicos.capes.gov.br\/index.php\/acesso-cafe.html\" target=\"_blank\" rel=\"noreferrer noopener\">&nbsp;acesso CAFe<\/a>&nbsp;o usu\u00e1rio pode acessar os conte\u00fados assinados pelo Portal CAPES de qualquer lugar e a qualquer hora, basta estar conectado \u00e0 internet.<\/p>\n\n\n\n<p class=\"wp-block-paragraph\">Acesse o <a href=\"https:\/\/www.ime.usp.br\/bib\/wp-content\/uploads\/2023\/01\/Tutorial_CAFe_IME_2022.pdf\" target=\"_blank\" rel=\"noreferrer noopener\"><strong>tutorial do CAFe<\/strong><\/a>.<\/p>\n","protected":false},"excerpt":{"rendered":"<p>A AGUIA &#8211; Ag\u00eancia USP de Gest\u00e3o da Informa\u00e7\u00e3o Acad\u00eamica &#8211; mant\u00e9m a assinatura&nbsp;online&nbsp;de cerca de quatro mil t\u00edtulos de revistas internacionais em diversas \u00e1reas do conhecimento. Para identificar os t\u00edtulos dispon\u00edveis, bem como o fator de impacto das mesmas, <a href=\"https:\/\/www.ime.usp.br\/bib\/pesquisa\/revistas-eletronicas\/\" class=\"read-more\">Leia mais &#8230;<\/a><\/p>\n","protected":false},"author":2,"featured_media":0,"parent":44,"menu_order":4,"comment_status":"closed","ping_status":"closed","template":"","meta":{"_coblocks_attr":"","_coblocks_dimensions":"","_coblocks_responsive_height":"","_coblocks_accordion_ie_support":"","_crdt_document":"","_uag_custom_page_level_css":"","_EventAllDay":false,"_EventTimezone":"","_EventStartDate":"","_EventEndDate":"","_EventStartDateUTC":"","_EventEndDateUTC":"","_EventShowMap":false,"_EventShowMapLink":false,"_EventURL":"","_EventCost":"","_EventCostDescription":"","_EventCurrencySymbol":"","_EventCurrencyCode":"","_EventCurrencyPosition":"","_EventDateTimeSeparator":"","_EventTimeRangeSeparator":"","_EventOrganizerID":[],"_EventVenueID":[],"_OrganizerEmail":"","_OrganizerPhone":"","_OrganizerWebsite":"","_VenueAddress":"","_VenueCity":"","_VenueCountry":"","_VenueProvince":"","_VenueState":"","_VenueZip":"","_VenuePhone":"","_VenueURL":"","_VenueStateProvince":"","_VenueLat":"","_VenueLng":"","_VenueShowMap":false,"_VenueShowMapLink":false,"footnotes":""},"class_list":["post-309","page","type-page","status-publish","hentry"],"uagb_featured_image_src":{"full":false,"thumbnail":false,"medium":false,"medium_large":false,"large":false,"1536x1536":false,"2048x2048":false,"education-hub-thumb":false},"uagb_author_info":{"display_name":"Stela Madruga","author_link":"https:\/\/www.ime.usp.br\/bib\/author\/stela\/"},"uagb_comment_info":0,"uagb_excerpt":"A AGUIA &#8211; Ag\u00eancia USP de Gest\u00e3o da Informa\u00e7\u00e3o Acad\u00eamica &#8211; mant\u00e9m a assinatura&nbsp;online&nbsp;de cerca de quatro mil t\u00edtulos de revistas internacionais em diversas \u00e1reas do conhecimento. Para identificar os t\u00edtulos dispon\u00edveis, bem como o fator de impacto das mesmas, Leia mais ...","_links":{"self":[{"href":"https:\/\/www.ime.usp.br\/bib\/wp-json\/wp\/v2\/pages\/309","targetHints":{"allow":["GET"]}}],"collection":[{"href":"https:\/\/www.ime.usp.br\/bib\/wp-json\/wp\/v2\/pages"}],"about":[{"href":"https:\/\/www.ime.usp.br\/bib\/wp-json\/wp\/v2\/types\/page"}],"author":[{"embeddable":true,"href":"https:\/\/www.ime.usp.br\/bib\/wp-json\/wp\/v2\/users\/2"}],"replies":[{"embeddable":true,"href":"https:\/\/www.ime.usp.br\/bib\/wp-json\/wp\/v2\/comments?post=309"}],"version-history":[{"count":11,"href":"https:\/\/www.ime.usp.br\/bib\/wp-json\/wp\/v2\/pages\/309\/revisions"}],"predecessor-version":[{"id":3974,"href":"https:\/\/www.ime.usp.br\/bib\/wp-json\/wp\/v2\/pages\/309\/revisions\/3974"}],"up":[{"embeddable":true,"href":"https:\/\/www.ime.usp.br\/bib\/wp-json\/wp\/v2\/pages\/44"}],"wp:attachment":[{"href":"https:\/\/www.ime.usp.br\/bib\/wp-json\/wp\/v2\/media?parent=309"}],"curies":[{"name":"wp","href":"https:\/\/api.w.org\/{rel}","templated":true}]}}