{"id":305,"date":"2019-11-12T18:36:43","date_gmt":"2019-11-12T20:36:43","guid":{"rendered":"http:\/\/www2.ime.usp.br:8088\/biblioteca\/?page_id=305"},"modified":"2024-06-27T17:35:34","modified_gmt":"2024-06-27T20:35:34","slug":"portal-de-busca-integrada","status":"publish","type":"page","link":"https:\/\/www.ime.usp.br\/bib\/pesquisa\/portal-de-busca-integrada\/","title":{"rendered":"Portal de Busca Integrada"},"content":{"rendered":"\n<div style=\"height:20px\" aria-hidden=\"true\" class=\"wp-block-spacer\"><\/div>\n\n\n\n<form id=\"searchForm\" class=\"EXLSearchForm\" action=\"http:\/\/www.buscaintegrada.usp.br\/primo_library\/libweb\/action\/search.do?fn=search&amp;ct=search\" enctype=\"application\/x-www-form-urlencoded; charset=utf-8\" method=\"get\" name=\"searchForm\" target=\"_self\"><input id=\"fn\" name=\"fn\" type=\"hidden\" value=\"search\"><input id=\"mode\" name=\"mode\" type=\"hidden\" value=\"Basic\"><input checked=\"checked\" name=\"tab\" type=\"radio\" value=\"default_tab\"> Busca Geral<input name=\"tab\" type=\"radio\" value=\"usp_fisico\"> Acervo F\u00edsico<input name=\"tab\" type=\"radio\" value=\"usp_producao\"> Produ\u00e7\u00e3o USP\n<input id=\"search_field\" accesskey=\"s\" name=\"vl(freeText0)\" type=\"text\"><input type=\"submit\" value=\"Buscar\">&nbsp;<\/form><a href=\"http:\/\/www.buscaintegrada.usp.br:1701\/primo_library\/libweb\/action\/search.do?vid=USP&amp;pagina=azlist\">Revistas eletr\u00f4nicas (eJournals)<\/a>\n\n<a href=\"http:\/\/www.buscaintegrada.usp.br:1701\/primo_library\/libweb\/action\/search.do?vid=USP&amp;pagina=azbooks\">Livros eletr\u00f4nicos (eBooks)<\/a>\n\n<code><\/code>\n\n\n\n<div style=\"height:37px\" aria-hidden=\"true\" class=\"wp-block-spacer\"><\/div>\n\n\n\n<blockquote class=\"wp-block-quote is-layout-flow wp-block-quote-is-layout-flow\">\n<p class=\"wp-block-paragraph\">Deseja procurar livros, artigos e outros materiais das Bibliotecas da USP? <br>Use o <a aria-label=\" (abre numa nova aba)\" rel=\"noreferrer noopener\" href=\"http:\/\/www.buscaintegrada.usp.br\" target=\"_blank\"><strong>Portal de Busca de Integrada<\/strong><\/a>.                                                                                                     <\/p>\n<\/blockquote>\n\n\n\n<div style=\"height:37px\" aria-hidden=\"true\" class=\"wp-block-spacer\"><\/div>\n\n\n\n<p class=\"wp-block-paragraph\">O Portal de Busca Integrada&nbsp;da USP (PBi) \u00e9 um sistema de descoberta que integra a busca e facilita a recupera\u00e7\u00e3o dos registros dos&nbsp;acervos f\u00edsicos&nbsp;das Bibliotecas&nbsp;e tamb\u00e9m&nbsp;dos&nbsp;conte\u00fados digitais online&nbsp;dispon\u00edveis para a comunidade USP, incluindo o conte\u00fado do&nbsp;<a href=\"https:\/\/www.ime.usp.br\/bib\/pesquisa\/portal-de-periodicos-capes\/\" target=\"_blank\" rel=\"noreferrer noopener\">Portal de Peri\u00f3dicos da Capes<\/a>. Al\u00e9m disso, contempla os materiais das bibliotecas digitais da universidade e&nbsp;os conte\u00fados em acesso aberto.<\/p>\n\n\n\n<p class=\"wp-block-paragraph\">Para buscar somente os itens que constam no acervo da Biblioteca do IME, acesse&nbsp;<strong><a rel=\"noreferrer noopener\" href=\"http:\/\/www.buscaintegrada.usp.br\/\" target=\"_blank\">www.buscaintegrada.usp.br<\/a><\/strong>, selecione o campo &#8220;Biblioteca&#8221; e digite &#8220;IME&#8221; nas op\u00e7\u00f5es de pesquisa.<\/p>\n\n\n\n<figure class=\"wp-block-image size-large coblocks-animate has-filter-saturation\" data-coblocks-animation=\"slideInLeft\"><a href=\"http:\/\/www.buscaintegrada.usp.br\" target=\"_blank\" rel=\"noreferrer noopener\"><img loading=\"lazy\" decoding=\"async\" width=\"942\" height=\"304\" src=\"https:\/\/www.ime.usp.br\/bib\/wp-content\/uploads\/2020\/03\/pbi-1.png\" alt=\"\" class=\"wp-image-534\"\/><\/a><figcaption class=\"wp-element-caption\">Pesquisa do Portal de Busca Integrada &#8211; USP<\/figcaption><\/figure>\n\n\n\n<div style=\"height:37px\" aria-hidden=\"true\" class=\"wp-block-spacer\"><\/div>\n\n\n\n<p class=\"wp-block-paragraph\">Objetivos do PBi:<\/p>\n\n\n\n<ul class=\"wp-block-list\">\n<li>Promover o acesso integrado a fontes de informa\u00e7\u00f5es impressas e digitais, independente do formato e da localiza\u00e7\u00e3o.<\/li>\n\n\n\n<li>Aumentar a visibilidade da produ\u00e7\u00e3o intelectual da USP.<\/li>\n\n\n\n<li>Gerenciar os recursos dos acervos eletr\u00f4nicos e impressos.<\/li>\n<\/ul>\n\n\n\n<p class=\"wp-block-paragraph\">No PBi, o usu\u00e1rio tamb\u00e9m pode verificar as datas de devolu\u00e7\u00e3o de seus <a href=\"https:\/\/www.ime.usp.br\/bib\/servicos\/emprestimos-renovacoes-e-reservas\/\" target=\"_blank\" rel=\"noreferrer noopener\">empr\u00e9stimos, fazer a reserva ou renovar<\/a> itens emprestados; inserir resenhas e&nbsp;<em>tags<\/em>&nbsp;em documentos de seu interesse; manter espa\u00e7o pessoal para armazenamento de refer\u00eancias selecionadas; exportar bibliografias para aplicativos externos como&nbsp;<a href=\"https:\/\/www.ime.usp.br\/bib\/tag\/gerenciador-de-referencias\/\" target=\"_blank\" rel=\"noreferrer noopener\">EndNote<\/a>, <a href=\"https:\/\/www.ime.usp.br\/bib\/tag\/gerenciador-de-referencias\/\" target=\"_blank\" rel=\"noreferrer noopener\">Mendeley<\/a>, <a href=\"https:\/\/www.ime.usp.br\/bib\/tag\/gerenciador-de-referencias\/\" target=\"_blank\" rel=\"noreferrer noopener\">Zotero<\/a> e outros.<\/p>\n\n\n\n<p class=\"is-style-info coblocks-alert-paragraph wp-block-paragraph\"><strong><a href=\"https:\/\/www.ime.usp.br\/bib\/wp-content\/uploads\/2024\/06\/Tutorial_Busca-Integrada_IME-.pdf\" target=\"_blank\" rel=\"noreferrer noopener\">Tutorial do Portal de Busca Integrada (PDF)<\/a><\/strong><br><strong><a href=\"https:\/\/www.youtube.com\/watch?v=aqNhgg-IkAE\" target=\"_blank\" rel=\"noreferrer noopener\">V\u00eddeo tutorial (YouTube)<\/a><\/strong><\/p>\n\n\n\n<div style=\"height:20px\" aria-hidden=\"true\" class=\"wp-block-spacer\"><\/div>\n\n\n\n<p class=\"wp-block-paragraph\">O conte\u00fado assinado pela universidade poder\u00e1 ser&nbsp;acessado por meio de computador, tablet ou celular com Wi-Fi da USP. <\/p>\n\n\n\n<p class=\"wp-block-paragraph\">Para alunos, docentes e funcion\u00e1rios com v\u00ednculo ativo com a USP, o acesso tamb\u00e9m poder\u00e1 ser remoto, ou seja, fora da universidade. Isto poder\u00e1 ser feito a partir de qualquer computador conectado \u00e0 internet, por meio do aplicativo e login <strong><a aria-label=\" (abre numa nova aba)\" href=\"https:\/\/atendimento-prod.sti.usp.br\/otrs\/public.pl?Action=PublicFAQExplorer;CategoryID=12\" target=\"_blank\" rel=\"noreferrer noopener\">VPN USPnet<\/a><\/strong>,&nbsp;ou ainda pelo&nbsp;<strong><a href=\"https:\/\/www-periodicos-capes-gov-br.ez67.periodicos.capes.gov.br\/index.php\/acesso-cafe.html\" target=\"_blank\" rel=\"noreferrer noopener\">acesso CAFe<\/a><\/strong>, para os conte\u00fados assinados pela CAPES.<\/p>\n\n\n\n<hr class=\"wp-block-separator has-css-opacity is-style-dots\"\/>\n\n\n\n<p class=\"wp-block-paragraph\"><strong>Veja tamb\u00e9m:<\/strong><\/p>\n\n\n\n<ul class=\"wp-block-list is-style-default\">\n<li><a rel=\"noreferrer noopener\" aria-label=\"Cat\u00e1logo Dedalus (abre numa nova aba)\" href=\"https:\/\/www.ime.usp.br\/bib\/?page_id=298\" target=\"_blank\"><strong>Cat\u00e1logo Dedalus<\/strong><\/a><\/li>\n\n\n\n<li><a href=\"https:\/\/www.ime.usp.br\/bib\/?page_id=550\" target=\"_blank\" rel=\"noreferrer noopener\" aria-label=\"Portal de Peri\u00f3dicos CAPES (abre numa nova aba)\"><strong>Portal de Peri\u00f3dicos CAPES<\/strong><\/a><\/li>\n<\/ul>\n","protected":false},"excerpt":{"rendered":"<p>Busca Geral Acervo F\u00edsico Produ\u00e7\u00e3o USP &nbsp; Revistas eletr\u00f4nicas (eJournals) Livros eletr\u00f4nicos (eBooks) Deseja procurar livros, artigos e outros materiais das Bibliotecas da USP? Use o Portal de Busca de Integrada. O Portal de Busca Integrada&nbsp;da USP (PBi) \u00e9 um <a href=\"https:\/\/www.ime.usp.br\/bib\/pesquisa\/portal-de-busca-integrada\/\" class=\"read-more\">Leia mais &#8230;<\/a><\/p>\n","protected":false},"author":2,"featured_media":477,"parent":44,"menu_order":2,"comment_status":"closed","ping_status":"closed","template":"","meta":{"_coblocks_attr":"","_coblocks_dimensions":"","_coblocks_responsive_height":"","_coblocks_accordion_ie_support":"","_crdt_document":"","_uag_custom_page_level_css":"","_EventAllDay":false,"_EventTimezone":"","_EventStartDate":"","_EventEndDate":"","_EventStartDateUTC":"","_EventEndDateUTC":"","_EventShowMap":false,"_EventShowMapLink":false,"_EventURL":"","_EventCost":"","_EventCostDescription":"","_EventCurrencySymbol":"","_EventCurrencyCode":"","_EventCurrencyPosition":"","_EventDateTimeSeparator":"","_EventTimeRangeSeparator":"","_EventOrganizerID":[],"_EventVenueID":[],"_OrganizerEmail":"","_OrganizerPhone":"","_OrganizerWebsite":"","_VenueAddress":"","_VenueCity":"","_VenueCountry":"","_VenueProvince":"","_VenueState":"","_VenueZip":"","_VenuePhone":"","_VenueURL":"","_VenueStateProvince":"","_VenueLat":"","_VenueLng":"","_VenueShowMap":false,"_VenueShowMapLink":false,"footnotes":""},"class_list":["post-305","page","type-page","status-publish","has-post-thumbnail","hentry"],"uagb_featured_image_src":{"full":["https:\/\/www.ime.usp.br\/bib\/wp-content\/uploads\/2020\/03\/360-x-240-site_PBI.png",360,240,false],"thumbnail":["https:\/\/www.ime.usp.br\/bib\/wp-content\/uploads\/2020\/03\/360-x-240-site_PBI.png",150,100,false],"medium":["https:\/\/www.ime.usp.br\/bib\/wp-content\/uploads\/2020\/03\/360-x-240-site_PBI.png",300,200,false],"medium_large":["https:\/\/www.ime.usp.br\/bib\/wp-content\/uploads\/2020\/03\/360-x-240-site_PBI.png",360,240,false],"large":["https:\/\/www.ime.usp.br\/bib\/wp-content\/uploads\/2020\/03\/360-x-240-site_PBI.png",360,240,false],"1536x1536":["https:\/\/www.ime.usp.br\/bib\/wp-content\/uploads\/2020\/03\/360-x-240-site_PBI.png",360,240,false],"2048x2048":["https:\/\/www.ime.usp.br\/bib\/wp-content\/uploads\/2020\/03\/360-x-240-site_PBI.png",360,240,false],"education-hub-thumb":["https:\/\/www.ime.usp.br\/bib\/wp-content\/uploads\/2020\/03\/360-x-240-site_PBI.png",360,240,false]},"uagb_author_info":{"display_name":"Stela Madruga","author_link":"https:\/\/www.ime.usp.br\/bib\/author\/stela\/"},"uagb_comment_info":0,"uagb_excerpt":"Busca Geral Acervo F\u00edsico Produ\u00e7\u00e3o USP &nbsp; Revistas eletr\u00f4nicas (eJournals) Livros eletr\u00f4nicos (eBooks) Deseja procurar livros, artigos e outros materiais das Bibliotecas da USP? Use o Portal de Busca de Integrada. O Portal de Busca Integrada&nbsp;da USP (PBi) \u00e9 um Leia mais ...","_links":{"self":[{"href":"https:\/\/www.ime.usp.br\/bib\/wp-json\/wp\/v2\/pages\/305","targetHints":{"allow":["GET"]}}],"collection":[{"href":"https:\/\/www.ime.usp.br\/bib\/wp-json\/wp\/v2\/pages"}],"about":[{"href":"https:\/\/www.ime.usp.br\/bib\/wp-json\/wp\/v2\/types\/page"}],"author":[{"embeddable":true,"href":"https:\/\/www.ime.usp.br\/bib\/wp-json\/wp\/v2\/users\/2"}],"replies":[{"embeddable":true,"href":"https:\/\/www.ime.usp.br\/bib\/wp-json\/wp\/v2\/comments?post=305"}],"version-history":[{"count":36,"href":"https:\/\/www.ime.usp.br\/bib\/wp-json\/wp\/v2\/pages\/305\/revisions"}],"predecessor-version":[{"id":4743,"href":"https:\/\/www.ime.usp.br\/bib\/wp-json\/wp\/v2\/pages\/305\/revisions\/4743"}],"up":[{"embeddable":true,"href":"https:\/\/www.ime.usp.br\/bib\/wp-json\/wp\/v2\/pages\/44"}],"wp:featuredmedia":[{"embeddable":true,"href":"https:\/\/www.ime.usp.br\/bib\/wp-json\/wp\/v2\/media\/477"}],"wp:attachment":[{"href":"https:\/\/www.ime.usp.br\/bib\/wp-json\/wp\/v2\/media?parent=305"}],"curies":[{"name":"wp","href":"https:\/\/api.w.org\/{rel}","templated":true}]}}