{"id":271,"date":"2019-09-26T11:10:08","date_gmt":"2019-09-26T14:10:08","guid":{"rendered":"http:\/\/www2.ime.usp.br:8088\/biblioteca\/?page_id=271"},"modified":"2025-09-05T16:09:15","modified_gmt":"2025-09-05T19:09:15","slug":"contatos","status":"publish","type":"page","link":"https:\/\/www.ime.usp.br\/bib\/sobre\/contatos\/","title":{"rendered":"Contatos da Equipe"},"content":{"rendered":"\n<h3 class=\"wp-block-heading\" id=\"biblioteca-carlos-benjamin-de-lyra\"><strong>Biblioteca Carlos Benjamin de Lyra<\/strong><\/h3>\n\n\n\n<p class=\"wp-block-paragraph\">E-mail:&nbsp;<a href=\"mailto:bib@ime.usp.br\">bib@ime.usp.br<\/a><\/p>\n\n\n\n<p class=\"wp-block-paragraph\"><a href=\"https:\/\/www.flickr.com\/photos\/141687657@N07\/albums\/72157693962766520\" target=\"_blank\" rel=\"noreferrer noopener\">Foto da Equipe<\/a><\/p>\n\n\n\n<hr class=\"wp-block-separator has-css-opacity is-style-wide\"\/>\n\n\n\n<h3 class=\"wp-block-heading\" id=\"administracao-chefia-tecnica\"><strong>Administra\u00e7\u00e3o &#8211; Chefia T\u00e9cnica<\/strong><\/h3>\n\n\n\n<p class=\"wp-block-paragraph\">Telefone:+55 11 3091-6174 \/ 2648-6276<\/p>\n\n\n\n<p class=\"wp-block-paragraph\"> Stela do Nascimento Madruga &#8211; E-mail:&nbsp;<a href=\"mailto:stela.madruga@usp.br\">stela.madruga@usp.br<\/a><\/p>\n\n\n\n<p class=\"wp-block-paragraph\"> Ricardo Vila Real Tanaka &#8211; E-mail:&nbsp;<a href=\"mailto:ricardot@ime.usp.br\">ricardot@ime.usp.br<\/a> <\/p>\n\n\n\n<hr class=\"wp-block-separator has-css-opacity is-style-wide\"\/>\n\n\n\n<h3 class=\"wp-block-heading\" id=\"secao-de-atendimento-ao-usuario\"><strong>Se\u00e7\u00e3o de Atendimento ao Usu\u00e1rio<\/strong><\/h3>\n\n\n\n<p class=\"wp-block-paragraph\">Telefone: +55 11 3091-6109 \/ 2648-6275<\/p>\n\n\n\n<p class=\"wp-block-paragraph\">Leosmar Marreiros de Almeida &#8211; E-mail:\u00a0<a href=\"mailto:leosmar@ime.usp.br\">leosmar@ime.usp.br<\/a><\/p>\n\n\n\n<p class=\"wp-block-paragraph\">Maria das Gra\u00e7as Silva de Lima &#8211; E-mail:&nbsp;<a href=\"mailto:cruzlima@usp.br\">cruzlima@usp.br<\/a><\/p>\n\n\n\n<p class=\"wp-block-paragraph\">Odete Ernestina Pereira &#8211; E-mail: <a href=\"mailto:cruzlima@usp.br\">odete.pereira@ime.usp.br<\/a><\/p>\n\n\n\n<p class=\"wp-block-paragraph\">Tiago Emanuel Pereira &#8211; E-mail:&nbsp;<a href=\"mailto:tiagoep@ime.usp.br\">tiagoep@ime.usp.br<\/a><\/p>\n\n\n\n<hr class=\"wp-block-separator has-css-opacity is-style-wide\"\/>\n\n\n\n<h3 class=\"wp-block-heading\" id=\"secao-de-aquisicao-e-periodicos\"><strong>Se\u00e7\u00e3o de Aquisi\u00e7\u00e3o e Peri\u00f3dicos<\/strong><\/h3>\n\n\n\n<p class=\"wp-block-paragraph\">Telefone: +55 11 3091-6489<\/p>\n\n\n\n<p class=\"wp-block-paragraph\">Eunice dos Santos Rosa &#8211; E-mail:&nbsp;<a href=\"mailto:eunice@ime.usp.br\">eunice@ime.usp.br<\/a><\/p>\n\n\n\n<p class=\"wp-block-paragraph\">Ronaldo Yasuki Matayoshi &#8211; E-mail:&nbsp;<a href=\"mailto:yasuki@ime.usp.br\">yasuki@ime.usp.br<\/a><\/p>\n\n\n\n<hr class=\"wp-block-separator has-css-opacity is-style-wide\"\/>\n\n\n\n<h3 class=\"wp-block-heading\" id=\"secao-de-processamento-tecnico\"><strong>Se\u00e7\u00e3o de Processamento T\u00e9cnico<\/strong><\/h3>\n\n\n\n<p class=\"wp-block-paragraph\">Telefone: +55 11 3091-6490 \/  2648-6278<\/p>\n\n\n\n<p class=\"wp-block-paragraph\">Maria L\u00facia Ribeiro &#8211; E-mail:&nbsp;<a href=\"mailto:malucia@ime.usp.br\">malucia@ime.usp.br<\/a><\/p>\n\n\n\n<p class=\"wp-block-paragraph\">Daniel Feltrin Amaral &#8211; E-mail:&nbsp;<a href=\"mailto:danielfa@ime.usp.br\">danielfa@ime.usp.br<\/a><\/p>\n\n\n\n<p class=\"wp-block-paragraph\">Ana Cristina Dudziak Guimar\u00e3es &#8211; E-mail:\u00a0<a href=\"mailto:anacrisdg@usp.br\">anacrisdg@usp.br<\/a><\/p>\n\n\n\n<p class=\"wp-block-paragraph\"><\/p>\n\n\n\n<p class=\"wp-block-paragraph\"><\/p>\n","protected":false},"excerpt":{"rendered":"<p>Biblioteca Carlos Benjamin de Lyra E-mail:&nbsp;bib@ime.usp.br Foto da Equipe Administra\u00e7\u00e3o &#8211; Chefia T\u00e9cnica Telefone:+55 11 3091-6174 \/ 2648-6276 Stela do Nascimento Madruga &#8211; E-mail:&nbsp;stela.madruga@usp.br Ricardo Vila Real Tanaka &#8211; E-mail:&nbsp;ricardot@ime.usp.br Se\u00e7\u00e3o de Atendimento ao Usu\u00e1rio Telefone: +55 11 3091-6109 \/ <a href=\"https:\/\/www.ime.usp.br\/bib\/sobre\/contatos\/\" class=\"read-more\">Leia mais &#8230;<\/a><\/p>\n","protected":false},"author":2,"featured_media":0,"parent":33,"menu_order":8,"comment_status":"closed","ping_status":"closed","template":"","meta":{"_coblocks_attr":"","_coblocks_dimensions":"","_coblocks_responsive_height":"","_coblocks_accordion_ie_support":"","_crdt_document":"","_uag_custom_page_level_css":"","_EventAllDay":false,"_EventTimezone":"","_EventStartDate":"","_EventEndDate":"","_EventStartDateUTC":"","_EventEndDateUTC":"","_EventShowMap":false,"_EventShowMapLink":false,"_EventURL":"","_EventCost":"","_EventCostDescription":"","_EventCurrencySymbol":"","_EventCurrencyCode":"","_EventCurrencyPosition":"","_EventDateTimeSeparator":"","_EventTimeRangeSeparator":"","_EventOrganizerID":[],"_EventVenueID":[],"_OrganizerEmail":"","_OrganizerPhone":"","_OrganizerWebsite":"","_VenueAddress":"","_VenueCity":"","_VenueCountry":"","_VenueProvince":"","_VenueState":"","_VenueZip":"","_VenuePhone":"","_VenueURL":"","_VenueStateProvince":"","_VenueLat":"","_VenueLng":"","_VenueShowMap":false,"_VenueShowMapLink":false,"footnotes":""},"class_list":["post-271","page","type-page","status-publish","hentry"],"uagb_featured_image_src":{"full":false,"thumbnail":false,"medium":false,"medium_large":false,"large":false,"1536x1536":false,"2048x2048":false,"education-hub-thumb":false},"uagb_author_info":{"display_name":"Stela Madruga","author_link":"https:\/\/www.ime.usp.br\/bib\/author\/stela\/"},"uagb_comment_info":0,"uagb_excerpt":"Biblioteca Carlos Benjamin de Lyra E-mail:&nbsp;bib@ime.usp.br Foto da Equipe Administra\u00e7\u00e3o &#8211; Chefia T\u00e9cnica Telefone:+55 11 3091-6174 \/ 2648-6276 Stela do Nascimento Madruga &#8211; E-mail:&nbsp;stela.madruga@usp.br Ricardo Vila Real Tanaka &#8211; E-mail:&nbsp;ricardot@ime.usp.br Se\u00e7\u00e3o de Atendimento ao Usu\u00e1rio Telefone: +55 11 3091-6109 \/ Leia mais ...","_links":{"self":[{"href":"https:\/\/www.ime.usp.br\/bib\/wp-json\/wp\/v2\/pages\/271","targetHints":{"allow":["GET"]}}],"collection":[{"href":"https:\/\/www.ime.usp.br\/bib\/wp-json\/wp\/v2\/pages"}],"about":[{"href":"https:\/\/www.ime.usp.br\/bib\/wp-json\/wp\/v2\/types\/page"}],"author":[{"embeddable":true,"href":"https:\/\/www.ime.usp.br\/bib\/wp-json\/wp\/v2\/users\/2"}],"replies":[{"embeddable":true,"href":"https:\/\/www.ime.usp.br\/bib\/wp-json\/wp\/v2\/comments?post=271"}],"version-history":[{"count":12,"href":"https:\/\/www.ime.usp.br\/bib\/wp-json\/wp\/v2\/pages\/271\/revisions"}],"predecessor-version":[{"id":4914,"href":"https:\/\/www.ime.usp.br\/bib\/wp-json\/wp\/v2\/pages\/271\/revisions\/4914"}],"up":[{"embeddable":true,"href":"https:\/\/www.ime.usp.br\/bib\/wp-json\/wp\/v2\/pages\/33"}],"wp:attachment":[{"href":"https:\/\/www.ime.usp.br\/bib\/wp-json\/wp\/v2\/media?parent=271"}],"curies":[{"name":"wp","href":"https:\/\/api.w.org\/{rel}","templated":true}]}}