{"id":269,"date":"2019-09-26T11:03:15","date_gmt":"2019-09-26T14:03:15","guid":{"rendered":"http:\/\/www2.ime.usp.br:8088\/biblioteca\/?page_id=269"},"modified":"2024-06-07T17:39:42","modified_gmt":"2024-06-07T20:39:42","slug":"projetos","status":"publish","type":"page","link":"https:\/\/www.ime.usp.br\/bib\/sobre\/projetos\/","title":{"rendered":"Projetos"},"content":{"rendered":"\n<p class=\"wp-block-paragraph\"><em>Em andamento<\/em>:<\/p>\n\n\n\n<div class=\"wp-block-coblocks-accordion\">\n<div class=\"wp-block-coblocks-accordion-item\"><details><summary class=\"wp-block-coblocks-accordion-item__title\"><strong>2017<\/strong><br><strong>Invent\u00e1rio da Produ\u00e7\u00e3o Intelectual IME (parte 1)<\/strong><\/summary><div class=\"wp-block-coblocks-accordion-item__content\">\n<p class=\"wp-block-paragraph\">Data de in\u00edcio: julho de 2017. <\/p>\n\n\n\n<p class=\"wp-block-paragraph\">Data de finaliza\u00e7\u00e3o (previs\u00e3o): dezembro de 2020.<\/p>\n<\/div><\/details><\/div>\n\n\n\n<div class=\"wp-block-coblocks-accordion-item\"><details><summary class=\"wp-block-coblocks-accordion-item__title\"><strong>2018<\/strong><br><strong>Digitaliza\u00e7\u00e3o de teses e disserta\u00e7\u00f5es antigas para futura inclus\u00e3o na BDTD e retirada de duplicatas do acervo<\/strong><\/summary><div class=\"wp-block-coblocks-accordion-item__content\">\n<p class=\"wp-block-paragraph\">Data de in\u00edcio: novembro de 2018. <\/p>\n\n\n\n<p class=\"wp-block-paragraph\">Data de finaliza\u00e7\u00e3o (previs\u00e3o): julho de 2020.<\/p>\n<\/div><\/details><\/div>\n\n\n\n<div class=\"wp-block-coblocks-accordion-item\"><details><summary class=\"wp-block-coblocks-accordion-item__title\"><strong>2018<\/strong><br><strong>Automatiza\u00e7\u00e3o da biblioteca do Centro de Aperfei\u00e7oamento do Ensino de Matem\u00e1tica &#8220;Jo\u00e3o Affonso Pascarelli&#8221;<\/strong><\/summary><div class=\"wp-block-coblocks-accordion-item__content\">\n<p class=\"wp-block-paragraph\">Data de in\u00edcio: agosto de 2018. <\/p>\n\n\n\n<p class=\"wp-block-paragraph\">Data de finaliza\u00e7\u00e3o (previs\u00e3o): dezembro de 2022.<\/p>\n<\/div><\/details><\/div>\n\n\n\n<div class=\"wp-block-coblocks-accordion-item\"><details><summary class=\"wp-block-coblocks-accordion-item__title\"><strong>2019<\/strong><br><strong>\u00cdcaro &#8211; Sistema de controle das submiss\u00f5es online de teses e disserta\u00e7\u00f5es<\/strong><\/summary><div class=\"wp-block-coblocks-accordion-item__content\">\n<p class=\"wp-block-paragraph\">Data de in\u00edcio: agosto de 2019<\/p>\n\n\n\n<p class=\"wp-block-paragraph\">Data de finaliza\u00e7\u00e3o: julho de 2020<\/p>\n<\/div><\/details><\/div>\n\n\n\n<div class=\"wp-block-coblocks-accordion-item\"><details><summary class=\"wp-block-coblocks-accordion-item__title\"><strong>2020<\/strong><br><strong>Projeto GLAM-Wiki Biblioteca do IME-USP<\/strong><\/summary><div class=\"wp-block-coblocks-accordion-item__content\">\n<p class=\"wp-block-paragraph\">Data de in\u00edcio: junho de 2020.<\/p>\n\n\n\n<p class=\"wp-block-paragraph\">Data de finaliza\u00e7\u00e3o: sem previs\u00e3o.<\/p>\n\n\n\n<p class=\"wp-block-paragraph\">O objetivo \u00e9 utilizar o conte\u00fado do acervo para estruturar e melhorar a qualidade das informa\u00e7\u00f5es educacionais e bibliogr\u00e1ficas dispon\u00edveis das plataformas Wikimedia, sobretudo nos projetos em portugu\u00eas. As contribui\u00e7\u00f5es ocorrem em v\u00e1rios projetos, s\u00e3o eles:&nbsp;<a href=\"https:\/\/pt.wikipedia.org\/wiki\/Wikip%C3%A9dia\">Wikip\u00e9dia<\/a>,&nbsp;<a href=\"https:\/\/pt.wikipedia.org\/wiki\/Wikimedia_Commons\">Wikimedia Commons<\/a>&nbsp;e&nbsp;<a href=\"https:\/\/pt.wikipedia.org\/wiki\/Wikidata\">Wikidata<\/a>. <\/p>\n\n\n\n<p class=\"wp-block-paragraph\"><a href=\"https:\/\/pt.wikipedia.org\/wiki\/Wikip%C3%A9dia:GLAM\/Bibliotecas_da_USP\" target=\"_blank\" aria-label=\"undefined (opens in a new tab)\" rel=\"noreferrer noopener\">Clique aqui<\/a> para mais informa\u00e7\u00f5es.<\/p>\n<\/div><\/details><\/div>\n<\/div>\n\n\n\n<p class=\"wp-block-paragraph\"><em>Finalizados<\/em>:<\/p>\n\n\n\n<div class=\"wp-block-coblocks-accordion\">\n<div class=\"wp-block-coblocks-accordion-item\"><details><summary class=\"wp-block-coblocks-accordion-item__title\"><strong>2016-2018 <\/strong><br><strong>Moderniza\u00e7\u00e3o da Biblioteca Carlos Benjamin de Lyra, verba FAPESP<\/strong><\/summary><div class=\"wp-block-coblocks-accordion-item__content\">\n<p class=\"wp-block-paragraph\">Data de in\u00edcio: junho de 2016.<\/p>\n\n\n\n<p class=\"wp-block-paragraph\">Data de finaliza\u00e7\u00e3o: abril de 2018.<\/p>\n\n\n\n<p class=\"wp-block-paragraph\">A Biblioteca do IME-USP possui um acervo com mais de 226 mil itens e o seu&nbsp;espa\u00e7o f\u00edsico n\u00e3o estava adequado. A otimiza\u00e7\u00e3o e readequa\u00e7\u00e3o do espa\u00e7o tornaram-se necess\u00e1rios para&nbsp;acomodar tanto os materiais bibliogr\u00e1ficos quanto os ambientes de estudo para os usu\u00e1rios.<\/p>\n\n\n\n<p class=\"wp-block-paragraph\">O Instituto organizou uma reforma do espa\u00e7o da Biblioteca (<a href=\"https:\/\/www.flickr.com\/photos\/141687657@N07\/albums\/72157671876106888\" target=\"_blank\" rel=\"noreferrer noopener\">fotos da reforma<\/a>), com o objetivo de adequ\u00e1-lo ao uso do novo perfil de usu\u00e1rios, que n\u00e3o prescinde dos livros, mas faz uso extensivo da informa\u00e7\u00e3o digital e necessita de espa\u00e7os de estudo com boa conex\u00e3o \u00e0 internet.<\/p>\n\n\n\n<p class=\"wp-block-paragraph\">No ano&nbsp;de 2016 a reserva t\u00e9cnica FAPESP foi parcialmente usada para instalar um sistema de&nbsp;estantes deslizantes que permitiu a compacta\u00e7\u00e3o do acervo de peri\u00f3dicos e parte do acervo&nbsp;de livros.&nbsp;<\/p>\n\n\n\n<p class=\"wp-block-paragraph\">Em 2017 utilizou-se o restante da reserva t\u00e9cnica FAPESP e outros recursos, para&nbsp;a melhoria da infraestrutura da biblioteca e ambienta\u00e7\u00e3o dos espa\u00e7os, conforme&nbsp;descrito a seguir:<\/p>\n\n\n\n<ul class=\"wp-block-list is-style-default\">\n<li>Adequa\u00e7\u00e3o da infraestrutura el\u00e9trica e de ilumina\u00e7\u00e3o.<\/li>\n\n\n\n<li>Mudan\u00e7a de mobili\u00e1rios no sal\u00e3o de leitura.<\/li>\n\n\n\n<li>Otimiza\u00e7\u00e3o da rede sem fio para uso coletivo.<\/li>\n\n\n\n<li>Compra de poltronas e bancadas de estudo individual para o ambiente do acervo.<\/li>\n\n\n\n<li>Reforma das salas de estudo em grupo e compra de novos m\u00f3veis.<\/li>\n\n\n\n<li>Readequa\u00e7\u00e3o do espa\u00e7o de trabalho dos funcion\u00e1rios &#8211; mudan\u00e7a para o 1\u00ba andar.<\/li>\n<\/ul>\n\n\n\n<p class=\"wp-block-paragraph\">Para mais informa\u00e7\u00f5es, visualize o&nbsp;<a href=\"https:\/\/www.ime.usp.br\/bib\/wp-content\/uploads\/2020\/03\/Plano_de_Reforma_da_Biblioteca_2017.pdf\" target=\"_blank\" rel=\"noreferrer noopener\">Plano de Reforma da Biblioteca<\/a><\/p>\n\n\n\n<p class=\"wp-block-paragraph\">Fotos do&nbsp;<a href=\"https:\/\/www.flickr.com\/photos\/141687657@N07\/albums\/72157671875984298\" target=\"_blank\" rel=\"noreferrer noopener\">Antes&nbsp;<\/a>e&nbsp;<a href=\"https:\/\/www.flickr.com\/photos\/141687657@N07\/albums\/72157698128434751\" target=\"_blank\" rel=\"noreferrer noopener\">Depois<\/a>&nbsp;da reforma.<\/p>\n<\/div><\/details><\/div>\n<\/div>\n\n\n\n<div class=\"wp-block-coblocks-accordion\">\n<div class=\"wp-block-coblocks-accordion-item\"><details><summary class=\"wp-block-coblocks-accordion-item__title\"><strong>2019-2020<\/strong> <br><strong>Novo site Biblioteca do IME<\/strong><\/summary><div class=\"wp-block-coblocks-accordion-item__content\">\n<p class=\"wp-block-paragraph\">Data de in\u00edcio: junho de 2019.<\/p>\n\n\n\n<p class=\"wp-block-paragraph\">Data de finaliza\u00e7\u00e3o: mar\u00e7o de 2020.<\/p>\n<\/div><\/details><\/div>\n<\/div>\n\n\n\n<div class=\"wp-block-coblocks-accordion\">\n<div class=\"wp-block-coblocks-accordion-item\"><details><summary class=\"wp-block-coblocks-accordion-item__title\"><strong>2018-2019<\/strong><br><strong>Atualiza\u00e7\u00e3o do acervo de livros impressos, verba FAPESP<\/strong><\/summary><div class=\"wp-block-coblocks-accordion-item__content\">\n<p class=\"wp-block-paragraph\">Data de in\u00edcio: novembro de 2018.<\/p>\n\n\n\n<p class=\"wp-block-paragraph\">Data de finaliza\u00e7\u00e3o: dezembro de 2019.<\/p>\n<\/div><\/details><\/div>\n\n\n\n<div class=\"wp-block-coblocks-accordion-item\"><details><summary class=\"wp-block-coblocks-accordion-item__title\"><strong>2021-2023<\/strong><br><strong>Inclus\u00e3o de 1.600 Teses e Disserta\u00e7\u00f5es antigas na BDTD ap\u00f3s digitaliza\u00e7\u00e3o<\/strong><\/summary><div class=\"wp-block-coblocks-accordion-item__content\">\n<p class=\"wp-block-paragraph\">Data de in\u00edcio: Julho de 2021.<\/p>\n\n\n\n<p class=\"wp-block-paragraph\">Data de finaliza\u00e7\u00e3o: Outubro 2023.<\/p>\n<\/div><\/details><\/div>\n\n\n\n<div class=\"wp-block-coblocks-accordion-item\"><details><summary class=\"wp-block-coblocks-accordion-item__title\"><strong>2022-2023<\/strong><br><strong>Inclus\u00e3o de 2.147 Relat\u00f3rios T\u00e9cnicos IME (RTs e RAE-CEA) no Reposit\u00f3rio da USP ap\u00f3s digitaliza\u00e7\u00e3o<\/strong><\/summary><div class=\"wp-block-coblocks-accordion-item__content\">\n<p class=\"wp-block-paragraph\">Data de in\u00edcio: Fevereiro de 2022<\/p>\n\n\n\n<p class=\"wp-block-paragraph\">Data de finaliza\u00e7\u00e3o: Dezembro 2023<\/p>\n<\/div><\/details><\/div>\n<\/div>\n\n\n\n<p class=\"wp-block-paragraph\"><\/p>\n","protected":false},"excerpt":{"rendered":"<p>Em andamento: Finalizados:<\/p>\n","protected":false},"author":2,"featured_media":0,"parent":33,"menu_order":6,"comment_status":"closed","ping_status":"closed","template":"","meta":{"_coblocks_attr":"","_coblocks_dimensions":"","_coblocks_responsive_height":"","_coblocks_accordion_ie_support":"","_crdt_document":"","_uag_custom_page_level_css":"","_EventAllDay":false,"_EventTimezone":"","_EventStartDate":"","_EventEndDate":"","_EventStartDateUTC":"","_EventEndDateUTC":"","_EventShowMap":false,"_EventShowMapLink":false,"_EventURL":"","_EventCost":"","_EventCostDescription":"","_EventCurrencySymbol":"","_EventCurrencyCode":"","_EventCurrencyPosition":"","_EventDateTimeSeparator":"","_EventTimeRangeSeparator":"","_EventOrganizerID":[],"_EventVenueID":[],"_OrganizerEmail":"","_OrganizerPhone":"","_OrganizerWebsite":"","_VenueAddress":"","_VenueCity":"","_VenueCountry":"","_VenueProvince":"","_VenueState":"","_VenueZip":"","_VenuePhone":"","_VenueURL":"","_VenueStateProvince":"","_VenueLat":"","_VenueLng":"","_VenueShowMap":false,"_VenueShowMapLink":false,"footnotes":""},"class_list":["post-269","page","type-page","status-publish","hentry"],"uagb_featured_image_src":{"full":false,"thumbnail":false,"medium":false,"medium_large":false,"large":false,"1536x1536":false,"2048x2048":false,"education-hub-thumb":false},"uagb_author_info":{"display_name":"Stela Madruga","author_link":"https:\/\/www.ime.usp.br\/bib\/author\/stela\/"},"uagb_comment_info":0,"uagb_excerpt":"Em andamento: Finalizados:","_links":{"self":[{"href":"https:\/\/www.ime.usp.br\/bib\/wp-json\/wp\/v2\/pages\/269","targetHints":{"allow":["GET"]}}],"collection":[{"href":"https:\/\/www.ime.usp.br\/bib\/wp-json\/wp\/v2\/pages"}],"about":[{"href":"https:\/\/www.ime.usp.br\/bib\/wp-json\/wp\/v2\/types\/page"}],"author":[{"embeddable":true,"href":"https:\/\/www.ime.usp.br\/bib\/wp-json\/wp\/v2\/users\/2"}],"replies":[{"embeddable":true,"href":"https:\/\/www.ime.usp.br\/bib\/wp-json\/wp\/v2\/comments?post=269"}],"version-history":[{"count":10,"href":"https:\/\/www.ime.usp.br\/bib\/wp-json\/wp\/v2\/pages\/269\/revisions"}],"predecessor-version":[{"id":4679,"href":"https:\/\/www.ime.usp.br\/bib\/wp-json\/wp\/v2\/pages\/269\/revisions\/4679"}],"up":[{"embeddable":true,"href":"https:\/\/www.ime.usp.br\/bib\/wp-json\/wp\/v2\/pages\/33"}],"wp:attachment":[{"href":"https:\/\/www.ime.usp.br\/bib\/wp-json\/wp\/v2\/media?parent=269"}],"curies":[{"name":"wp","href":"https:\/\/api.w.org\/{rel}","templated":true}]}}