{"id":267,"date":"2019-09-26T11:02:06","date_gmt":"2019-09-26T14:02:06","guid":{"rendered":"http:\/\/www2.ime.usp.br:8088\/biblioteca\/?page_id=267"},"modified":"2021-10-19T10:17:42","modified_gmt":"2021-10-19T13:17:42","slug":"missao-visao-e-valores","status":"publish","type":"page","link":"https:\/\/www.ime.usp.br\/bib\/sobre\/mais-sobre-nos\/missao-visao-e-valores\/","title":{"rendered":"Miss\u00e3o, Vis\u00e3o e Valores"},"content":{"rendered":"\n<p class=\"wp-block-paragraph\"><em>Nossa vis\u00e3o<\/em><\/p>\n\n\n\n<p class=\"wp-block-paragraph\">Aspiramos promover e colaborar com o crescente aprendizado e desenvolvimento das bibliotecas de exatas do Brasil, de forma que seja poss\u00edvel contribuir com a preserva\u00e7\u00e3o e acesso amplo e equitativo ao conhecimento cient\u00edfico da \u00e1rea.<\/p>\n\n\n\n<p class=\"wp-block-paragraph\"><em>Nossa miss\u00e3o<\/em><\/p>\n\n\n\n<p class=\"wp-block-paragraph\">Promover o acesso e incentivar o uso e a gera\u00e7\u00e3o da informa\u00e7\u00e3o de maneira criativa e engajada, contribuindo para a excel\u00eancia do ensino, pesquisa e extens\u00e3o do IME-USP, com a utiliza\u00e7\u00e3o eficaz dos recursos p\u00fablicos. <\/p>\n\n\n\n<p class=\"wp-block-paragraph\"><em>Nossos valores<\/em><\/p>\n\n\n\n<p class=\"wp-block-paragraph\">Prezamos os <a href=\"https:\/\/crb8.org.br\/wp-content\/uploads\/2021\/08\/Co%CC%81digo-de-E%CC%81tica-e-Deontologia-do-CFB-1.pdf\">valores \u00e9ticos da profiss\u00e3o de bibliotec\u00e1rio<\/a> e da Universidade de S\u00e3o Paulo. Agimos com integridade para refor\u00e7ar a liberdade de acesso ao conhecimento, a democracia e a justi\u00e7a social. Procuramos desenvolver nossas atividades e servi\u00e7os de maneira acolhedora e inclusiva, visamos atender todas as necessidades informacionais das pessoas que fazem parte da comunidade imeana.<\/p>\n","protected":false},"excerpt":{"rendered":"<p>Nossa vis\u00e3o Aspiramos promover e colaborar com o crescente aprendizado e desenvolvimento das bibliotecas de exatas do Brasil, de forma que seja poss\u00edvel contribuir com a preserva\u00e7\u00e3o e acesso amplo e equitativo ao conhecimento cient\u00edfico da \u00e1rea. Nossa miss\u00e3o Promover <a href=\"https:\/\/www.ime.usp.br\/bib\/sobre\/mais-sobre-nos\/missao-visao-e-valores\/\" class=\"read-more\">Leia mais &#8230;<\/a><\/p>\n","protected":false},"author":2,"featured_media":0,"parent":265,"menu_order":1,"comment_status":"closed","ping_status":"closed","template":"","meta":{"_coblocks_attr":"","_coblocks_dimensions":"","_coblocks_responsive_height":"","_coblocks_accordion_ie_support":"","_crdt_document":"","_uag_custom_page_level_css":"","_EventAllDay":false,"_EventTimezone":"","_EventStartDate":"","_EventEndDate":"","_EventStartDateUTC":"","_EventEndDateUTC":"","_EventShowMap":false,"_EventShowMapLink":false,"_EventURL":"","_EventCost":"","_EventCostDescription":"","_EventCurrencySymbol":"","_EventCurrencyCode":"","_EventCurrencyPosition":"","_EventDateTimeSeparator":"","_EventTimeRangeSeparator":"","_EventOrganizerID":[],"_EventVenueID":[],"_OrganizerEmail":"","_OrganizerPhone":"","_OrganizerWebsite":"","_VenueAddress":"","_VenueCity":"","_VenueCountry":"","_VenueProvince":"","_VenueState":"","_VenueZip":"","_VenuePhone":"","_VenueURL":"","_VenueStateProvince":"","_VenueLat":"","_VenueLng":"","_VenueShowMap":false,"_VenueShowMapLink":false,"footnotes":""},"class_list":["post-267","page","type-page","status-publish","hentry"],"uagb_featured_image_src":{"full":false,"thumbnail":false,"medium":false,"medium_large":false,"large":false,"1536x1536":false,"2048x2048":false,"education-hub-thumb":false},"uagb_author_info":{"display_name":"Stela Madruga","author_link":"https:\/\/www.ime.usp.br\/bib\/author\/stela\/"},"uagb_comment_info":0,"uagb_excerpt":"Nossa vis\u00e3o Aspiramos promover e colaborar com o crescente aprendizado e desenvolvimento das bibliotecas de exatas do Brasil, de forma que seja poss\u00edvel contribuir com a preserva\u00e7\u00e3o e acesso amplo e equitativo ao conhecimento cient\u00edfico da \u00e1rea. Nossa miss\u00e3o Promover Leia mais ...","_links":{"self":[{"href":"https:\/\/www.ime.usp.br\/bib\/wp-json\/wp\/v2\/pages\/267","targetHints":{"allow":["GET"]}}],"collection":[{"href":"https:\/\/www.ime.usp.br\/bib\/wp-json\/wp\/v2\/pages"}],"about":[{"href":"https:\/\/www.ime.usp.br\/bib\/wp-json\/wp\/v2\/types\/page"}],"author":[{"embeddable":true,"href":"https:\/\/www.ime.usp.br\/bib\/wp-json\/wp\/v2\/users\/2"}],"replies":[{"embeddable":true,"href":"https:\/\/www.ime.usp.br\/bib\/wp-json\/wp\/v2\/comments?post=267"}],"version-history":[{"count":4,"href":"https:\/\/www.ime.usp.br\/bib\/wp-json\/wp\/v2\/pages\/267\/revisions"}],"predecessor-version":[{"id":2997,"href":"https:\/\/www.ime.usp.br\/bib\/wp-json\/wp\/v2\/pages\/267\/revisions\/2997"}],"up":[{"embeddable":true,"href":"https:\/\/www.ime.usp.br\/bib\/wp-json\/wp\/v2\/pages\/265"}],"wp:attachment":[{"href":"https:\/\/www.ime.usp.br\/bib\/wp-json\/wp\/v2\/media?parent=267"}],"curies":[{"name":"wp","href":"https:\/\/api.w.org\/{rel}","templated":true}]}}