{"id":265,"date":"2019-09-26T11:00:17","date_gmt":"2019-09-26T14:00:17","guid":{"rendered":"http:\/\/www2.ime.usp.br:8088\/biblioteca\/?page_id=265"},"modified":"2023-03-16T17:22:42","modified_gmt":"2023-03-16T20:22:42","slug":"mais-sobre-nos","status":"publish","type":"page","link":"https:\/\/www.ime.usp.br\/bib\/sobre\/mais-sobre-nos\/","title":{"rendered":"Mais sobre n\u00f3s"},"content":{"rendered":"\n<div style=\"height:20px\" aria-hidden=\"true\" class=\"wp-block-spacer\"><\/div>\n\n\n\n<iframe loading=\"lazy\" width=\"560\" height=\"315\" src=\"https:\/\/www.youtube.com\/embed\/e11c7uydR84\" title=\"YouTube video player\" frameborder=\"0\" allow=\"accelerometer; autoplay; clipboard-write; encrypted-media; gyroscope; picture-in-picture; web-share\" allowfullscreen><\/iframe>\n\n\n\n<div style=\"height:45px\" aria-hidden=\"true\" class=\"wp-block-spacer\"><\/div>\n\n\n\n<p class=\"has-text-align-left wp-block-paragraph\">Conhe\u00e7a o <strong><a href=\"https:\/\/www.ime.usp.br\/bib\/wp-content\/uploads\/2023\/02\/Guia-resumido.pdf\" target=\"_blank\" rel=\"noreferrer noopener\">Guia da Biblioteca do IME<\/a><\/strong> com as principais informa\u00e7\u00f5es sobre espa\u00e7os, servi\u00e7os e recursos para pesquisas.  <\/p>\n\n\n\n<hr class=\"wp-block-separator has-css-opacity is-style-dots\"\/>\n\n\n\n<h2 class=\"wp-block-heading\">Not\u00edcias sobre a Biblioteca do IME<\/h2>\n\n\n\n<ul class=\"is-style-default wp-block-list\">\n<li><a href=\"https:\/\/jornal.usp.br\/universidade\/20-anos-da-wikipedia-como-a-usp-colabora-com-a-enciclopedia-mais-famosa-do-mundo\/\" target=\"_blank\" rel=\"noreferrer noopener\">20 anos da Wikip\u00e9dia: como a USP colabora com a enciclop\u00e9dia mais famosa do mundo?<\/a><\/li>\n\n\n\n<li><a aria-label=\"undefined (opens in a new tab)\" href=\"https:\/\/www.ime.usp.br\/noticias\/novo-site-biblioteca\" target=\"_blank\" rel=\"noreferrer noopener\">Est\u00e1 no ar o novo site da Biblioteca Carlos Benjamin de Lyra<\/a><\/li>\n\n\n\n<li><a aria-label=\"undefined (opens in a new tab)\" href=\"https:\/\/www.ime.usp.br\/noticias\/biblioteca-possui-caixa-devolucao\" target=\"_blank\" rel=\"noreferrer noopener\">Agora a Biblioteca do IME possui caixa de devolu\u00e7\u00e3o de materiais<\/a><\/li>\n\n\n\n<li><a aria-label=\"undefined (opens in a new tab)\" href=\"https:\/\/www.ime.usp.br\/index.php?option=com_content&amp;view=article&amp;id=1773&amp;catid=20&amp;lang=pt-br&amp;Itemid=101\" target=\"_blank\" rel=\"noreferrer noopener\">Oficina de GO na Biblioteca do IME-USP<\/a><\/li>\n\n\n\n<li><a aria-label=\"Com ampla reforma, biblioteca transforma corpo e esp\u00edrito (abre numa nova aba)\" href=\"http:\/\/paineira.usp.br\/aun\/index.php\/2017\/12\/21\/com-ampla-reforma-biblioteca-transforma-corpo-e-espirito\/\" target=\"_blank\" rel=\"noreferrer noopener\">Com ampla reforma, biblioteca transforma corpo e esp\u00edrito<\/a><\/li>\n\n\n\n<li><a aria-label=\"Das fichas, um fich\u00e1rio. De Jos\u00e9, lembran\u00e7as (abre numa nova aba)\" href=\"http:\/\/www.jornaldocampus.usp.br\/index.php\/2018\/06\/das-fichas-um-fichario-de-jose-lembrancas\/\" target=\"_blank\" rel=\"noreferrer noopener\">Das fichas, um fich\u00e1rio. De Jos\u00e9, lembran\u00e7as<\/a><\/li>\n<\/ul>\n\n\n\n<div style=\"height:20px\" aria-hidden=\"true\" class=\"wp-block-spacer\"><\/div>\n","protected":false},"excerpt":{"rendered":"<p>Conhe\u00e7a o Guia da Biblioteca do IME com as principais informa\u00e7\u00f5es sobre espa\u00e7os, servi\u00e7os e recursos para pesquisas. Not\u00edcias sobre a Biblioteca do IME<\/p>\n","protected":false},"author":2,"featured_media":0,"parent":33,"menu_order":5,"comment_status":"closed","ping_status":"closed","template":"","meta":{"_coblocks_attr":"","_coblocks_dimensions":"","_coblocks_responsive_height":"","_coblocks_accordion_ie_support":"","_crdt_document":"","_uag_custom_page_level_css":"","_EventAllDay":false,"_EventTimezone":"","_EventStartDate":"","_EventEndDate":"","_EventStartDateUTC":"","_EventEndDateUTC":"","_EventShowMap":false,"_EventShowMapLink":false,"_EventURL":"","_EventCost":"","_EventCostDescription":"","_EventCurrencySymbol":"","_EventCurrencyCode":"","_EventCurrencyPosition":"","_EventDateTimeSeparator":"","_EventTimeRangeSeparator":"","_EventOrganizerID":[],"_EventVenueID":[],"_OrganizerEmail":"","_OrganizerPhone":"","_OrganizerWebsite":"","_VenueAddress":"","_VenueCity":"","_VenueCountry":"","_VenueProvince":"","_VenueState":"","_VenueZip":"","_VenuePhone":"","_VenueURL":"","_VenueStateProvince":"","_VenueLat":"","_VenueLng":"","_VenueShowMap":false,"_VenueShowMapLink":false,"footnotes":""},"class_list":["post-265","page","type-page","status-publish","hentry"],"uagb_featured_image_src":{"full":false,"thumbnail":false,"medium":false,"medium_large":false,"large":false,"1536x1536":false,"2048x2048":false,"education-hub-thumb":false},"uagb_author_info":{"display_name":"Stela Madruga","author_link":"https:\/\/www.ime.usp.br\/bib\/author\/stela\/"},"uagb_comment_info":0,"uagb_excerpt":"Conhe\u00e7a o Guia da Biblioteca do IME com as principais informa\u00e7\u00f5es sobre espa\u00e7os, servi\u00e7os e recursos para pesquisas. Not\u00edcias sobre a Biblioteca do IME","_links":{"self":[{"href":"https:\/\/www.ime.usp.br\/bib\/wp-json\/wp\/v2\/pages\/265","targetHints":{"allow":["GET"]}}],"collection":[{"href":"https:\/\/www.ime.usp.br\/bib\/wp-json\/wp\/v2\/pages"}],"about":[{"href":"https:\/\/www.ime.usp.br\/bib\/wp-json\/wp\/v2\/types\/page"}],"author":[{"embeddable":true,"href":"https:\/\/www.ime.usp.br\/bib\/wp-json\/wp\/v2\/users\/2"}],"replies":[{"embeddable":true,"href":"https:\/\/www.ime.usp.br\/bib\/wp-json\/wp\/v2\/comments?post=265"}],"version-history":[{"count":14,"href":"https:\/\/www.ime.usp.br\/bib\/wp-json\/wp\/v2\/pages\/265\/revisions"}],"predecessor-version":[{"id":3871,"href":"https:\/\/www.ime.usp.br\/bib\/wp-json\/wp\/v2\/pages\/265\/revisions\/3871"}],"up":[{"embeddable":true,"href":"https:\/\/www.ime.usp.br\/bib\/wp-json\/wp\/v2\/pages\/33"}],"wp:attachment":[{"href":"https:\/\/www.ime.usp.br\/bib\/wp-json\/wp\/v2\/media?parent=265"}],"curies":[{"name":"wp","href":"https:\/\/api.w.org\/{rel}","templated":true}]}}