{"id":263,"date":"2019-09-26T10:58:30","date_gmt":"2019-09-26T13:58:30","guid":{"rendered":"http:\/\/www2.ime.usp.br:8088\/biblioteca\/?page_id=263"},"modified":"2022-11-07T11:37:39","modified_gmt":"2022-11-07T14:37:39","slug":"como-funciona","status":"publish","type":"page","link":"https:\/\/www.ime.usp.br\/bib\/servicos\/como-funciona\/","title":{"rendered":"Como funciona"},"content":{"rendered":"\n<p class=\"wp-block-paragraph\">A Biblioteca \u00e9 utilizada por docentes, alunos e funcion\u00e1rios das v\u00e1rias unidades sediadas nos campi da Cidade de S\u00e3o Paulo. <\/p>\n\n\n\n<p class=\"wp-block-paragraph\">Docentes e alunos de outras unidades da USP n\u00e3o sediadas na Capital ser\u00e3o atendidos atrav\u00e9s do servi\u00e7o de <a href=\"https:\/\/www.ime.usp.br\/bib\/servicos\/emprestimo-entre-bibliotecas\/\" target=\"_blank\" rel=\"noreferrer noopener\">empr\u00e9stimo entre bibliotecas<\/a>.<\/p>\n\n\n\n<p class=\"wp-block-paragraph\">O acesso \u00e0s estantes \u00e9 livre ao p\u00fablico em geral. Por\u00e9m, somente a comunidade USP pode efetuar empr\u00e9stimos domiciliares. Veja as regras <a href=\"https:\/\/www.ime.usp.br\/bib\/servicos\/emprestimos-renovacoes-e-reservas\/\" target=\"_blank\" rel=\"noreferrer noopener\">aqui<\/a>.<\/p>\n\n\n\n<p class=\"wp-block-paragraph\">Os usu\u00e1rios da USP devem apresentar comprovante de v\u00ednculo com a universidade, com os seguintes documentos: cart\u00e3o USP ou e-card dentro do prazo de validade; comprovante de matr\u00edcula (para os alunos) ou holerith (para funcion\u00e1rios), acompanhado de documento de identifica\u00e7\u00e3o com foto. <\/p>\n\n\n\n<p class=\"wp-block-paragraph\">A comunidade externa poder\u00e1 consultar materiais no local, mediante apresenta\u00e7\u00e3o de documento.<\/p>\n\n\n\n<p class=\"wp-block-paragraph\">Para saber como pesquisar em nosso acervo, clique <a href=\"https:\/\/www.ime.usp.br\/bib\/pesquisa\/portal-de-busca-integrada\/\" target=\"_blank\" rel=\"noreferrer noopener\">aqui<\/a>.<\/p>\n\n\n\n<p class=\"wp-block-paragraph\"><\/p>\n\n\n\n<h2 class=\"wp-block-heading\"><strong>HOR\u00c1RIO DE FUNCIONAMENTO\u00a0DA BIBLIOTECA<\/strong><\/h2>\n\n\n\n<p class=\"wp-block-paragraph\"><strong>Per\u00edodo letivo<\/strong><\/p>\n\n\n\n<p class=\"wp-block-paragraph\">De 2\u00aa a 6\u00aa feira das 8h00 \u00e0s 21h30.<br><\/p>\n\n\n\n<p class=\"wp-block-paragraph\"><strong>Per\u00edodo n\u00e3o letivo, de acordo com o <a href=\"https:\/\/prg.usp.br\/wp-content\/uploads\/Calendario-Escolar-2022_FINAL_Alteracao-2a-interacao.pdf\" target=\"_blank\" rel=\"noreferrer noopener\">Calend\u00e1rio Acad\u00eamico de Gradua\u00e7\u00e3o<\/a><\/strong>:<\/p>\n\n\n\n<p class=\"wp-block-paragraph\">De 2\u00aa a 6\u00aa feira das 8h00 \u00e0s 20h00.<br><\/p>\n\n\n\n<h2 class=\"wp-block-heading\"><br><strong>HOR\u00c1RIO DE FUNCIONAMENTO DO SAL\u00c3O DE ESTUDOS<\/strong><\/h2>\n\n\n\n<p class=\"wp-block-paragraph\">O Sal\u00e3o de Estudos da Biblioteca do IME possui uma entrada externa \u00e0 biblioteca e fica aberto 24h.<\/p>\n\n\n\n<p class=\"wp-block-paragraph\">No entanto, somente a comunidade IME est\u00e1 autorizada a permanecer no Sal\u00e3o de Estudos entre 23h30 e 6h00, consulte as <a href=\"https:\/\/www.ime.usp.br\/bib\/wp-content\/uploads\/2022\/11\/Salao-de-Estudos-Regras_2022.pdf\" target=\"_blank\" rel=\"noreferrer noopener\">regras de entrada e perman\u00eancia nos blocos do IME<\/a>, aprovadas pelo CTA do Instituto.<\/p>\n","protected":false},"excerpt":{"rendered":"<p>A Biblioteca \u00e9 utilizada por docentes, alunos e funcion\u00e1rios das v\u00e1rias unidades sediadas nos campi da Cidade de S\u00e3o Paulo. Docentes e alunos de outras unidades da USP n\u00e3o sediadas na Capital ser\u00e3o atendidos atrav\u00e9s do servi\u00e7o de empr\u00e9stimo entre <a href=\"https:\/\/www.ime.usp.br\/bib\/servicos\/como-funciona\/\" class=\"read-more\">Leia mais &#8230;<\/a><\/p>\n","protected":false},"author":2,"featured_media":0,"parent":35,"menu_order":1,"comment_status":"closed","ping_status":"closed","template":"","meta":{"_coblocks_attr":"","_coblocks_dimensions":"","_coblocks_responsive_height":"","_coblocks_accordion_ie_support":"","_crdt_document":"","_uag_custom_page_level_css":"","_EventAllDay":false,"_EventTimezone":"","_EventStartDate":"","_EventEndDate":"","_EventStartDateUTC":"","_EventEndDateUTC":"","_EventShowMap":false,"_EventShowMapLink":false,"_EventURL":"","_EventCost":"","_EventCostDescription":"","_EventCurrencySymbol":"","_EventCurrencyCode":"","_EventCurrencyPosition":"","_EventDateTimeSeparator":"","_EventTimeRangeSeparator":"","_EventOrganizerID":[],"_EventVenueID":[],"_OrganizerEmail":"","_OrganizerPhone":"","_OrganizerWebsite":"","_VenueAddress":"","_VenueCity":"","_VenueCountry":"","_VenueProvince":"","_VenueState":"","_VenueZip":"","_VenuePhone":"","_VenueURL":"","_VenueStateProvince":"","_VenueLat":"","_VenueLng":"","_VenueShowMap":false,"_VenueShowMapLink":false,"footnotes":""},"class_list":["post-263","page","type-page","status-publish","hentry"],"uagb_featured_image_src":{"full":false,"thumbnail":false,"medium":false,"medium_large":false,"large":false,"1536x1536":false,"2048x2048":false,"education-hub-thumb":false},"uagb_author_info":{"display_name":"Stela Madruga","author_link":"https:\/\/www.ime.usp.br\/bib\/author\/stela\/"},"uagb_comment_info":0,"uagb_excerpt":"A Biblioteca \u00e9 utilizada por docentes, alunos e funcion\u00e1rios das v\u00e1rias unidades sediadas nos campi da Cidade de S\u00e3o Paulo. Docentes e alunos de outras unidades da USP n\u00e3o sediadas na Capital ser\u00e3o atendidos atrav\u00e9s do servi\u00e7o de empr\u00e9stimo entre Leia mais ...","_links":{"self":[{"href":"https:\/\/www.ime.usp.br\/bib\/wp-json\/wp\/v2\/pages\/263","targetHints":{"allow":["GET"]}}],"collection":[{"href":"https:\/\/www.ime.usp.br\/bib\/wp-json\/wp\/v2\/pages"}],"about":[{"href":"https:\/\/www.ime.usp.br\/bib\/wp-json\/wp\/v2\/types\/page"}],"author":[{"embeddable":true,"href":"https:\/\/www.ime.usp.br\/bib\/wp-json\/wp\/v2\/users\/2"}],"replies":[{"embeddable":true,"href":"https:\/\/www.ime.usp.br\/bib\/wp-json\/wp\/v2\/comments?post=263"}],"version-history":[{"count":7,"href":"https:\/\/www.ime.usp.br\/bib\/wp-json\/wp\/v2\/pages\/263\/revisions"}],"predecessor-version":[{"id":3590,"href":"https:\/\/www.ime.usp.br\/bib\/wp-json\/wp\/v2\/pages\/263\/revisions\/3590"}],"up":[{"embeddable":true,"href":"https:\/\/www.ime.usp.br\/bib\/wp-json\/wp\/v2\/pages\/35"}],"wp:attachment":[{"href":"https:\/\/www.ime.usp.br\/bib\/wp-json\/wp\/v2\/media?parent=263"}],"curies":[{"name":"wp","href":"https:\/\/api.w.org\/{rel}","templated":true}]}}