{"id":252,"date":"2019-09-25T16:51:48","date_gmt":"2019-09-25T19:51:48","guid":{"rendered":"http:\/\/www2.ime.usp.br:8088\/biblioteca\/?page_id=252"},"modified":"2024-06-28T02:18:58","modified_gmt":"2024-06-28T05:18:58","slug":"biblioteca-em-numeros","status":"publish","type":"page","link":"https:\/\/www.ime.usp.br\/bib\/sobre\/quem-somos\/biblioteca-em-numeros\/","title":{"rendered":"Biblioteca em N\u00fameros"},"content":{"rendered":"\n<p class=\"wp-block-paragraph\"><strong>Total do acervo<\/strong><\/p>\n\n\n\n<ul class=\"wp-block-list\">\n<li>\u00a0 Livros: 66.777<\/li>\n\n\n\n<li>\u00a0 Teses e disserta\u00e7\u00f5es: 4.498<\/li>\n\n\n\n<li>\u00a0 Outros materiais: 13.300<\/li>\n\n\n\n<li>\u00a0 Fasc\u00edculos de Peri\u00f3dicos: 153.101<\/li>\n\n\n\n<li>\u00a0\u00a0T\u00edtulos de Peri\u00f3dicos: 1.577<\/li>\n\n\n\n<li>\u00a0 Produ\u00e7\u00e3o Docente cadastrada:\u00a012.070<\/li>\n<\/ul>\n\n\n\n<p class=\"wp-block-paragraph\"><strong>Circula\u00e7\u00e3o<\/strong><\/p>\n\n\n\n<ul class=\"wp-block-list\">\n<li>Empr\u00e9stimos + Renova\u00e7\u00f5es: 33.113<\/li>\n\n\n\n<li>Consultas:\u00a08.911<\/li>\n\n\n\n<li>EEB fornecido: 242<\/li>\n\n\n\n<li>Frequ\u00eancia: 71.679<\/li>\n<\/ul>\n\n\n\n<p class=\"wp-block-paragraph\"><strong>Instala\u00e7\u00f5es<\/strong><\/p>\n\n\n\n<ul class=\"wp-block-list\">\n<li>Espa\u00e7o f\u00edsico: 1.642,42m\u00b2<\/li>\n\n\n\n<li>Total de assentos na Biblioteca: 221<\/li>\n\n\n\n<li>Total de salas de estudo: 13<\/li>\n<\/ul>\n\n\n\n<div class=\"wp-block-group\"><div class=\"wp-block-group__inner-container is-layout-flow wp-block-group-is-layout-flow\">\n<p class=\"wp-block-paragraph\" style=\"font-size:14px\">\u00a0\u00a0 \u00a0 \u00a0 \u00a0 \u00a0 \u00a0 \u00a0 \u00a0 \u00a0 \u00a0Salas de estudo em grupo: 06<\/p>\n<\/div><\/div>\n\n\n\n<div class=\"wp-block-group\"><div class=\"wp-block-group__inner-container is-layout-flow wp-block-group-is-layout-flow\">\n<p class=\"wp-block-paragraph\" style=\"font-size:14px\">\u00a0\u00a0 \u00a0 \u00a0 \u00a0 \u00a0 \u00a0 \u00a0 \u00a0 \u00a0 \u00a0Salas de estudo em dupla: 06<\/p>\n<\/div><\/div>\n\n\n\n<div class=\"wp-block-group\"><div class=\"wp-block-group__inner-container is-layout-flow wp-block-group-is-layout-flow\">\n<p class=\"wp-block-paragraph\" style=\"font-size:14px\">\u00a0\u00a0 \u00a0 \u00a0 \u00a0 \u00a0 \u00a0 \u00a0 \u00a0 \u00a0 \u00a0Sal\u00e3o de estudos com mesas individuais: 01\u00a0<\/p>\n<\/div><\/div>\n\n\n\n<p class=\"wp-block-paragraph\"><strong>Equipamentos<\/strong><\/p>\n\n\n\n<ul class=\"wp-block-list\">\n<li>Computadores para usu\u00e1rios: 12<\/li>\n\n\n\n<li>Scanner planet\u00e1rio de autoatendimento: 01<\/li>\n<\/ul>\n\n\n\n<p class=\"wp-block-paragraph\"><strong>Equipe<\/strong><\/p>\n\n\n\n<ul class=\"wp-block-list\">\n<li>05 Bibliotec\u00e1rios<\/li>\n\n\n\n<li>03 T\u00e9cnicos administrativos<\/li>\n\n\n\n<li>03 Auxiliares<\/li>\n<\/ul>\n\n\n\n<p class=\"wp-block-paragraph\"><em><strong>\u00daltima atualiza\u00e7\u00e3o: 31.12.2023<\/strong><\/em><\/p>\n","protected":false},"excerpt":{"rendered":"<p>Total do acervo Circula\u00e7\u00e3o Instala\u00e7\u00f5es \u00a0\u00a0 \u00a0 \u00a0 \u00a0 \u00a0 \u00a0 \u00a0 \u00a0 \u00a0 \u00a0Salas de estudo em grupo: 06 \u00a0\u00a0 \u00a0 \u00a0 \u00a0 \u00a0 \u00a0 \u00a0 \u00a0 \u00a0 \u00a0Salas de estudo em dupla: 06 \u00a0\u00a0 \u00a0 \u00a0 \u00a0 \u00a0 <a href=\"https:\/\/www.ime.usp.br\/bib\/sobre\/quem-somos\/biblioteca-em-numeros\/\" class=\"read-more\">Leia mais &#8230;<\/a><\/p>\n","protected":false},"author":2,"featured_media":0,"parent":250,"menu_order":2,"comment_status":"closed","ping_status":"closed","template":"","meta":{"_coblocks_attr":"","_coblocks_dimensions":"","_coblocks_responsive_height":"","_coblocks_accordion_ie_support":"","_crdt_document":"","_uag_custom_page_level_css":"","_EventAllDay":false,"_EventTimezone":"","_EventStartDate":"","_EventEndDate":"","_EventStartDateUTC":"","_EventEndDateUTC":"","_EventShowMap":false,"_EventShowMapLink":false,"_EventURL":"","_EventCost":"","_EventCostDescription":"","_EventCurrencySymbol":"","_EventCurrencyCode":"","_EventCurrencyPosition":"","_EventDateTimeSeparator":"","_EventTimeRangeSeparator":"","_EventOrganizerID":[],"_EventVenueID":[],"_OrganizerEmail":"","_OrganizerPhone":"","_OrganizerWebsite":"","_VenueAddress":"","_VenueCity":"","_VenueCountry":"","_VenueProvince":"","_VenueState":"","_VenueZip":"","_VenuePhone":"","_VenueURL":"","_VenueStateProvince":"","_VenueLat":"","_VenueLng":"","_VenueShowMap":false,"_VenueShowMapLink":false,"footnotes":""},"class_list":["post-252","page","type-page","status-publish","hentry"],"uagb_featured_image_src":{"full":false,"thumbnail":false,"medium":false,"medium_large":false,"large":false,"1536x1536":false,"2048x2048":false,"education-hub-thumb":false},"uagb_author_info":{"display_name":"Stela Madruga","author_link":"https:\/\/www.ime.usp.br\/bib\/author\/stela\/"},"uagb_comment_info":0,"uagb_excerpt":"Total do acervo Circula\u00e7\u00e3o Instala\u00e7\u00f5es \u00a0\u00a0 \u00a0 \u00a0 \u00a0 \u00a0 \u00a0 \u00a0 \u00a0 \u00a0 \u00a0Salas de estudo em grupo: 06 \u00a0\u00a0 \u00a0 \u00a0 \u00a0 \u00a0 \u00a0 \u00a0 \u00a0 \u00a0 \u00a0Salas de estudo em dupla: 06 \u00a0\u00a0 \u00a0 \u00a0 \u00a0 \u00a0 Leia mais ...","_links":{"self":[{"href":"https:\/\/www.ime.usp.br\/bib\/wp-json\/wp\/v2\/pages\/252","targetHints":{"allow":["GET"]}}],"collection":[{"href":"https:\/\/www.ime.usp.br\/bib\/wp-json\/wp\/v2\/pages"}],"about":[{"href":"https:\/\/www.ime.usp.br\/bib\/wp-json\/wp\/v2\/types\/page"}],"author":[{"embeddable":true,"href":"https:\/\/www.ime.usp.br\/bib\/wp-json\/wp\/v2\/users\/2"}],"replies":[{"embeddable":true,"href":"https:\/\/www.ime.usp.br\/bib\/wp-json\/wp\/v2\/comments?post=252"}],"version-history":[{"count":19,"href":"https:\/\/www.ime.usp.br\/bib\/wp-json\/wp\/v2\/pages\/252\/revisions"}],"predecessor-version":[{"id":4751,"href":"https:\/\/www.ime.usp.br\/bib\/wp-json\/wp\/v2\/pages\/252\/revisions\/4751"}],"up":[{"embeddable":true,"href":"https:\/\/www.ime.usp.br\/bib\/wp-json\/wp\/v2\/pages\/250"}],"wp:attachment":[{"href":"https:\/\/www.ime.usp.br\/bib\/wp-json\/wp\/v2\/media?parent=252"}],"curies":[{"name":"wp","href":"https:\/\/api.w.org\/{rel}","templated":true}]}}