{"id":2,"date":"2019-04-05T13:27:08","date_gmt":"2019-04-05T16:27:08","guid":{"rendered":"http:\/\/www2.ime.usp.br:8088\/biblioteca\/?page_id=2"},"modified":"2020-03-28T19:42:49","modified_gmt":"2020-03-28T22:42:49","slug":"sobre-a-biblioteca","status":"publish","type":"page","link":"https:\/\/www.ime.usp.br\/bib\/","title":{"rendered":"Home"},"content":{"rendered":"\n<blockquote class=\"wp-block-quote is-layout-flow wp-block-quote-is-layout-flow\"><p>Site da Biblioteca Carlos Benjamin de Lyra do Instituto de Matem\u00e1tica e Estat\u00edstica da Universidade de S\u00e3o Paulo (IME-USP).<\/p><\/blockquote>\n","protected":false},"excerpt":{"rendered":"<p>Site da Biblioteca Carlos Benjamin de Lyra do Instituto de Matem\u00e1tica e Estat\u00edstica da Universidade de S\u00e3o Paulo (IME-USP).<\/p>\n","protected":false},"author":1,"featured_media":0,"parent":0,"menu_order":1,"comment_status":"closed","ping_status":"closed","template":"","meta":{"_coblocks_attr":"","_coblocks_dimensions":"","_coblocks_responsive_height":"","_coblocks_accordion_ie_support":"","_crdt_document":"","_uag_custom_page_level_css":"","_EventAllDay":false,"_EventTimezone":"","_EventStartDate":"","_EventEndDate":"","_EventStartDateUTC":"","_EventEndDateUTC":"","_EventShowMap":false,"_EventShowMapLink":false,"_EventURL":"","_EventCost":"","_EventCostDescription":"","_EventCurrencySymbol":"","_EventCurrencyCode":"","_EventCurrencyPosition":"","_EventDateTimeSeparator":"","_EventTimeRangeSeparator":"","_EventOrganizerID":[],"_EventVenueID":[],"_OrganizerEmail":"","_OrganizerPhone":"","_OrganizerWebsite":"","_VenueAddress":"","_VenueCity":"","_VenueCountry":"","_VenueProvince":"","_VenueState":"","_VenueZip":"","_VenuePhone":"","_VenueURL":"","_VenueStateProvince":"","_VenueLat":"","_VenueLng":"","_VenueShowMap":false,"_VenueShowMapLink":false,"footnotes":""},"class_list":["post-2","page","type-page","status-publish","hentry"],"uagb_featured_image_src":{"full":false,"thumbnail":false,"medium":false,"medium_large":false,"large":false,"1536x1536":false,"2048x2048":false,"education-hub-thumb":false},"uagb_author_info":{"display_name":"admin","author_link":"https:\/\/www.ime.usp.br\/bib\/author\/admin\/"},"uagb_comment_info":0,"uagb_excerpt":"Site da Biblioteca Carlos Benjamin de Lyra do Instituto de Matem\u00e1tica e Estat\u00edstica da Universidade de S\u00e3o Paulo (IME-USP).","_links":{"self":[{"href":"https:\/\/www.ime.usp.br\/bib\/wp-json\/wp\/v2\/pages\/2","targetHints":{"allow":["GET"]}}],"collection":[{"href":"https:\/\/www.ime.usp.br\/bib\/wp-json\/wp\/v2\/pages"}],"about":[{"href":"https:\/\/www.ime.usp.br\/bib\/wp-json\/wp\/v2\/types\/page"}],"author":[{"embeddable":true,"href":"https:\/\/www.ime.usp.br\/bib\/wp-json\/wp\/v2\/users\/1"}],"replies":[{"embeddable":true,"href":"https:\/\/www.ime.usp.br\/bib\/wp-json\/wp\/v2\/comments?post=2"}],"version-history":[{"count":5,"href":"https:\/\/www.ime.usp.br\/bib\/wp-json\/wp\/v2\/pages\/2\/revisions"}],"predecessor-version":[{"id":1196,"href":"https:\/\/www.ime.usp.br\/bib\/wp-json\/wp\/v2\/pages\/2\/revisions\/1196"}],"wp:attachment":[{"href":"https:\/\/www.ime.usp.br\/bib\/wp-json\/wp\/v2\/media?parent=2"}],"curies":[{"name":"wp","href":"https:\/\/api.w.org\/{rel}","templated":true}]}}