{"id":141,"date":"2019-04-24T11:02:15","date_gmt":"2019-04-24T14:02:15","guid":{"rendered":"http:\/\/www2.ime.usp.br:8088\/biblioteca\/?page_id=141"},"modified":"2025-09-05T16:03:02","modified_gmt":"2025-09-05T19:03:02","slug":"contato","status":"publish","type":"page","link":"https:\/\/www.ime.usp.br\/bib\/contato\/","title":{"rendered":"Fale Conosco"},"content":{"rendered":"\n<h3 class=\"wp-block-heading has-text-align-center\"><strong>Biblioteca Carlos Benjamin de Lyra<\/strong><\/h3>\n\n\n\n<p class=\"wp-block-paragraph\"><\/p>\n\n\n<figure class=\"wp-block-post-featured-image\"><img loading=\"lazy\" decoding=\"async\" width=\"1600\" height=\"721\" src=\"https:\/\/www.ime.usp.br\/bib\/wp-content\/uploads\/2022\/11\/Biblioteca-IME.jpg\" class=\"attachment-post-thumbnail size-post-thumbnail wp-post-image\" alt=\"\" style=\"object-fit:cover;\" srcset=\"https:\/\/www.ime.usp.br\/bib\/wp-content\/uploads\/2022\/11\/Biblioteca-IME.jpg 1600w, https:\/\/www.ime.usp.br\/bib\/wp-content\/uploads\/2022\/11\/Biblioteca-IME-300x135.jpg 300w, https:\/\/www.ime.usp.br\/bib\/wp-content\/uploads\/2022\/11\/Biblioteca-IME-1024x461.jpg 1024w, https:\/\/www.ime.usp.br\/bib\/wp-content\/uploads\/2022\/11\/Biblioteca-IME-768x346.jpg 768w, https:\/\/www.ime.usp.br\/bib\/wp-content\/uploads\/2022\/11\/Biblioteca-IME-1536x692.jpg 1536w, https:\/\/www.ime.usp.br\/bib\/wp-content\/uploads\/2022\/11\/Biblioteca-IME-360x162.jpg 360w\" sizes=\"auto, (max-width: 1600px) 100vw, 1600px\" \/><\/figure>\n\n<div class=\"wpforms-container wpforms-container-full\" id=\"wpforms-1203\"><form id=\"wpforms-form-1203\" class=\"wpforms-validate wpforms-form\" data-formid=\"1203\" method=\"post\" enctype=\"multipart\/form-data\" action=\"\/bib\/wp-json\/wp\/v2\/pages\/141\" data-token=\"714db3412005ab1b54162781bebed53d\" data-token-time=\"1778098221\"><noscript class=\"wpforms-error-noscript\">Ative o JavaScript no seu navegador para preencher este formul\u00e1rio.<\/noscript><div class=\"wpforms-field-container\"><div id=\"wpforms-1203-field_0-container\" class=\"wpforms-field wpforms-field-name\" data-field-id=\"0\"><label class=\"wpforms-field-label\">Nome <span class=\"wpforms-required-label\">*<\/span><\/label><div class=\"wpforms-field-row wpforms-field-medium\"><div class=\"wpforms-field-row-block wpforms-first wpforms-one-half\"><input type=\"text\" id=\"wpforms-1203-field_0\" class=\"wpforms-field-name-first wpforms-field-required\" name=\"wpforms[fields][0][first]\" required><label for=\"wpforms-1203-field_0\" class=\"wpforms-field-sublabel after\">Nome<\/label><\/div><div class=\"wpforms-field-row-block wpforms-one-half\"><input type=\"text\" id=\"wpforms-1203-field_0-last\" class=\"wpforms-field-name-last wpforms-field-required\" name=\"wpforms[fields][0][last]\" required><label for=\"wpforms-1203-field_0-last\" class=\"wpforms-field-sublabel after\">Sobrenome<\/label><\/div><\/div><\/div><div id=\"wpforms-1203-field_1-container\" class=\"wpforms-field wpforms-field-email\" data-field-id=\"1\"><label class=\"wpforms-field-label\" for=\"wpforms-1203-field_1\">E-mail <span class=\"wpforms-required-label\">*<\/span><\/label><input type=\"email\" id=\"wpforms-1203-field_1\" class=\"wpforms-field-medium wpforms-field-required\" name=\"wpforms[fields][1]\" spellcheck=\"false\" required><\/div><div id=\"wpforms-1203-field_2-container\" class=\"wpforms-field wpforms-field-textarea\" data-field-id=\"2\"><label class=\"wpforms-field-label\" for=\"wpforms-1203-field_2\">Coment\u00e1rio ou Mensagem <span class=\"wpforms-required-label\">*<\/span><\/label><textarea id=\"wpforms-1203-field_2\" class=\"wpforms-field-medium wpforms-field-required\" name=\"wpforms[fields][2]\" required><\/textarea><\/div><\/div><!-- .wpforms-field-container --><div class=\"wpforms-field wpforms-field-hp\"><label for=\"wpforms-1203-field-hp\" class=\"wpforms-field-label\">Phone<\/label><input type=\"text\" name=\"wpforms[hp]\" id=\"wpforms-1203-field-hp\" class=\"wpforms-field-medium\"><\/div><div class=\"wpforms-recaptcha-container wpforms-is-recaptcha wpforms-is-recaptcha-type-v2\" ><div class=\"g-recaptcha\" data-sitekey=\"6LcxTuUUAAAAALfAmaBIJhAh5biODJXOqUneCR-8\"><\/div><input type=\"text\" name=\"g-recaptcha-hidden\" class=\"wpforms-recaptcha-hidden\" style=\"position:absolute!important;clip:rect(0,0,0,0)!important;height:1px!important;width:1px!important;border:0!important;overflow:hidden!important;padding:0!important;margin:0!important;\" data-rule-recaptcha=\"1\"><\/div><div class=\"wpforms-submit-container\" ><input type=\"hidden\" name=\"wpforms[id]\" value=\"1203\"><input type=\"hidden\" name=\"page_title\" value=\"\"><input type=\"hidden\" name=\"page_url\" value=\"https:\/\/www.ime.usp.br\/bib\/wp-json\/wp\/v2\/pages\/141\"><input type=\"hidden\" name=\"url_referer\" value=\"\"><button type=\"submit\" name=\"wpforms[submit]\" id=\"wpforms-submit-1203\" class=\"wpforms-submit\" data-alt-text=\"Enviando...\" data-submit-text=\"Enviar\" aria-live=\"assertive\" value=\"wpforms-submit\">Enviar<\/button><\/div><\/form><\/div>  <!-- .wpforms-container -->\n\n\n\n<div class=\"wp-block-uagb-container uagb-block-fbbb386d default uagb-is-root-container\">\n<div class=\"wp-block-columns is-layout-flex wp-container-core-columns-is-layout-8f761849 wp-block-columns-is-layout-flex\">\n<div class=\"wp-block-column is-layout-flow wp-block-column-is-layout-flow\" style=\"flex-basis:100%\">\n<div class=\"wp-block-uagb-container uagb-block-2d00f32e\">\n<div class=\"wp-block-group alignwide\"><div class=\"wp-block-group__inner-container is-layout-constrained wp-block-group-is-layout-constrained\">\n<div class=\"wp-block-columns is-layout-flex wp-container-core-columns-is-layout-8f761849 wp-block-columns-is-layout-flex\">\n<div class=\"wp-block-column is-layout-flow wp-block-column-is-layout-flow\" style=\"flex-basis:100%\">\n<div class=\"wp-block-uagb-container uagb-block-70c6f185\">\n<div class=\"wp-block-uagb-container uagb-block-89d79763\">\n<div class=\"wp-block-group\"><div class=\"wp-block-group__inner-container is-layout-constrained wp-block-group-is-layout-constrained\">\n<p class=\"has-very-dark-gray-color has-text-color wp-block-paragraph\"><img loading=\"lazy\" decoding=\"async\" width=\"27\" height=\"35\" class=\"wp-image-1204\" style=\"width: 27px;\" src=\"https:\/\/www.ime.usp.br\/bib\/wp-content\/uploads\/2020\/03\/telefone_red.png\" alt=\"\">  <strong>+55 11 3091-6174 \/ 6109<\/strong>  <\/p>\n\n\n\n<p class=\"wp-block-paragraph\">&nbsp;<img loading=\"lazy\" decoding=\"async\" width=\"30\" height=\"20\" class=\"wp-image-1205\" style=\"width: 30px;\" src=\"https:\/\/www.ime.usp.br\/bib\/wp-content\/uploads\/2020\/03\/email_red.png\" alt=\"\">  <a href=\"mailto:bib@ime.usp.br\"><strong>bib@ime.usp.br<\/strong><\/a><\/p>\n\n\n\n<p class=\"wp-block-paragraph\">\u00a0<img loading=\"lazy\" decoding=\"async\" width=\"30\" height=\"20\" class=\"wp-image-1205\" style=\"width: 30px;\" src=\"https:\/\/www.ime.usp.br\/bib\/wp-content\/uploads\/2020\/03\/email_red.png\" alt=\"\"> <a href=\"mailto:bib@ime.usp.br\"><strong>atendimento.bib@ime.usp.br<\/strong><\/a><\/p>\n\n\n\n<p class=\"has-normal-font-size wp-block-paragraph\"><a aria-label=\"\ufffc (abre numa nova aba)\" href=\"https:\/\/wa.me\/551130916174\" target=\"_blank\" rel=\"noreferrer noopener\"><img loading=\"lazy\" decoding=\"async\" width=\"32\" height=\"32\" class=\"wp-image-1207\" style=\"width: 32px;\" src=\"https:\/\/www.ime.usp.br\/bib\/wp-content\/uploads\/2020\/03\/whatsapp_redondo_red.png\" alt=\"\"><\/a>&nbsp;  <a href=\"https:\/\/wa.me\/551130916174\" target=\"_blank\" rel=\"noreferrer noopener\"><strong>WhatsApp<\/strong><\/a> (de 2\u00aa a 6\u00aa, das 10h \u00e0s 17h)<\/p>\n\n\n\n<p class=\"wp-block-paragraph\"><strong>Endere\u00e7o:&nbsp;<\/strong>Rua do Mat\u00e3o, 1010, Bloco A \u2013 CEP 05508-090 \u2013 S\u00e3o Paulo \u2013 SP&nbsp;<\/p>\n<\/div><\/div>\n\n\n\n<p class=\"wp-block-paragraph\"><\/p>\n\n\n\n<h2 class=\"wp-block-heading\">Ver tamb\u00e9m:<\/h2>\n\n\n\n<ul class=\"wp-block-list\">\n<li><a href=\"https:\/\/www.ime.usp.br\/bib\/servicos\/como-funciona\/horario-de-funcionamento\/\" target=\"_blank\" rel=\"noreferrer noopener\">Hor\u00e1rio de funcionamento<\/a><\/li>\n<\/ul>\n\n\n\n<p class=\"wp-block-paragraph\"><\/p>\n<\/div>\n<\/div>\n<\/div>\n<\/div>\n<\/div><\/div>\n<\/div>\n<\/div>\n<\/div>\n<\/div>\n\n\n\n<div style=\"height:20px\" aria-hidden=\"true\" class=\"wp-block-spacer\"><\/div>\n","protected":false},"excerpt":{"rendered":"<p>Biblioteca Carlos Benjamin de Lyra +55 11 3091-6174 \/ 6109 &nbsp; bib@ime.usp.br \u00a0 atendimento.bib@ime.usp.br &nbsp; WhatsApp (de 2\u00aa a 6\u00aa, das 10h \u00e0s 17h) Endere\u00e7o:&nbsp;Rua do Mat\u00e3o, 1010, Bloco A \u2013 CEP 05508-090 \u2013 S\u00e3o Paulo \u2013 SP&nbsp; Ver tamb\u00e9m:<\/p>\n","protected":false},"author":2,"featured_media":3592,"parent":0,"menu_order":7,"comment_status":"closed","ping_status":"closed","template":"","meta":{"_coblocks_attr":"","_coblocks_dimensions":"","_coblocks_responsive_height":"","_coblocks_accordion_ie_support":"","_crdt_document":"","_uag_custom_page_level_css":"","_EventAllDay":false,"_EventTimezone":"","_EventStartDate":"","_EventEndDate":"","_EventStartDateUTC":"","_EventEndDateUTC":"","_EventShowMap":false,"_EventShowMapLink":false,"_EventURL":"","_EventCost":"","_EventCostDescription":"","_EventCurrencySymbol":"","_EventCurrencyCode":"","_EventCurrencyPosition":"","_EventDateTimeSeparator":"","_EventTimeRangeSeparator":"","_EventOrganizerID":[],"_EventVenueID":[],"_OrganizerEmail":"","_OrganizerPhone":"","_OrganizerWebsite":"","_VenueAddress":"","_VenueCity":"","_VenueCountry":"","_VenueProvince":"","_VenueState":"","_VenueZip":"","_VenuePhone":"","_VenueURL":"","_VenueStateProvince":"","_VenueLat":"","_VenueLng":"","_VenueShowMap":false,"_VenueShowMapLink":false,"footnotes":""},"class_list":["post-141","page","type-page","status-publish","has-post-thumbnail","hentry"],"uagb_featured_image_src":{"full":["https:\/\/www.ime.usp.br\/bib\/wp-content\/uploads\/2022\/11\/Biblioteca-IME.jpg",1600,721,false],"thumbnail":["https:\/\/www.ime.usp.br\/bib\/wp-content\/uploads\/2022\/11\/Biblioteca-IME-150x150.jpg",150,150,true],"medium":["https:\/\/www.ime.usp.br\/bib\/wp-content\/uploads\/2022\/11\/Biblioteca-IME-300x135.jpg",300,135,true],"medium_large":["https:\/\/www.ime.usp.br\/bib\/wp-content\/uploads\/2022\/11\/Biblioteca-IME-768x346.jpg",768,346,true],"large":["https:\/\/www.ime.usp.br\/bib\/wp-content\/uploads\/2022\/11\/Biblioteca-IME-1024x461.jpg",847,381,true],"1536x1536":["https:\/\/www.ime.usp.br\/bib\/wp-content\/uploads\/2022\/11\/Biblioteca-IME-1536x692.jpg",1536,692,true],"2048x2048":["https:\/\/www.ime.usp.br\/bib\/wp-content\/uploads\/2022\/11\/Biblioteca-IME.jpg",1600,721,false],"education-hub-thumb":["https:\/\/www.ime.usp.br\/bib\/wp-content\/uploads\/2022\/11\/Biblioteca-IME-360x162.jpg",360,162,true]},"uagb_author_info":{"display_name":"Stela Madruga","author_link":"https:\/\/www.ime.usp.br\/bib\/author\/stela\/"},"uagb_comment_info":0,"uagb_excerpt":"Biblioteca Carlos Benjamin de Lyra +55 11 3091-6174 \/ 6109 &nbsp; bib@ime.usp.br \u00a0 atendimento.bib@ime.usp.br &nbsp; WhatsApp (de 2\u00aa a 6\u00aa, das 10h \u00e0s 17h) Endere\u00e7o:&nbsp;Rua do Mat\u00e3o, 1010, Bloco A \u2013 CEP 05508-090 \u2013 S\u00e3o Paulo \u2013 SP&nbsp; Ver tamb\u00e9m:","_links":{"self":[{"href":"https:\/\/www.ime.usp.br\/bib\/wp-json\/wp\/v2\/pages\/141","targetHints":{"allow":["GET"]}}],"collection":[{"href":"https:\/\/www.ime.usp.br\/bib\/wp-json\/wp\/v2\/pages"}],"about":[{"href":"https:\/\/www.ime.usp.br\/bib\/wp-json\/wp\/v2\/types\/page"}],"author":[{"embeddable":true,"href":"https:\/\/www.ime.usp.br\/bib\/wp-json\/wp\/v2\/users\/2"}],"replies":[{"embeddable":true,"href":"https:\/\/www.ime.usp.br\/bib\/wp-json\/wp\/v2\/comments?post=141"}],"version-history":[{"count":27,"href":"https:\/\/www.ime.usp.br\/bib\/wp-json\/wp\/v2\/pages\/141\/revisions"}],"predecessor-version":[{"id":4912,"href":"https:\/\/www.ime.usp.br\/bib\/wp-json\/wp\/v2\/pages\/141\/revisions\/4912"}],"wp:featuredmedia":[{"embeddable":true,"href":"https:\/\/www.ime.usp.br\/bib\/wp-json\/wp\/v2\/media\/3592"}],"wp:attachment":[{"href":"https:\/\/www.ime.usp.br\/bib\/wp-json\/wp\/v2\/media?parent=141"}],"curies":[{"name":"wp","href":"https:\/\/api.w.org\/{rel}","templated":true}]}}